{"id":33691,"date":"2023-01-13T14:37:50","date_gmt":"2023-01-13T14:37:50","guid":{"rendered":"https:\/\/www.mysexualfantasy.eu\/?post_type=product&#038;p=33691"},"modified":"2023-12-06T16:06:03","modified_gmt":"2023-12-06T16:06:03","slug":"moressa-lauren-control-remoto-estimulador-para-parejas","status":"publish","type":"product","link":"https:\/\/www.mysexualfantasy.eu\/en\/product\/moressa-lauren-control-remoto-estimulador-para-parejas\/","title":{"rendered":"MORESSA LAUREN CONTROL REMOTO ESTIMULADOR PARA PAREJAS"},"content":{"rendered":"<p>\u00a1Permita que Lauren de Moressa combine sus puntos sensibles con placer puro simult\u00e1neamente!<\/p>\n<p>A primera vista, este vibrador dual diab\u00f3licamente creativo parece usarse solo para uso individual, sin embargo, este juguete multifuncional se puede usar durante el sexo y tiene el potencial de complacer a ambos socios para una experiencia mejorada.<\/p>\n<p>Colocados estrat\u00e9gicamente en la varita de estimulaci\u00f3n vaginal y el estimulador anal, los dos motores potentes pero susurrantes brindan un placer intenso. Ya sea que est\u00e9 deseando un poco de bromas interminables o una penetraci\u00f3n y satisfacci\u00f3n total, explore los 10 modos de vibraci\u00f3n. Elija entre una multitud de configuraciones lentas y estables, hasta r\u00e1pidas sacudidas de los dedos de los pies o pulsaciones suaves y espor\u00e1dicas.<\/p>\n<p>Completamente cubierto de silicona 100%, la piel suave y sedosa de este juguete vibrante de doble motor es hipoalerg\u00e9nico y seguro y suave al tacto.<\/p>\n<p>El fondo bulboso, grueso y redondo, est\u00e1 texturizado con curvas y liso para facilitar la inserci\u00f3n y la recuperaci\u00f3n. Conecte el cable USB incluido al puerto en la parte posterior de Lauren \u00a0durante 70 minutos para disfrutar de 40 minutos de tiempo de juego ultra satisfactorio.<\/p>\n<p>El juguete de Moressa de doble penetraci\u00f3n es 100% sumergible categor\u00eda IPX7<\/p>\n<p>2 MOTORES PARA DOBLE FELICIDAD<\/p>\n<p>Lauren garantiza momentos inolvidables y compartidos: durante el sexo, el vibrador en forma de U simplemente se inserta para que ambas partes puedan disfrutar de las vibraciones intensas. Mientras que un eje estimula tu cl\u00edtoris desde el exterior, el otro lado del juguete asegura una tensi\u00f3n seductora dentro de su sello de amor. Ambos extremos vibran igualmente poderosamente gracias a los dos motores. El eje interno estimula tanto su punto G como su mejor pieza cuando lo enciendes y apagas.<\/p>\n<p>Se puede controlar de forma inal\u00e1mbrica con el mando a distancia incluido, lo que hace que sus experiencias sensuales sean m\u00e1s creativas y excitantes.<\/p>\n<p>Caracter\u00edsticas;<\/p>\n<ul>\n<li>100% Silicona suave y sedosa<\/li>\n<li>Medidas; 85*38\/85*34mm<\/li>\n<li>Pesa tan solo 120 gramos<\/li>\n<li>10 Modos de vibraci\u00f3n<\/li>\n<li>Tiempo de carga 70 minutos para 40 minutos de intensa vibraci\u00f3n.<\/li>\n<li>Sumergible categor\u00eda IPX7<\/li>\n<li>Recargable v\u00eda USB.<\/li>\n<\/ul>\n<p>MATERIAL Y CUIDADO<\/p>\n<p>El Material de Moressa\u00a0 que no da\u00f1a la piel, no es poroso y, por lo tanto, es muy higi\u00e9nico. La textura suave y flexible asegura que la silicona sea agradable y f\u00e1cil de deslizar. Absorbe y almacena r\u00e1pidamente el calor de su cuerpo. Para el uso de lubricantes, recomendamos un lubricante a base de agua Waterfeel. Esto es suave con el material y garantiza que mantenga la textura durante mucho tiempo.\u00a0 Despu\u00e9s de utilizarlo l\u00edmpialo con el waterfeel toy cleaner o jab\u00f3n ph neutro y agua tibia para una perfecta limpieza.<\/p>\n<p>Pero esto no es todo, juega con garant\u00eda porque te ofrecemos 2 a\u00f1os de garant\u00eda para que tu juguete dure mucho tiempo.<\/p>","protected":false},"excerpt":{"rendered":"<p>MORESSA LAUREN REMOTE CONTROL PARTNER STIMULATOR<\/p>","protected":false},"featured_media":69672,"comment_status":"open","ping_status":"closed","template":"","meta":{"_monsterinsights_skip_tracking":false,"_monsterinsights_sitenote_active":false,"_monsterinsights_sitenote_note":"","_monsterinsights_sitenote_category":0,"_joinchat":[]},"product_brand":[],"product_cat":[1193,1156,1152,1155,1165,1163,1309,1153],"product_tag":[],"class_list":{"0":"post-33691","1":"product","2":"type-product","3":"status-publish","4":"has-post-thumbnail","6":"product_cat-juguetes-bienestar-vibradores100-sumergible","7":"product_cat-juguetes-bienestar-juguetes-para-mujeresestimuladores","8":"product_cat-juguetes-bienestar","9":"product_cat-juguetes-bienestar-juguetes-para-mujeres","10":"product_cat-juguetes-bienestar-juguetes-para-mujeresmasturbadores-para-ellas","11":"product_cat-juguetes-bienestar-juguetes-para-mujeresestimuladorespara-clitoris","12":"product_cat-juguetes-bienestar-juguetes-para-mujerespunto-g","13":"product_cat-juguetes-bienestar-vibradores","14":"yith_product_brand-moressa","16":"first","17":"instock","18":"taxable","19":"shipping-taxable","20":"purchasable","21":"product-type-simple"},"aioseo_notices":[],"_links":{"self":[{"href":"https:\/\/www.mysexualfantasy.eu\/en\/wp-json\/wp\/v2\/product\/33691","targetHints":{"allow":["GET"]}}],"collection":[{"href":"https:\/\/www.mysexualfantasy.eu\/en\/wp-json\/wp\/v2\/product"}],"about":[{"href":"https:\/\/www.mysexualfantasy.eu\/en\/wp-json\/wp\/v2\/types\/product"}],"replies":[{"embeddable":true,"href":"https:\/\/www.mysexualfantasy.eu\/en\/wp-json\/wp\/v2\/comments?post=33691"}],"wp:featuredmedia":[{"embeddable":true,"href":"https:\/\/www.mysexualfantasy.eu\/en\/wp-json\/wp\/v2\/media\/69672"}],"wp:attachment":[{"href":"https:\/\/www.mysexualfantasy.eu\/en\/wp-json\/wp\/v2\/media?parent=33691"}],"wp:term":[{"taxonomy":"product_brand","embeddable":true,"href":"https:\/\/www.mysexualfantasy.eu\/en\/wp-json\/wp\/v2\/product_brand?post=33691"},{"taxonomy":"product_cat","embeddable":true,"href":"https:\/\/www.mysexualfantasy.eu\/en\/wp-json\/wp\/v2\/product_cat?post=33691"},{"taxonomy":"product_tag","embeddable":true,"href":"https:\/\/www.mysexualfantasy.eu\/en\/wp-json\/wp\/v2\/product_tag?post=33691"}],"curies":[{"name":"wp","href":"https:\/\/api.w.org\/{rel}","templated":true}]}}