{"id":33727,"date":"2023-01-13T13:41:01","date_gmt":"2023-01-13T13:41:01","guid":{"rendered":"https:\/\/www.mysexualfantasy.eu\/?post_type=product&#038;p=33727"},"modified":"2023-12-06T16:06:01","modified_gmt":"2023-12-06T16:06:01","slug":"rocks-off-silhouette-be-mine-pack-para-parejas","status":"publish","type":"product","link":"https:\/\/www.mysexualfantasy.eu\/en\/product\/rocks-off-silhouette-be-mine-pack-para-parejas\/","title":{"rendered":"ROCKS-OFF SILHOUETTE &#8211; BE MINE PACK PARA PAREJAS"},"content":{"rendered":"<p><strong>4US<\/strong><\/p>\n<p>Un producto de placer vibratorio \u00fanico dise\u00f1ado pensando en parejas. 4US se deslizar\u00e1 con facilidad y se adaptar\u00e1 c\u00f3modamente en su lugar, dando el doble de diversi\u00f3n tanto para usted como para su pareja.<\/p>\n<p><strong>Bubbles<\/strong><\/p>\n<p>Descubre la placentera experiencia\u00a0del juego anal con Bubbles. La base firme en forma de T se ajustar\u00e1\u00a0firmemente a su cuerpo mientras que las potentes vibraciones viajan hacia arriba para\u00a0satisfacer plenamente .<\/p>\n<p><strong>Tease n please<\/strong><\/p>\n<p>7 ajustes\u00a0adictivos de \u00e9xtasis puro ser\u00e1n tuyos con esta poderosa bala de placer.<\/p>\n<ul>\n<li>Silicona aterciopelada<\/li>\n<li>Estimulaci\u00f3n interna y externa<\/li>\n<li>7 potentes funciones<\/li>\n<li>100% impermeable<\/li>\n<li>Bater\u00eda incluida<\/li>\n<\/ul>\n<p>\u00a0<\/p>","protected":false},"excerpt":{"rendered":"<p>ROCKS-OFF SILHOUETTE &#8211; BE MINE PACK FOR COUPLES<\/p>","protected":false},"featured_media":60417,"comment_status":"open","ping_status":"closed","template":"","meta":{"_monsterinsights_skip_tracking":false,"_monsterinsights_sitenote_active":false,"_monsterinsights_sitenote_note":"","_monsterinsights_sitenote_category":0,"_joinchat":[]},"product_brand":[],"product_cat":[1162,1156,1152,1155,1185,1189,1309,1153],"product_tag":[],"class_list":{"0":"post-33727","1":"product","2":"type-product","3":"status-publish","4":"has-post-thumbnail","6":"product_cat-juguetes-bienestar-anal","7":"product_cat-juguetes-bienestar-juguetes-para-mujeresestimuladores","8":"product_cat-juguetes-bienestar","9":"product_cat-juguetes-bienestar-juguetes-para-mujeres","10":"product_cat-juguetes-bienestar-kits-juguetes-sexuales","11":"product_cat-juguetes-bienestar-analplugs-anales","12":"product_cat-juguetes-bienestar-juguetes-para-mujerespunto-g","13":"product_cat-juguetes-bienestar-vibradores","14":"yith_product_brand-rocks-off","16":"first","17":"instock","18":"taxable","19":"shipping-taxable","20":"purchasable","21":"product-type-simple"},"aioseo_notices":[],"_links":{"self":[{"href":"https:\/\/www.mysexualfantasy.eu\/en\/wp-json\/wp\/v2\/product\/33727","targetHints":{"allow":["GET"]}}],"collection":[{"href":"https:\/\/www.mysexualfantasy.eu\/en\/wp-json\/wp\/v2\/product"}],"about":[{"href":"https:\/\/www.mysexualfantasy.eu\/en\/wp-json\/wp\/v2\/types\/product"}],"replies":[{"embeddable":true,"href":"https:\/\/www.mysexualfantasy.eu\/en\/wp-json\/wp\/v2\/comments?post=33727"}],"wp:featuredmedia":[{"embeddable":true,"href":"https:\/\/www.mysexualfantasy.eu\/en\/wp-json\/wp\/v2\/media\/60417"}],"wp:attachment":[{"href":"https:\/\/www.mysexualfantasy.eu\/en\/wp-json\/wp\/v2\/media?parent=33727"}],"wp:term":[{"taxonomy":"product_brand","embeddable":true,"href":"https:\/\/www.mysexualfantasy.eu\/en\/wp-json\/wp\/v2\/product_brand?post=33727"},{"taxonomy":"product_cat","embeddable":true,"href":"https:\/\/www.mysexualfantasy.eu\/en\/wp-json\/wp\/v2\/product_cat?post=33727"},{"taxonomy":"product_tag","embeddable":true,"href":"https:\/\/www.mysexualfantasy.eu\/en\/wp-json\/wp\/v2\/product_tag?post=33727"}],"curies":[{"name":"wp","href":"https:\/\/api.w.org\/{rel}","templated":true}]}}