{"id":33751,"date":"2023-01-13T13:15:23","date_gmt":"2023-01-13T13:15:23","guid":{"rendered":"https:\/\/www.mysexualfantasy.eu\/?post_type=product&#038;p=33751"},"modified":"2023-12-06T16:17:05","modified_gmt":"2023-12-06T16:17:05","slug":"cut4men-calzoncillo-corte-bajo-dollar-s","status":"publish","type":"product","link":"https:\/\/www.mysexualfantasy.eu\/en\/product\/cut4men-calzoncillo-corte-bajo-dollar-s\/","title":{"rendered":"CUT4MEN &#8211; CALZONCILLO CORTE BAJO DOLLAR S"},"content":{"rendered":"<p>El Slip Bikini de Cut4men permite un c\u00f3modo ajuste a la cadera fabricado con una tela ligera y c\u00f3moda compuesta de 93% Polyester y 7% Elastano.<\/p>\n<p>Hecho con suaves costuras para evitar el roce de con la piel. Esta prenda aporta una cubertura total y proporciona un excelente soporte frontal, ergon\u00f3micamente dise\u00f1ado para ofrecer el espacio y soporte adecuado que la anatom\u00eda masculina requiere.<\/p>\n<p>Disponible en una extensa gama de colores sexis y elegantes, el bikini brief de Cut4men es excelente opci\u00f3n para aquellos que prefieren una prenda mas fresca y ligera que les aporte confort y seguridad en sus actividades diarias.<\/p>\n<ul>\n<li>AJUSTE PERFECTO Da igual tu figura, se adapta a tu cuerpo como una segunda piel<\/li>\n<li>SUAVES COSTURAS Te sientes c\u00f3modo siempre y en cada detalle<\/li>\n<li>CORTE A LA CADERA Se ajusta a tus caderas justo debajo de la l\u00ednea de tus jeans<\/li>\n<li>COLORES Y PATRONES LLAMATIVOS Expresa tu personalidad y atr\u00e9vete a mostrarte<\/li>\n<li>Composici\u00f3n: 93% Polyester y 7% Elastano.<\/li>\n<li>Talla S<\/li>\n<\/ul>\n<p>Con c\u00f3modos tejidos y una est\u00e9tica elegante, cada pieza est\u00e1 construida con comodidad y estilo.\u00a0En CUT4MEN, nuestra apuesta es conocer a nuestros clientes, ofreci\u00e9ndoles las prendas clave para resaltar su personalidad y mejorar su actitud, invit\u00e1ndoles a crear un estilo \u00fanico, original y actualizado que se mezcle con las \u00faltimas tendencias en el mundo de la moda.<\/p>\n<p>Cut4Men es la nueva incorporaci\u00f3n de los creadores de Joe Snyder, una empresa dedicada a la producci\u00f3n y venta de ropa interior y ropa casual para hombres, con m\u00e1s de 40 a\u00f1os de experiencia en mercados nacionales e internacionales.<\/p>\n<p style=\"text-align: center;\"><img decoding=\"async\" alt=\"\" src=\"https:\/\/interno.dreamlove.es\/UserFiles\/images\/sze%20chart%20cut4men.jpg\" style=\"width: 802px; height: 399px;\" \/><\/p>\n<p>\u00a0<\/p>\n<p>\u00a0<\/p>","protected":false},"excerpt":{"rendered":"<p>CUT4MEN &#8211; LOW RISE BRIEF DOLLAR S<\/p>","protected":false},"featured_media":57019,"comment_status":"open","ping_status":"closed","template":"","meta":{"_monsterinsights_skip_tracking":false,"_monsterinsights_sitenote_active":false,"_monsterinsights_sitenote_note":"","_monsterinsights_sitenote_category":0,"_joinchat":[]},"product_brand":[],"product_cat":[1331,1252,1166],"product_tag":[],"class_list":{"0":"post-33751","1":"product","2":"type-product","3":"status-publish","4":"has-post-thumbnail","6":"product_cat-moda-lencerialenceria-hombrebikinis","7":"product_cat-moda-lencerialenceria-hombre","8":"product_cat-moda-lenceria","9":"yith_product_brand-cut4men","10":"yith_product_brand-cut4mencut4men-brief-bikini","12":"first","13":"instock","14":"taxable","15":"shipping-taxable","16":"purchasable","17":"product-type-variable"},"aioseo_notices":[],"_links":{"self":[{"href":"https:\/\/www.mysexualfantasy.eu\/en\/wp-json\/wp\/v2\/product\/33751","targetHints":{"allow":["GET"]}}],"collection":[{"href":"https:\/\/www.mysexualfantasy.eu\/en\/wp-json\/wp\/v2\/product"}],"about":[{"href":"https:\/\/www.mysexualfantasy.eu\/en\/wp-json\/wp\/v2\/types\/product"}],"replies":[{"embeddable":true,"href":"https:\/\/www.mysexualfantasy.eu\/en\/wp-json\/wp\/v2\/comments?post=33751"}],"wp:featuredmedia":[{"embeddable":true,"href":"https:\/\/www.mysexualfantasy.eu\/en\/wp-json\/wp\/v2\/media\/57019"}],"wp:attachment":[{"href":"https:\/\/www.mysexualfantasy.eu\/en\/wp-json\/wp\/v2\/media?parent=33751"}],"wp:term":[{"taxonomy":"product_brand","embeddable":true,"href":"https:\/\/www.mysexualfantasy.eu\/en\/wp-json\/wp\/v2\/product_brand?post=33751"},{"taxonomy":"product_cat","embeddable":true,"href":"https:\/\/www.mysexualfantasy.eu\/en\/wp-json\/wp\/v2\/product_cat?post=33751"},{"taxonomy":"product_tag","embeddable":true,"href":"https:\/\/www.mysexualfantasy.eu\/en\/wp-json\/wp\/v2\/product_tag?post=33751"}],"curies":[{"name":"wp","href":"https:\/\/api.w.org\/{rel}","templated":true}]}}