{"id":33784,"date":"2023-01-13T13:15:30","date_gmt":"2023-01-13T13:15:30","guid":{"rendered":"https:\/\/www.mysexualfantasy.eu\/?post_type=product&#038;p=33784"},"modified":"2023-11-28T22:22:29","modified_gmt":"2023-11-28T22:22:29","slug":"cut4men-tanga-c4m03-provocative-negro-escay-s","status":"publish","type":"product","link":"https:\/\/www.mysexualfantasy.eu\/en\/product\/cut4men-tanga-c4m03-provocative-negro-escay-s\/","title":{"rendered":"CUT4MEN &#8211; TANGA C4M03 PROVOCATIVE ROJO ESCAY L"},"content":{"rendered":"<p>Este tanga para hombre de Cut4men se caracteriza por una bolsa frontal ergon\u00f3mica que mantendr\u00e1 tu masculinidad en la posici\u00f3n correcta, proporcion\u00e1ndote comodidad todo el d\u00eda.<\/p>\n<p>El\u00a0tanga para hombres es ideal para vestir debajo de ropa ajustada, eliminando el problema por exceso de tela, as\u00ed podr\u00e1s estar seguro de tu apariencia, sea cual sea la ropa que lleves.<\/p>\n<p>Fabricado con un 93% Polyester y 7% Elastano, estas prendas se ajustan a tu piel y proporcionan un soporte y confort inigualable. Podr\u00e1s encontrar una amplia gama de colores y tallas en tu tanga ideal.<\/p>\n<p>Si est\u00e1s buscando un tanga de calidad para hombres con un dise\u00f1o pensado en tu comodidad y estilo, no busques mas que has encontrado tu opci\u00f3n<\/p>\n<ul>\n<li>AJUSTE PERFECTO Da igual tu figura, se adapta a tu cuerpo como una segunda piel<\/li>\n<li>SUAVES COSTURAS Te sientes c\u00f3modo siempre y en cada detalle<\/li>\n<li>BOLSA FRONTAL ERGON\u00d3MICA Mantendr\u00e1 tu masculinidad en la posici\u00f3n correcta, proporcion\u00e1ndote comodidad todo el d\u00eda<\/li>\n<li>COLORES Y PATRONES LLAMATIVOS Expresa tu personalidad y atr\u00e9vete a mostrarte<\/li>\n<li>Composici\u00f3n: 93% Polyester y 7% Elastano<\/li>\n<li>Talla S<\/li>\n<\/ul>\n<p>Con c\u00f3modos tejidos y una est\u00e9tica elegante, cada pieza est\u00e1 construida con comodidad y estilo.\u00a0En CUT4MEN, nuestra apuesta es conocer a nuestros clientes, ofreci\u00e9ndoles las prendas clave para resaltar su personalidad y mejorar su actitud, invit\u00e1ndoles a crear un estilo \u00fanico, original y actualizado que se mezcle con las \u00faltimas tendencias en el mundo de la moda.<\/p>\n<p>Cut4Men es la nueva incorporaci\u00f3n de los creadores de Joe Snyder, una empresa dedicada a la producci\u00f3n y venta de ropa interior y ropa casual para hombres, con m\u00e1s de 40 a\u00f1os de experiencia en mercados nacionales e internacionales.<\/p>\n<p style=\"text-align: center;\"><img decoding=\"async\" alt=\"\" src=\"https:\/\/interno.dreamlove.es\/UserFiles\/images\/sze%20chart%20cut4men.jpg\" style=\"width: 802px; height: 399px;\" \/><\/p>","protected":false},"excerpt":{"rendered":"<p>CUT4MEN &#8211; THONG PROVOCATIVE BLACK SKAI S<\/p>","protected":false},"featured_media":57051,"comment_status":"open","ping_status":"closed","template":"","meta":{"_monsterinsights_skip_tracking":false,"_monsterinsights_sitenote_active":false,"_monsterinsights_sitenote_note":"","_monsterinsights_sitenote_category":0,"_joinchat":[]},"product_brand":[],"product_cat":[326,680,148,705],"product_tag":[],"class_list":{"0":"post-33784","1":"product","2":"type-product","3":"status-publish","4":"has-post-thumbnail","6":"product_cat-lenceria","7":"product_cat-lencerialenceria-hombre","8":"product_cat-ofertas","9":"product_cat-lencerialenceria-hombreslips-y-tangas","10":"yith_product_brand-cut4men","11":"yith_product_brand-cut4mencut4men-string-thong","13":"first","14":"instock","15":"taxable","16":"shipping-taxable","17":"purchasable","18":"product-type-variable"},"aioseo_notices":[],"_links":{"self":[{"href":"https:\/\/www.mysexualfantasy.eu\/en\/wp-json\/wp\/v2\/product\/33784","targetHints":{"allow":["GET"]}}],"collection":[{"href":"https:\/\/www.mysexualfantasy.eu\/en\/wp-json\/wp\/v2\/product"}],"about":[{"href":"https:\/\/www.mysexualfantasy.eu\/en\/wp-json\/wp\/v2\/types\/product"}],"replies":[{"embeddable":true,"href":"https:\/\/www.mysexualfantasy.eu\/en\/wp-json\/wp\/v2\/comments?post=33784"}],"wp:featuredmedia":[{"embeddable":true,"href":"https:\/\/www.mysexualfantasy.eu\/en\/wp-json\/wp\/v2\/media\/57051"}],"wp:attachment":[{"href":"https:\/\/www.mysexualfantasy.eu\/en\/wp-json\/wp\/v2\/media?parent=33784"}],"wp:term":[{"taxonomy":"product_brand","embeddable":true,"href":"https:\/\/www.mysexualfantasy.eu\/en\/wp-json\/wp\/v2\/product_brand?post=33784"},{"taxonomy":"product_cat","embeddable":true,"href":"https:\/\/www.mysexualfantasy.eu\/en\/wp-json\/wp\/v2\/product_cat?post=33784"},{"taxonomy":"product_tag","embeddable":true,"href":"https:\/\/www.mysexualfantasy.eu\/en\/wp-json\/wp\/v2\/product_tag?post=33784"}],"curies":[{"name":"wp","href":"https:\/\/api.w.org\/{rel}","templated":true}]}}