{"id":3385,"date":"2023-01-13T14:50:24","date_gmt":"2023-01-13T14:50:24","guid":{"rendered":"https:\/\/www.mysexualfantasy.eu\/?post_type=product&#038;p=3385"},"modified":"2023-12-06T15:21:10","modified_gmt":"2023-12-06T15:21:10","slug":"fetish-seductions-explora-el-mundo-del-fetiche-es-en-de-fr","status":"publish","type":"product","link":"https:\/\/www.mysexualfantasy.eu\/en\/product\/fetish-seductions-explora-el-mundo-del-fetiche-es-en-de-fr\/","title":{"rendered":"FETISH SEDUCTIONS EXPLORA EL MUNDO DEL FETICHE ES\/EN\/DE\/FR"},"content":{"rendered":"<p>Juego dedicado para el publico fetish,\u00a0 Fetish Seductions es un juego fetichista junto con los accesorios para las parejas, que est\u00e9n interesadas en la exploraci\u00f3n de su lado fetiche.<\/p>\n<p>Fetish Seduction incluye 36 cartas (en Ingl\u00e9s, espa\u00f1ol, alem\u00e1n y franc\u00e9s), cuerdas, vendas para los ojos, plumas estimulante, velas y dados, sin embargo, la diversi\u00f3n no se limita a estos art\u00edculos y las parejas pueden introducir en sus juegos mas accesorios, tacones, comida cuerdas&#8230;ademas de videos porno especiales para el publico fetichista mientras estas jugando.<\/p>\n<p>Instrucciones en Espa\u00f1ol.<\/p>\n<p>Comienza el Juego!!<\/p>","protected":false},"excerpt":{"rendered":"<p>FETISH SEDUCTIONS EXPLORE THE FETISH&#8217;S WOLRD  ES\/EN\/DE\/FR<\/p>","protected":false},"featured_media":71812,"comment_status":"open","ping_status":"closed","template":"","meta":{"_monsterinsights_skip_tracking":false,"_monsterinsights_sitenote_active":false,"_monsterinsights_sitenote_note":"","_monsterinsights_sitenote_category":0,"_joinchat":[]},"product_brand":[],"product_cat":[1175,616,1232,1233,1272,1267,1271,1236,1152,1185],"product_tag":[],"class_list":{"0":"post-3385","1":"product","2":"type-product","3":"status-publish","4":"has-post-thumbnail","6":"product_cat-bdsm-bondage","7":"product_cat-juegos","8":"product_cat-juegos-juegos-de-pareja","9":"product_cat-juegos-juegos-de-sociedad","10":"product_cat-juegos-juegos-en-aleman","11":"product_cat-juegos-juegos-en-espanol","12":"product_cat-juegos-juegos-en-frances","13":"product_cat-juegos-juegos-en-ingles","14":"product_cat-juguetes-bienestar","15":"product_cat-juguetes-bienestar-kits-juguetes-sexuales","16":"yith_product_brand-kheper-games","18":"first","19":"instock","20":"taxable","21":"shipping-taxable","22":"purchasable","23":"product-type-simple"},"aioseo_notices":[],"_links":{"self":[{"href":"https:\/\/www.mysexualfantasy.eu\/en\/wp-json\/wp\/v2\/product\/3385","targetHints":{"allow":["GET"]}}],"collection":[{"href":"https:\/\/www.mysexualfantasy.eu\/en\/wp-json\/wp\/v2\/product"}],"about":[{"href":"https:\/\/www.mysexualfantasy.eu\/en\/wp-json\/wp\/v2\/types\/product"}],"replies":[{"embeddable":true,"href":"https:\/\/www.mysexualfantasy.eu\/en\/wp-json\/wp\/v2\/comments?post=3385"}],"wp:featuredmedia":[{"embeddable":true,"href":"https:\/\/www.mysexualfantasy.eu\/en\/wp-json\/wp\/v2\/media\/71812"}],"wp:attachment":[{"href":"https:\/\/www.mysexualfantasy.eu\/en\/wp-json\/wp\/v2\/media?parent=3385"}],"wp:term":[{"taxonomy":"product_brand","embeddable":true,"href":"https:\/\/www.mysexualfantasy.eu\/en\/wp-json\/wp\/v2\/product_brand?post=3385"},{"taxonomy":"product_cat","embeddable":true,"href":"https:\/\/www.mysexualfantasy.eu\/en\/wp-json\/wp\/v2\/product_cat?post=3385"},{"taxonomy":"product_tag","embeddable":true,"href":"https:\/\/www.mysexualfantasy.eu\/en\/wp-json\/wp\/v2\/product_tag?post=3385"}],"curies":[{"name":"wp","href":"https:\/\/api.w.org\/{rel}","templated":true}]}}