{"id":33860,"date":"2023-01-13T13:15:42","date_gmt":"2023-01-13T13:15:42","guid":{"rendered":"https:\/\/www.mysexualfantasy.eu\/?post_type=product&#038;p=33860"},"modified":"2023-11-28T22:22:29","modified_gmt":"2023-11-28T22:22:29","slug":"cut4men-cheeky-brief-azul-escay-l","status":"publish","type":"product","link":"https:\/\/www.mysexualfantasy.eu\/en\/product\/cut4men-cheeky-brief-azul-escay-l\/","title":{"rendered":"CUT4MEN &#8211; CHEEKY BRIEF CARTOON L"},"content":{"rendered":"<p>El corte de esta prenda es inigualable.<\/p>\n<p>El cheeky brief o cachetero de Cut4men es un hibrido entre una tanga y una trusa slip que te ofrece un look envidiable. Esta ropa interior para hombre de dise\u00f1o \u00fanico y original te ofrece lo mejor de dos mundos. La parte trasera ofrece un corte que deja poco a la imaginaci\u00f3n, mientras que la bolsa delantera te ofrece un soporte inmejorable gracias a su dise\u00f1o ergon\u00f3mico.<\/p>\n<p>Existe en una amplia gama de colores, lisos e impresos, as\u00ed que puedes estar seguro de encontrar el estilo ideal para ti. El cheeky brief de Cut4men este fabricado en una tela extremadamente c\u00f3moda, suave y el\u00e1stica, compuesta por un 93% Polyester y 7% Elastano.<\/p>\n<p>Sin lugar a duda, una de las prendas mas sexys del mercado.<\/p>\n<ul>\n<li>Uso : Ocasiones especiales.Noches rom\u00e1nticas. Uso diario.<\/li>\n<li>Composici\u00f3n:\u00a093% Polyester y 7% Elastano.<\/li>\n<li>Presentaci\u00f3n en caja\u00a0<\/li>\n<li>AJUSTE PERFECTO Da igual tu figura, se adapta a tu cuerpo como una segunda piel<\/li>\n<li>SUAVES COSTURAS Te sientes c\u00f3modo siempre y en cada detalle<\/li>\n<li>DISE\u00d1O \u00daNICO Y ORIGINAL H\u00edbrido entre tanga y bikini, ofrece un soporte inmejorable y un look sexy y envidiable<\/li>\n<li>COLORES Y PATRONES LLAMATIVOS Expresa tu personalidad y atr\u00e9vete a mostrarte<\/li>\n<li>Talla: L<\/li>\n<\/ul>\n<p>Con c\u00f3modos tejidos y una est\u00e9tica elegante, cada pieza est\u00e1 construida con comodidad y estilo.\u00a0En CUT4MEN, nuestra apuesta es conocer a nuestros clientes, ofreci\u00e9ndoles las prendas clave para resaltar su personalidad y mejorar su actitud, invit\u00e1ndoles a crear un estilo \u00fanico, original y actualizado que se mezcle con las \u00faltimas tendencias en el mundo de la moda.<\/p>\n<p>Cut4Men es la nueva incorporaci\u00f3n de los creadores de Joe Snyder, una empresa dedicada a la producci\u00f3n y venta de ropa interior y ropa casual para hombres, con m\u00e1s de 40 a\u00f1os de experiencia en mercados nacionales e internacionales.<\/p>\n<p style=\"text-align: center;\"><img decoding=\"async\" alt=\"\" src=\"https:\/\/interno.dreamlove.es\/UserFiles\/images\/sze%20chart%20cut4men.jpg\" style=\"width: 802px; height: 399px;\" \/><\/p>\n<p>\u00a0<\/p>\n<p>\u00a0<\/p>","protected":false},"excerpt":{"rendered":"<p>CUT4MEN &#8211; CHEEKY BRIEF BLUE SKAI L<\/p>","protected":false},"featured_media":57114,"comment_status":"open","ping_status":"closed","template":"","meta":{"_monsterinsights_skip_tracking":false,"_monsterinsights_sitenote_active":false,"_monsterinsights_sitenote_note":"","_monsterinsights_sitenote_category":0,"_joinchat":[]},"product_brand":[],"product_cat":[326,680,148,705],"product_tag":[],"class_list":{"0":"post-33860","1":"product","2":"type-product","3":"status-publish","4":"has-post-thumbnail","6":"product_cat-lenceria","7":"product_cat-lencerialenceria-hombre","8":"product_cat-ofertas","9":"product_cat-lencerialenceria-hombreslips-y-tangas","10":"yith_product_brand-cut4men","11":"yith_product_brand-cut4mencut4men-brief-bikini","13":"first","14":"instock","15":"taxable","16":"shipping-taxable","17":"purchasable","18":"product-type-variable"},"aioseo_notices":[],"_links":{"self":[{"href":"https:\/\/www.mysexualfantasy.eu\/en\/wp-json\/wp\/v2\/product\/33860","targetHints":{"allow":["GET"]}}],"collection":[{"href":"https:\/\/www.mysexualfantasy.eu\/en\/wp-json\/wp\/v2\/product"}],"about":[{"href":"https:\/\/www.mysexualfantasy.eu\/en\/wp-json\/wp\/v2\/types\/product"}],"replies":[{"embeddable":true,"href":"https:\/\/www.mysexualfantasy.eu\/en\/wp-json\/wp\/v2\/comments?post=33860"}],"wp:featuredmedia":[{"embeddable":true,"href":"https:\/\/www.mysexualfantasy.eu\/en\/wp-json\/wp\/v2\/media\/57114"}],"wp:attachment":[{"href":"https:\/\/www.mysexualfantasy.eu\/en\/wp-json\/wp\/v2\/media?parent=33860"}],"wp:term":[{"taxonomy":"product_brand","embeddable":true,"href":"https:\/\/www.mysexualfantasy.eu\/en\/wp-json\/wp\/v2\/product_brand?post=33860"},{"taxonomy":"product_cat","embeddable":true,"href":"https:\/\/www.mysexualfantasy.eu\/en\/wp-json\/wp\/v2\/product_cat?post=33860"},{"taxonomy":"product_tag","embeddable":true,"href":"https:\/\/www.mysexualfantasy.eu\/en\/wp-json\/wp\/v2\/product_tag?post=33860"}],"curies":[{"name":"wp","href":"https:\/\/api.w.org\/{rel}","templated":true}]}}