{"id":33878,"date":"2023-01-13T13:15:50","date_gmt":"2023-01-13T13:15:50","guid":{"rendered":"https:\/\/www.mysexualfantasy.eu\/?post_type=product&#038;p=33878"},"modified":"2023-11-29T16:03:24","modified_gmt":"2023-11-29T16:03:24","slug":"cut4men-boxer-trunk-negro-escay-s","status":"publish","type":"product","link":"https:\/\/www.mysexualfantasy.eu\/en\/product\/cut4men-boxer-trunk-negro-escay-s\/","title":{"rendered":"CUT4MEN &#8211; BOXER TRUNK"},"content":{"rendered":"<p>Si\u00e9ntete c\u00f3modo y seguro a lo largo del d\u00eda con este b\u00f3xer trunk atl\u00e9tico para hombre.<\/p>\n<p>Esta prenda tipo trunk con corte a la cadera, est\u00e1 especialmente dise\u00f1ado para tu comodidad. El material de esta prenda consiste en una suave tela compuesta de 93% Polyester y 7% Elastano. Excelente soporte frontal, dise\u00f1ado ergon\u00f3micamente para dar el espacio adecuado que la anatom\u00eda masculina requiere.<\/p>\n<p>Este boxer trunk te brinda la m\u00e1xima movilidad y protecci\u00f3n durante todo el d\u00eda. El material sedoso abraza a tu cuerpo, te ofrece una silueta elegante y sensual y se siente como una segunda piel. Existen en una amplia gama de colores para que puedas encontrar el estilo correcto que m\u00e1s te convenga.<\/p>\n<p>Estos b\u00f3xeres cortos tipo trunks se mantienen en su lugar todo el d\u00eda y son una gran opci\u00f3n para una variedad de ocasiones. Si quieres ropa interior pr\u00e1ctica, ofreciendo una sensaci\u00f3n sexy, el b\u00f3xer trunk atl\u00e9tico de Cut4men es la prenda ideal para ti.<\/p>\n<ul>\n<li>Uso : Confort para uso diario<\/li>\n<li>Composici\u00f3n:\u00a093% Polyester y 7% Elastano.<\/li>\n<li>AJUSTE PERFECTO Da igual tu figura, se adapta a tu cuerpo como una segunda piel<\/li>\n<li>SUAVES COSTURAS Te sientes c\u00f3modo siempre y en cada detalle<\/li>\n<li>CORTE A LA CADERA Se ajusta a tus caderas justo debajo de la l\u00ednea de tus jeans<\/li>\n<li>COBERTURA TOTAL Ofrece una silueta sexy y elegante, al tiempo que proporciona la m\u00e1xima protecci\u00f3n.<\/li>\n<li>Presentado en caja\u00a0<\/li>\n<li>Talla: S<\/li>\n<\/ul>\n<p>Con c\u00f3modos tejidos y una est\u00e9tica elegante, cada pieza est\u00e1 construida con comodidad y estilo.\u00a0En CUT4MEN, nuestra apuesta es conocer a nuestros clientes, ofreci\u00e9ndoles las prendas clave para resaltar su personalidad y mejorar su actitud, invit\u00e1ndoles a crear un estilo \u00fanico, original y actualizado que se mezcle con las \u00faltimas tendencias en el mundo de la moda.<\/p>\n<p>Cut4Men es la nueva incorporaci\u00f3n de los creadores de Joe Snyder, una empresa dedicada a la producci\u00f3n y venta de ropa interior y ropa casual para hombres, con m\u00e1s de 40 a\u00f1os de experiencia en mercados nacionales e internacionales.<\/p>\n<p style=\"text-align: center;\"><img decoding=\"async\" alt=\"\" src=\"https:\/\/interno.dreamlove.es\/UserFiles\/images\/sze%20chart%20cut4men.jpg\" style=\"width: 802px; height: 399px;\" \/><\/p>","protected":false},"excerpt":{"rendered":"<p>CUT4MEN &#8211; BOXER TRUNK BLACK SKAI S<\/p>","protected":false},"featured_media":57146,"comment_status":"open","ping_status":"closed","template":"","meta":{"_monsterinsights_skip_tracking":false,"_monsterinsights_sitenote_active":false,"_monsterinsights_sitenote_note":"","_monsterinsights_sitenote_category":0,"_joinchat":[]},"product_brand":[],"product_cat":[326,680,705],"product_tag":[],"class_list":{"0":"post-33878","1":"product","2":"type-product","3":"status-publish","4":"has-post-thumbnail","6":"product_cat-lenceria","7":"product_cat-lencerialenceria-hombre","8":"product_cat-lencerialenceria-hombreslips-y-tangas","9":"yith_product_brand-cut4men","10":"yith_product_brand-cut4mencut4men-boxer-trunk","12":"first","13":"instock","14":"taxable","15":"shipping-taxable","16":"purchasable","17":"product-type-variable"},"aioseo_notices":[],"_links":{"self":[{"href":"https:\/\/www.mysexualfantasy.eu\/en\/wp-json\/wp\/v2\/product\/33878","targetHints":{"allow":["GET"]}}],"collection":[{"href":"https:\/\/www.mysexualfantasy.eu\/en\/wp-json\/wp\/v2\/product"}],"about":[{"href":"https:\/\/www.mysexualfantasy.eu\/en\/wp-json\/wp\/v2\/types\/product"}],"replies":[{"embeddable":true,"href":"https:\/\/www.mysexualfantasy.eu\/en\/wp-json\/wp\/v2\/comments?post=33878"}],"wp:featuredmedia":[{"embeddable":true,"href":"https:\/\/www.mysexualfantasy.eu\/en\/wp-json\/wp\/v2\/media\/57146"}],"wp:attachment":[{"href":"https:\/\/www.mysexualfantasy.eu\/en\/wp-json\/wp\/v2\/media?parent=33878"}],"wp:term":[{"taxonomy":"product_brand","embeddable":true,"href":"https:\/\/www.mysexualfantasy.eu\/en\/wp-json\/wp\/v2\/product_brand?post=33878"},{"taxonomy":"product_cat","embeddable":true,"href":"https:\/\/www.mysexualfantasy.eu\/en\/wp-json\/wp\/v2\/product_cat?post=33878"},{"taxonomy":"product_tag","embeddable":true,"href":"https:\/\/www.mysexualfantasy.eu\/en\/wp-json\/wp\/v2\/product_tag?post=33878"}],"curies":[{"name":"wp","href":"https:\/\/api.w.org\/{rel}","templated":true}]}}