{"id":3389,"date":"2023-01-13T14:49:31","date_gmt":"2023-01-13T14:49:31","guid":{"rendered":"https:\/\/www.mysexualfantasy.eu\/?post_type=product&#038;p=3389"},"modified":"2023-12-06T15:20:29","modified_gmt":"2023-12-06T15:20:29","slug":"sexo-lesbiano-juego-de-cartas-es-en","status":"publish","type":"product","link":"https:\/\/www.mysexualfantasy.eu\/en\/product\/sexo-lesbiano-juego-de-cartas-es-en\/","title":{"rendered":"SEXO LESBIANO JUEGO DE CARTAS ES\/EN"},"content":{"rendered":"<p>Un alocado y rom\u00e1ntico juego de cartas para dos muy divertido<\/p>\n<p>Cada carta ilustra una actividad de est\u00edmulo sexual o una posici\u00f3n sexual. Al jugar una de las tres cartas, usted y su pareja usar\u00e1n las cartas para planear una de las 100.000 fantas\u00edas posibles. Despu\u00e9s de construir una fantas\u00eda, ambos la realizaran.<\/p>\n<p>Se puede jugar de tres formas.<\/p>\n<p>Compita para construir la \u00faltima noche de pasi\u00f3n al jugar La \u00daltima Fantas\u00eda, deje que el destino decida su noche con El Adivino de la Fortuna, o construya su fantas\u00eda mientras aprende acerca de lo que su pareja le gusta, ama, y desea con El Apetito Sexual de su Pareja.<br \/>Contenido<\/p>\n<p>Incluye: 50 cartas de SEX! L\u00c9SBICO, 3 cartas de reglas del juego y 1 carta de Libere su fantas\u00eda. En ingl\u00e9s y espa\u00f1ol.<\/p>\n<p>Comienza el Juego!!<\/p>","protected":false},"excerpt":{"rendered":"<p>LESBIANO JUEGO DE CARTAS  ES\/EN<\/p>","protected":false},"featured_media":71688,"comment_status":"open","ping_status":"closed","template":"","meta":{"_monsterinsights_skip_tracking":false,"_monsterinsights_sitenote_active":false,"_monsterinsights_sitenote_note":"","_monsterinsights_sitenote_category":0,"_joinchat":[]},"product_brand":[],"product_cat":[616,1235,1232,1267,1236],"product_tag":[],"class_list":{"0":"post-3389","1":"product","2":"type-product","3":"status-publish","4":"has-post-thumbnail","6":"product_cat-juegos","7":"product_cat-juegos-juegos-de-cartas","8":"product_cat-juegos-juegos-de-pareja","9":"product_cat-juegos-juegos-en-espanol","10":"product_cat-juegos-juegos-en-ingles","11":"yith_product_brand-kheper-games","13":"first","14":"instock","15":"taxable","16":"shipping-taxable","17":"purchasable","18":"product-type-simple"},"aioseo_notices":[],"_links":{"self":[{"href":"https:\/\/www.mysexualfantasy.eu\/en\/wp-json\/wp\/v2\/product\/3389","targetHints":{"allow":["GET"]}}],"collection":[{"href":"https:\/\/www.mysexualfantasy.eu\/en\/wp-json\/wp\/v2\/product"}],"about":[{"href":"https:\/\/www.mysexualfantasy.eu\/en\/wp-json\/wp\/v2\/types\/product"}],"replies":[{"embeddable":true,"href":"https:\/\/www.mysexualfantasy.eu\/en\/wp-json\/wp\/v2\/comments?post=3389"}],"wp:featuredmedia":[{"embeddable":true,"href":"https:\/\/www.mysexualfantasy.eu\/en\/wp-json\/wp\/v2\/media\/71688"}],"wp:attachment":[{"href":"https:\/\/www.mysexualfantasy.eu\/en\/wp-json\/wp\/v2\/media?parent=3389"}],"wp:term":[{"taxonomy":"product_brand","embeddable":true,"href":"https:\/\/www.mysexualfantasy.eu\/en\/wp-json\/wp\/v2\/product_brand?post=3389"},{"taxonomy":"product_cat","embeddable":true,"href":"https:\/\/www.mysexualfantasy.eu\/en\/wp-json\/wp\/v2\/product_cat?post=3389"},{"taxonomy":"product_tag","embeddable":true,"href":"https:\/\/www.mysexualfantasy.eu\/en\/wp-json\/wp\/v2\/product_tag?post=3389"}],"curies":[{"name":"wp","href":"https:\/\/api.w.org\/{rel}","templated":true}]}}