{"id":3392,"date":"2023-01-13T14:49:32","date_gmt":"2023-01-13T14:49:32","guid":{"rendered":"https:\/\/www.mysexualfantasy.eu\/?post_type=product&#038;p=3392"},"modified":"2023-12-06T15:20:30","modified_gmt":"2023-12-06T15:20:30","slug":"lust-juego-de-pasion-para-dos-es-en","status":"publish","type":"product","link":"https:\/\/www.mysexualfantasy.eu\/en\/product\/lust-juego-de-pasion-para-dos-es-en\/","title":{"rendered":"LUST JUEGO DE PASION PARA DOS ES\/EN"},"content":{"rendered":"<p>Lujuria&#8230;piensalo y vivelo en el perfecto para parejas que buscan diversi\u00f3n. Un gran juego de tablero que te lleva por un camino de descubrimientos, solamente tira el dado y sigue tu camino.<\/p>\n<p>Encu\u00e9ntrate a ti mismo compartiendo y actuando tanto con indulgencias rom\u00e1nticas, como picantes. Incluye 100 tarjetas que se corresponden con los dibujos que encontrar\u00e1s en el camino pudiendo ser de Romance, Sensualidad, Lenguaje corporal, o la variedad de posturas para hacer el amor.<\/p>\n<p>A medida que avances, tu y tu compa\u00f1ero de juego construir\u00e9is una fantas\u00eda de principio a fin, mientras que descubr\u00eds y explor\u00e1is todo tipo de caprichos y detalles que no habr\u00edas descubierto el uno del otro. Lust! se puede jugar una y otra vez, porque dispone de 30.000 posibilidades diferentes, por lo que ser\u00e1 muy dif\u00edcil repetir!<\/p>\n<p>Incluye el tablero, 20 cartas de Romance, 20 cartas de Sensuality, 20 cartas de Body Language, 20 cartas de Love-Making, 2 fichas de jugador, 1 dado y las instrucciones en ingl\u00e9s y espa\u00f1ol.<\/p>\n<p>Comienza el Juego!!<\/p>","protected":false},"excerpt":{"rendered":"<p>LUST PASSIONATE GAME FOR TWO. ES\/EN<\/p>","protected":false},"featured_media":71691,"comment_status":"open","ping_status":"closed","template":"","meta":{"_monsterinsights_skip_tracking":false,"_monsterinsights_sitenote_active":false,"_monsterinsights_sitenote_note":"","_monsterinsights_sitenote_category":0,"_joinchat":[]},"product_brand":[],"product_cat":[616,1234,1232,1267,1236],"product_tag":[],"class_list":{"0":"post-3392","1":"product","2":"type-product","3":"status-publish","4":"has-post-thumbnail","6":"product_cat-juegos","7":"product_cat-juegos-juegos-de-mesa","8":"product_cat-juegos-juegos-de-pareja","9":"product_cat-juegos-juegos-en-espanol","10":"product_cat-juegos-juegos-en-ingles","11":"yith_product_brand-kheper-games","13":"first","14":"instock","15":"taxable","16":"shipping-taxable","17":"purchasable","18":"product-type-simple"},"aioseo_notices":[],"_links":{"self":[{"href":"https:\/\/www.mysexualfantasy.eu\/en\/wp-json\/wp\/v2\/product\/3392","targetHints":{"allow":["GET"]}}],"collection":[{"href":"https:\/\/www.mysexualfantasy.eu\/en\/wp-json\/wp\/v2\/product"}],"about":[{"href":"https:\/\/www.mysexualfantasy.eu\/en\/wp-json\/wp\/v2\/types\/product"}],"replies":[{"embeddable":true,"href":"https:\/\/www.mysexualfantasy.eu\/en\/wp-json\/wp\/v2\/comments?post=3392"}],"wp:featuredmedia":[{"embeddable":true,"href":"https:\/\/www.mysexualfantasy.eu\/en\/wp-json\/wp\/v2\/media\/71691"}],"wp:attachment":[{"href":"https:\/\/www.mysexualfantasy.eu\/en\/wp-json\/wp\/v2\/media?parent=3392"}],"wp:term":[{"taxonomy":"product_brand","embeddable":true,"href":"https:\/\/www.mysexualfantasy.eu\/en\/wp-json\/wp\/v2\/product_brand?post=3392"},{"taxonomy":"product_cat","embeddable":true,"href":"https:\/\/www.mysexualfantasy.eu\/en\/wp-json\/wp\/v2\/product_cat?post=3392"},{"taxonomy":"product_tag","embeddable":true,"href":"https:\/\/www.mysexualfantasy.eu\/en\/wp-json\/wp\/v2\/product_tag?post=3392"}],"curies":[{"name":"wp","href":"https:\/\/api.w.org\/{rel}","templated":true}]}}