{"id":3393,"date":"2023-01-13T14:49:33","date_gmt":"2023-01-13T14:49:33","guid":{"rendered":"https:\/\/www.mysexualfantasy.eu\/?post_type=product&#038;p=3393"},"modified":"2023-12-06T15:20:31","modified_gmt":"2023-12-06T15:20:31","slug":"lust-el-juego-de-cartas-de-la-lujuria-en-es","status":"publish","type":"product","link":"https:\/\/www.mysexualfantasy.eu\/en\/product\/lust-el-juego-de-cartas-de-la-lujuria-en-es\/","title":{"rendered":"LUST EL JUEGO DE CARTAS DE LA LUJURIA EN, ES"},"content":{"rendered":"<p>LUJURIA, es un juego para amantes que te permite adentrarte en la intimidad rom\u00e1ntica y f\u00edsica con tu pareja. Las cartas para hacer el amor ilustran de manera expl\u00edcita un juego preliminar o una postura sexual. Tu pareja o t\u00fa pod\u00e9is emplear estas cartas para crear o acordar una fantas\u00eda sexual.<\/p>\n<p>Cada partida termina con una experiencia amatoria \u00fanica, ya que las cartas permiten m\u00e1s de 30.000 combinaciones distintas.<\/p>\n<p>Incluye:<\/p>\n<ul>\n<li>\u00a020 Romance Cards.<\/li>\n<li>\u00a020 Sensuality Cards.<\/li>\n<li>\u00a020 Body Language Cards.<\/li>\n<li>\u00a040 Love-Making Cards.<\/li>\n<li>\u00a04 Cartas con instrucciones de los juegos.<\/li>\n<\/ul>\n<p>En ingl\u00e9s y espa\u00f1ol.<\/p>","protected":false},"excerpt":{"rendered":"<p>LUST THE PASSIONATE CARD GAME.EN, ES<\/p>","protected":false},"featured_media":71693,"comment_status":"open","ping_status":"closed","template":"","meta":{"_monsterinsights_skip_tracking":false,"_monsterinsights_sitenote_active":false,"_monsterinsights_sitenote_note":"","_monsterinsights_sitenote_category":0,"_joinchat":[]},"product_brand":[],"product_cat":[616,1235,1234,1232,1267,1236],"product_tag":[],"class_list":{"0":"post-3393","1":"product","2":"type-product","3":"status-publish","4":"has-post-thumbnail","6":"product_cat-juegos","7":"product_cat-juegos-juegos-de-cartas","8":"product_cat-juegos-juegos-de-mesa","9":"product_cat-juegos-juegos-de-pareja","10":"product_cat-juegos-juegos-en-espanol","11":"product_cat-juegos-juegos-en-ingles","12":"yith_product_brand-kheper-games","14":"first","15":"instock","16":"taxable","17":"shipping-taxable","18":"purchasable","19":"product-type-simple"},"aioseo_notices":[],"_links":{"self":[{"href":"https:\/\/www.mysexualfantasy.eu\/en\/wp-json\/wp\/v2\/product\/3393","targetHints":{"allow":["GET"]}}],"collection":[{"href":"https:\/\/www.mysexualfantasy.eu\/en\/wp-json\/wp\/v2\/product"}],"about":[{"href":"https:\/\/www.mysexualfantasy.eu\/en\/wp-json\/wp\/v2\/types\/product"}],"replies":[{"embeddable":true,"href":"https:\/\/www.mysexualfantasy.eu\/en\/wp-json\/wp\/v2\/comments?post=3393"}],"wp:featuredmedia":[{"embeddable":true,"href":"https:\/\/www.mysexualfantasy.eu\/en\/wp-json\/wp\/v2\/media\/71693"}],"wp:attachment":[{"href":"https:\/\/www.mysexualfantasy.eu\/en\/wp-json\/wp\/v2\/media?parent=3393"}],"wp:term":[{"taxonomy":"product_brand","embeddable":true,"href":"https:\/\/www.mysexualfantasy.eu\/en\/wp-json\/wp\/v2\/product_brand?post=3393"},{"taxonomy":"product_cat","embeddable":true,"href":"https:\/\/www.mysexualfantasy.eu\/en\/wp-json\/wp\/v2\/product_cat?post=3393"},{"taxonomy":"product_tag","embeddable":true,"href":"https:\/\/www.mysexualfantasy.eu\/en\/wp-json\/wp\/v2\/product_tag?post=3393"}],"curies":[{"name":"wp","href":"https:\/\/api.w.org\/{rel}","templated":true}]}}