{"id":33952,"date":"2023-01-13T14:47:14","date_gmt":"2023-01-13T14:47:14","guid":{"rendered":"https:\/\/www.mysexualfantasy.eu\/?post_type=product&#038;p=33952"},"modified":"2023-12-06T17:25:57","modified_gmt":"2023-12-06T17:25:57","slug":"obsessive-goldivia-bikini-l","status":"publish","type":"product","link":"https:\/\/www.mysexualfantasy.eu\/en\/product\/obsessive-goldivia-bikini-l\/","title":{"rendered":"OBSESSIVE &#8211; GOLDIVIA BIKINI L"},"content":{"rendered":"<p>\u00a1Aqu\u00ed hay un bikini hecho para ti! Un bikini que demuestra que los cortes tentadores no son s\u00f3lo para noches picantes. Goldivia es elegante y muy sexy. Qu\u00e9 vas a hacer? No est\u00e1s tentada por este delicioso look?<\/p>\n<p>Caracter\u00edsticas:<\/p>\n<ul>\n<li>Goldivia bikini\u00a0<\/li>\n<li>Hermoso bikini dorado<\/li>\n<li>Cordones en el cuello<\/li>\n<li>Las correas sexy debajo del busto se convierten en cordones en la espalda<\/li>\n<li>Adorno dorado bajo los pechos y en las caderas<\/li>\n<li>Panties\u00a0negros con correas doradas<\/li>\n<li>Materiales suaves\u00a0<\/li>\n<li>Composici\u00f3n: 95% poli\u00e9ster, 5% elastano<\/li>\n<li>Tama\u00f1o: L<\/li>\n<\/ul>\n<p>\u00a1Obsessive significa inspiraci\u00f3n en la mujer!\u00a0 Elegancia, sensualidad, amor a la costura&#8230;.significa mucho para la mujer, pocos son los adjetivos que pueden calificar a Obsessive, donde una labor de a\u00f1os han conseguido unir la mejor relaci\u00f3n calidad-precio.<\/p>\n<p 1.5=\"\" color:=\"\" font-size:=\"\" line-height:=\"\" margin-top:=\"\" roboto=\"\" style=\"box-sizing: border-box;\">\u00a1L\u00edderes mundiales en lencer\u00eda, nadie lo hace mejor!<\/p>","protected":false},"excerpt":{"rendered":"<p>OBSESSIVE &#8211; GOLDIVIA BIKINI L<\/p>","protected":false},"featured_media":71360,"comment_status":"open","ping_status":"closed","template":"","meta":{"_monsterinsights_skip_tracking":false,"_monsterinsights_sitenote_active":false,"_monsterinsights_sitenote_note":"","_monsterinsights_sitenote_category":0,"_joinchat":[]},"product_brand":[],"product_cat":[1438,1196,1199,1166,148,1200,1436],"product_tag":[],"class_list":{"0":"post-33952","1":"product","2":"type-product","3":"status-publish","4":"has-post-thumbnail","6":"product_cat-moda-lencerialenceria-mujertrajes-de-banobanadores-mujer","7":"product_cat-moda-lencerialenceria-mujer","8":"product_cat-moda-lencerialenceria-mujerlenceria-sexy","9":"product_cat-moda-lenceria","10":"product_cat-ofertas","11":"product_cat-moda-lencerialenceria-mujerlenceria-sexysujetador-y-parte-inferior","12":"product_cat-moda-lencerialenceria-mujertrajes-de-bano","13":"yith_product_brand-obsessive","14":"yith_product_brand-obsessiveobsessive-summer","16":"first","17":"instock","18":"taxable","19":"shipping-taxable","20":"purchasable","21":"product-type-variable"},"aioseo_notices":[],"_links":{"self":[{"href":"https:\/\/www.mysexualfantasy.eu\/en\/wp-json\/wp\/v2\/product\/33952","targetHints":{"allow":["GET"]}}],"collection":[{"href":"https:\/\/www.mysexualfantasy.eu\/en\/wp-json\/wp\/v2\/product"}],"about":[{"href":"https:\/\/www.mysexualfantasy.eu\/en\/wp-json\/wp\/v2\/types\/product"}],"replies":[{"embeddable":true,"href":"https:\/\/www.mysexualfantasy.eu\/en\/wp-json\/wp\/v2\/comments?post=33952"}],"wp:featuredmedia":[{"embeddable":true,"href":"https:\/\/www.mysexualfantasy.eu\/en\/wp-json\/wp\/v2\/media\/71360"}],"wp:attachment":[{"href":"https:\/\/www.mysexualfantasy.eu\/en\/wp-json\/wp\/v2\/media?parent=33952"}],"wp:term":[{"taxonomy":"product_brand","embeddable":true,"href":"https:\/\/www.mysexualfantasy.eu\/en\/wp-json\/wp\/v2\/product_brand?post=33952"},{"taxonomy":"product_cat","embeddable":true,"href":"https:\/\/www.mysexualfantasy.eu\/en\/wp-json\/wp\/v2\/product_cat?post=33952"},{"taxonomy":"product_tag","embeddable":true,"href":"https:\/\/www.mysexualfantasy.eu\/en\/wp-json\/wp\/v2\/product_tag?post=33952"}],"curies":[{"name":"wp","href":"https:\/\/api.w.org\/{rel}","templated":true}]}}