{"id":3396,"date":"2023-01-13T14:48:30","date_gmt":"2023-01-13T14:48:30","guid":{"rendered":"https:\/\/www.mysexualfantasy.eu\/?post_type=product&#038;p=3396"},"modified":"2023-12-06T15:19:36","modified_gmt":"2023-12-06T15:19:36","slug":"juego-erotico-5-dados-es","status":"publish","type":"product","link":"https:\/\/www.mysexualfantasy.eu\/en\/product\/juego-erotico-5-dados-es\/","title":{"rendered":"JUEGO EROTICO! 5 DADOS ES"},"content":{"rendered":"<p>\u00a1JUEGO EROTICO! 5 DADOS, el juego sexy de est\u00edmulo sexual para dos o m\u00e1s jugadores.<\/p>\n<p>Un juego rom\u00e1ntico para dos o un juego para una fiesta pervertida con un grupo de amigos.<\/p>\n<p>Instrucciones:<\/p>\n<p>Cada jugador selecciona una cara del dado que tiene el nombre de una parte del cuerpo para as\u00ed ser representado en el juego. Si hay m\u00e1s de cuatro jugadores participando en el juego, los jugadores pueden compartir los colores y formar equipos.<\/p>\n<p>Los jugadores toman turnos tirando todos los dados con los que se este jugando.<\/p>\n<p>Si hay menos de cuatro jugadores, quite los dados que no son usados para representar a otros jugadores.<\/p>\n<p>La acci\u00f3n que salga del dado rojo es la que se har\u00e1. Usted decide a que jugador se le har\u00e1 la acci\u00f3n, usando uno de los otros dados. entonces usted llevar\u00e1 a cabo la acci\u00f3n en la parte del cuerpo nombrada en el dado de ese jugador representado. Si hay m\u00e1s de un jugador representado por el dado, entonces usted selecciona al jugador de ese equipo y llevara a cabo la acci\u00f3n con el jugador.<\/p>\n<p>Contenido<\/p>\n<p>&#8211; 4 dados de partes del cuerpo.<br \/>&#8211; 1 dado de acciones.<\/p>","protected":false},"excerpt":{"rendered":"<p>\u00a1JUEGO EROTICO! 5 DADOS ES<\/p>","protected":false},"featured_media":71573,"comment_status":"open","ping_status":"closed","template":"","meta":{"_monsterinsights_skip_tracking":false,"_monsterinsights_sitenote_active":false,"_monsterinsights_sitenote_note":"","_monsterinsights_sitenote_category":0,"_joinchat":[]},"product_brand":[],"product_cat":[1237,616,1267],"product_tag":[],"class_list":{"0":"post-3396","1":"product","2":"type-product","3":"status-publish","4":"has-post-thumbnail","6":"product_cat-juegos-juego-de-dados","7":"product_cat-juegos","8":"product_cat-juegos-juegos-en-espanol","9":"yith_product_brand-kheper-games","11":"first","12":"instock","13":"taxable","14":"shipping-taxable","15":"purchasable","16":"product-type-simple"},"aioseo_notices":[],"_links":{"self":[{"href":"https:\/\/www.mysexualfantasy.eu\/en\/wp-json\/wp\/v2\/product\/3396","targetHints":{"allow":["GET"]}}],"collection":[{"href":"https:\/\/www.mysexualfantasy.eu\/en\/wp-json\/wp\/v2\/product"}],"about":[{"href":"https:\/\/www.mysexualfantasy.eu\/en\/wp-json\/wp\/v2\/types\/product"}],"replies":[{"embeddable":true,"href":"https:\/\/www.mysexualfantasy.eu\/en\/wp-json\/wp\/v2\/comments?post=3396"}],"wp:featuredmedia":[{"embeddable":true,"href":"https:\/\/www.mysexualfantasy.eu\/en\/wp-json\/wp\/v2\/media\/71573"}],"wp:attachment":[{"href":"https:\/\/www.mysexualfantasy.eu\/en\/wp-json\/wp\/v2\/media?parent=3396"}],"wp:term":[{"taxonomy":"product_brand","embeddable":true,"href":"https:\/\/www.mysexualfantasy.eu\/en\/wp-json\/wp\/v2\/product_brand?post=3396"},{"taxonomy":"product_cat","embeddable":true,"href":"https:\/\/www.mysexualfantasy.eu\/en\/wp-json\/wp\/v2\/product_cat?post=3396"},{"taxonomy":"product_tag","embeddable":true,"href":"https:\/\/www.mysexualfantasy.eu\/en\/wp-json\/wp\/v2\/product_tag?post=3396"}],"curies":[{"name":"wp","href":"https:\/\/api.w.org\/{rel}","templated":true}]}}