{"id":33970,"date":"2023-01-13T12:30:09","date_gmt":"2023-01-13T12:30:09","guid":{"rendered":"https:\/\/www.mysexualfantasy.eu\/?post_type=product&#038;p=33970"},"modified":"2023-12-06T17:19:29","modified_gmt":"2023-12-06T17:19:29","slug":"obsessive-d607-vestido-en-cuerpo-de-red-talla-unica","status":"publish","type":"product","link":"https:\/\/www.mysexualfantasy.eu\/en\/product\/obsessive-d607-vestido-en-cuerpo-de-red-talla-unica\/","title":{"rendered":"OBSESSIVE &#8211; D607 VESTIDO EN CUERPO DE RED TALLA UNICA"},"content":{"rendered":"<p>El vestido D607 le proporcionar\u00e1 experiencias maravillosas y estimular\u00e1 su (y su) apetito por momentos agradables. Qu\u00e9 necesitas sentirte fant\u00e1stico? Sexy tejido y acento en sus caderas!<\/p>\n<p>Caracter\u00edsticas:\u00a0<\/p>\n<ul>\n<li>Precioso vestido negro en cuerpo de red\u00a0<\/li>\n<li>Tejido geom\u00e9trico adorna el cuerpo<\/li>\n<li>Tejido suelto en la parte inferior  aspecto impresionante<\/li>\n<li>Aberturas laterales  caderas perfectamente enfatizadas<\/li>\n<li>Material agradable al tacto y el\u00e1stico (90% nylon, 10% elastano)<\/li>\n<li>Talla \u00fanica\u00a0<\/li>\n<\/ul>\n<p 1.5=\"\" color:=\"\" font-size:=\"\" line-height:=\"\" margin-top:=\"\" roboto=\"\" style=\"box-sizing: border-box;\">Obsessive significa inspiraci\u00f3n en la mujer!\u00a0 Elegancia, sensualidad, amor a la costura&#8230;.significa mucho para la mujer, pocos son los adjetivos que pueden calificar a Obsessive, donde una labor de a\u00f1os han conseguido unir la mejor relaci\u00f3n calidad-precio.<\/p>\n<p 1.5=\"\" color:=\"\" font-size:=\"\" line-height:=\"\" margin-top:=\"\" roboto=\"\" style=\"box-sizing: border-box;\">\u00a1L\u00edderes mundiales en lencer\u00eda, nadie lo hace mejor!<\/p>\n<p style=\"text-align: center;\"><img decoding=\"async\" src=\"https:\/\/store.dreamlove.es\/UserFiles\/images\/SIZES.png\" \/><\/p>","protected":false},"excerpt":{"rendered":"<p>OBSESSIVE &#8211; D607 NET-DRESS ONE SIZE<\/p>","protected":false},"featured_media":50567,"comment_status":"open","ping_status":"closed","template":"","meta":{"_monsterinsights_skip_tracking":false,"_monsterinsights_sitenote_active":false,"_monsterinsights_sitenote_note":"","_monsterinsights_sitenote_category":0,"_joinchat":[]},"product_brand":[],"product_cat":[1196,1197,1199,1166,1451],"product_tag":[],"class_list":{"0":"post-33970","1":"product","2":"type-product","3":"status-publish","4":"has-post-thumbnail","6":"product_cat-moda-lencerialenceria-mujer","7":"product_cat-moda-lencerialenceria-mujerlenceria-picante","8":"product_cat-moda-lencerialenceria-mujerlenceria-sexy","9":"product_cat-moda-lenceria","10":"product_cat-moda-lencerialenceria-mujerlenceria-picantevestidos-sexys","11":"yith_product_brand-obsessive","12":"yith_product_brand-obsessiveobsessive-dresses","14":"first","15":"instock","16":"taxable","17":"shipping-taxable","18":"purchasable","19":"product-type-simple"},"aioseo_notices":[],"_links":{"self":[{"href":"https:\/\/www.mysexualfantasy.eu\/en\/wp-json\/wp\/v2\/product\/33970","targetHints":{"allow":["GET"]}}],"collection":[{"href":"https:\/\/www.mysexualfantasy.eu\/en\/wp-json\/wp\/v2\/product"}],"about":[{"href":"https:\/\/www.mysexualfantasy.eu\/en\/wp-json\/wp\/v2\/types\/product"}],"replies":[{"embeddable":true,"href":"https:\/\/www.mysexualfantasy.eu\/en\/wp-json\/wp\/v2\/comments?post=33970"}],"wp:featuredmedia":[{"embeddable":true,"href":"https:\/\/www.mysexualfantasy.eu\/en\/wp-json\/wp\/v2\/media\/50567"}],"wp:attachment":[{"href":"https:\/\/www.mysexualfantasy.eu\/en\/wp-json\/wp\/v2\/media?parent=33970"}],"wp:term":[{"taxonomy":"product_brand","embeddable":true,"href":"https:\/\/www.mysexualfantasy.eu\/en\/wp-json\/wp\/v2\/product_brand?post=33970"},{"taxonomy":"product_cat","embeddable":true,"href":"https:\/\/www.mysexualfantasy.eu\/en\/wp-json\/wp\/v2\/product_cat?post=33970"},{"taxonomy":"product_tag","embeddable":true,"href":"https:\/\/www.mysexualfantasy.eu\/en\/wp-json\/wp\/v2\/product_tag?post=33970"}],"curies":[{"name":"wp","href":"https:\/\/api.w.org\/{rel}","templated":true}]}}