{"id":33976,"date":"2023-01-13T14:37:53","date_gmt":"2023-01-13T14:37:53","guid":{"rendered":"https:\/\/www.mysexualfantasy.eu\/?post_type=product&#038;p=33976"},"modified":"2023-12-06T16:06:04","modified_gmt":"2023-12-06T16:06:04","slug":"control-double-vibes-estimulador","status":"publish","type":"product","link":"https:\/\/www.mysexualfantasy.eu\/en\/product\/control-double-vibes-estimulador\/","title":{"rendered":"CONTROL DOUBLE VIBES ESTIMULADOR"},"content":{"rendered":"<p>Control Double Vibes es un intenso estimulador para el cl\u00edtoris pero a la vez suave al tacto y dise\u00f1ado especialmente para descubrir nuevas sensaciones.<\/p>\n<p>Con sus 2 extremidades vibratorias disfrutar\u00e1s del doble de place. La intensidad del vibrador es graduable y puede ser utilizado bajo el agua.\u00a0Control Double Vibes es un estimulador \u00edntimo fabricado con pl\u00e1stico ABS y silicona hipoalerg\u00e9nica de m\u00e1xima calidad.<\/p>\n<ul>\n<li>Autonom\u00eda de 3 horas\u00a0<\/li>\n<li>Estimulador con dos cabezales\u00a0<\/li>\n<li>Uso vaginal y zonas er\u00f3genas\u00a0<\/li>\n<li>5 vibraciones diferentes\u00a0<\/li>\n<li>Silicona m\u00e9dica muy suave al tacto\u00a0<\/li>\n<li>Sumergible\u00a0<\/li>\n<li>LIbre de ftalatos<\/li>\n<li>Hig\u00e9nico, muy f\u00e1cil de limpiar\u00a0<\/li>\n<\/ul>","protected":false},"excerpt":{"rendered":"<p>CONTROL DOUBLE VIBES FOR CLITORAL STIMULATION<\/p>","protected":false},"featured_media":69679,"comment_status":"open","ping_status":"closed","template":"","meta":{"_monsterinsights_skip_tracking":false,"_monsterinsights_sitenote_active":false,"_monsterinsights_sitenote_note":"","_monsterinsights_sitenote_category":0,"_joinchat":[]},"product_brand":[],"product_cat":[1193,1156,1152,1155,1165,1294,1163,1153],"product_tag":[],"class_list":{"0":"post-33976","1":"product","2":"type-product","3":"status-publish","4":"has-post-thumbnail","6":"product_cat-juguetes-bienestar-vibradores100-sumergible","7":"product_cat-juguetes-bienestar-juguetes-para-mujeresestimuladores","8":"product_cat-juguetes-bienestar","9":"product_cat-juguetes-bienestar-juguetes-para-mujeres","10":"product_cat-juguetes-bienestar-juguetes-para-mujeresmasturbadores-para-ellas","11":"product_cat-juguetes-bienestar-vibradoresmini-vibradores","12":"product_cat-juguetes-bienestar-juguetes-para-mujeresestimuladorespara-clitoris","13":"product_cat-juguetes-bienestar-vibradores","14":"yith_product_brand-control","15":"yith_product_brand-controlcontrol-toys","17":"first","18":"instock","19":"taxable","20":"shipping-taxable","21":"purchasable","22":"product-type-simple"},"aioseo_notices":[],"_links":{"self":[{"href":"https:\/\/www.mysexualfantasy.eu\/en\/wp-json\/wp\/v2\/product\/33976","targetHints":{"allow":["GET"]}}],"collection":[{"href":"https:\/\/www.mysexualfantasy.eu\/en\/wp-json\/wp\/v2\/product"}],"about":[{"href":"https:\/\/www.mysexualfantasy.eu\/en\/wp-json\/wp\/v2\/types\/product"}],"replies":[{"embeddable":true,"href":"https:\/\/www.mysexualfantasy.eu\/en\/wp-json\/wp\/v2\/comments?post=33976"}],"wp:featuredmedia":[{"embeddable":true,"href":"https:\/\/www.mysexualfantasy.eu\/en\/wp-json\/wp\/v2\/media\/69679"}],"wp:attachment":[{"href":"https:\/\/www.mysexualfantasy.eu\/en\/wp-json\/wp\/v2\/media?parent=33976"}],"wp:term":[{"taxonomy":"product_brand","embeddable":true,"href":"https:\/\/www.mysexualfantasy.eu\/en\/wp-json\/wp\/v2\/product_brand?post=33976"},{"taxonomy":"product_cat","embeddable":true,"href":"https:\/\/www.mysexualfantasy.eu\/en\/wp-json\/wp\/v2\/product_cat?post=33976"},{"taxonomy":"product_tag","embeddable":true,"href":"https:\/\/www.mysexualfantasy.eu\/en\/wp-json\/wp\/v2\/product_tag?post=33976"}],"curies":[{"name":"wp","href":"https:\/\/api.w.org\/{rel}","templated":true}]}}