{"id":3399,"date":"2023-01-13T14:50:29","date_gmt":"2023-01-13T14:50:29","guid":{"rendered":"https:\/\/www.mysexualfantasy.eu\/?post_type=product&#038;p=3399"},"modified":"2023-12-06T15:21:13","modified_gmt":"2023-12-06T15:21:13","slug":"sexy-rendez-vous-juego-para-dos-en-es-fr-de-ne-it-por-pol-ru-dan-sve","status":"publish","type":"product","link":"https:\/\/www.mysexualfantasy.eu\/en\/product\/sexy-rendez-vous-juego-para-dos-en-es-fr-de-ne-it-por-pol-ru-dan-sve\/","title":{"rendered":"SEXY RENDEZ VOUS JUEGO PARA DOS EN, ES, FR, DE, NE, IT, POR, POL, RU, DAN, SVE"},"content":{"rendered":"<p>Es un juego rom\u00e1ntico para dos. Flirtea, besa, masajea y disfruta de los juegos previos que el juguet\u00f3n tablero os propondr\u00e1. Gana tarjetas Sexy Rendez vous a medida que vas avanzando.<\/p>\n<p>Cada tarjeta contiene un encuentro lleno de sensualidad y sexualidad a la vez que es absolutamente creativo, aventurero o er\u00f3tico.<\/p>\n<p>El ganador puede elegir el sexy Rendez Vous a llevar a cabo. Las reglas vienen en Ingl\u00e9s, espa\u00f1ol, franc\u00e9s, alem\u00e1n, holand\u00e9s, italiano, portugu\u00e9s, polaco, ruso y dan\u00e9s.<\/p>\n<p>El mecanismo es muy simple, s\u00f3lo debes tirar el dado y caer en la casilla adecuada.<\/p>\n<p>Incluye el tablero, 10 cartas Rendez Vous, 2 fichas, el dado y las instrucciones.<\/p>\n<p>Comienza el Juego!!<\/p>","protected":false},"excerpt":{"rendered":"<p>SEXY RENDEZ VOUS GAME FOR TWO. EN, ES, FR, DE, NE, IT, POR, POL, RU, DAN, SVE<\/p>","protected":false},"featured_media":71821,"comment_status":"open","ping_status":"closed","template":"","meta":{"_monsterinsights_skip_tracking":false,"_monsterinsights_sitenote_active":false,"_monsterinsights_sitenote_note":"","_monsterinsights_sitenote_category":0,"_joinchat":[]},"product_brand":[],"product_cat":[616,1234,1232,1272,1267,1271,1236,1274],"product_tag":[],"class_list":{"0":"post-3399","1":"product","2":"type-product","3":"status-publish","4":"has-post-thumbnail","6":"product_cat-juegos","7":"product_cat-juegos-juegos-de-mesa","8":"product_cat-juegos-juegos-de-pareja","9":"product_cat-juegos-juegos-en-aleman","10":"product_cat-juegos-juegos-en-espanol","11":"product_cat-juegos-juegos-en-frances","12":"product_cat-juegos-juegos-en-ingles","13":"product_cat-juegos-juegos-en-italiano","14":"yith_product_brand-kheper-games","16":"first","17":"instock","18":"taxable","19":"shipping-taxable","20":"purchasable","21":"product-type-simple"},"aioseo_notices":[],"_links":{"self":[{"href":"https:\/\/www.mysexualfantasy.eu\/en\/wp-json\/wp\/v2\/product\/3399","targetHints":{"allow":["GET"]}}],"collection":[{"href":"https:\/\/www.mysexualfantasy.eu\/en\/wp-json\/wp\/v2\/product"}],"about":[{"href":"https:\/\/www.mysexualfantasy.eu\/en\/wp-json\/wp\/v2\/types\/product"}],"replies":[{"embeddable":true,"href":"https:\/\/www.mysexualfantasy.eu\/en\/wp-json\/wp\/v2\/comments?post=3399"}],"wp:featuredmedia":[{"embeddable":true,"href":"https:\/\/www.mysexualfantasy.eu\/en\/wp-json\/wp\/v2\/media\/71821"}],"wp:attachment":[{"href":"https:\/\/www.mysexualfantasy.eu\/en\/wp-json\/wp\/v2\/media?parent=3399"}],"wp:term":[{"taxonomy":"product_brand","embeddable":true,"href":"https:\/\/www.mysexualfantasy.eu\/en\/wp-json\/wp\/v2\/product_brand?post=3399"},{"taxonomy":"product_cat","embeddable":true,"href":"https:\/\/www.mysexualfantasy.eu\/en\/wp-json\/wp\/v2\/product_cat?post=3399"},{"taxonomy":"product_tag","embeddable":true,"href":"https:\/\/www.mysexualfantasy.eu\/en\/wp-json\/wp\/v2\/product_tag?post=3399"}],"curies":[{"name":"wp","href":"https:\/\/api.w.org\/{rel}","templated":true}]}}