{"id":34018,"date":"2023-01-13T13:41:07","date_gmt":"2023-01-13T13:41:07","guid":{"rendered":"https:\/\/www.mysexualfantasy.eu\/?post_type=product&#038;p=34018"},"modified":"2023-12-06T15:41:31","modified_gmt":"2023-12-06T15:41:31","slug":"tenga-masturbador-squeeze-tube-cup-hard","status":"publish","type":"product","link":"https:\/\/www.mysexualfantasy.eu\/en\/product\/tenga-masturbador-squeeze-tube-cup-hard\/","title":{"rendered":"TENGA MASTURBADOR SQUEEZE TUBE CUP HARD"},"content":{"rendered":"<p>Control de estimulaci\u00f3n al alcance de la mano<\/p>\n<p>Su carcasa suave\u00a0le permite manipular la presi\u00f3n durante el uso. La sensaci\u00f3n que deseas, controlada\u00a0 como quieras\u00a0<\/p>\n<p>Aprieta, libera, estruja\u00a0y acaricia para experimentar diferentes sensaciones. Acaricia, frota y aprieta tu camino a tu cl\u00edmax definitivo. El extremo redondeado del pasadizo permite una entrada suave y flexible y una excelente sensaci\u00f3n de adhesi\u00f3n a medida que sacas tu eje hacia fuera.<\/p>\n<p>Informaci\u00f3n del producto<\/p>\n<ul>\n<li>Desechable<\/li>\n<li>Pre-lubricado<\/li>\n<li>De un solo uso<\/li>\n<li>Interior con 29 n\u00f3dulos<\/li>\n<li>Mecanismo de inserci\u00f3n\u00a0liso<\/li>\n<li>Agujero de aire para controlar la succi\u00f3n al vac\u00edo<\/li>\n<li>Los n\u00f3dulos inversos ofrecen una entrada de deslizamiento y un retiro estimulante<\/li>\n<li>La carcasa blanda permite la aplicaci\u00f3n de presi\u00f3n<\/li>\n<\/ul>\n<p>M\u00e1s informaci\u00f3n<\/p>\n<ul>\n<li>Tama\u00f1o: 65x83x155mm<\/li>\n<li>Longitud de inserci\u00f3n Aprox. (mm): 150<\/li>\n<li>Ancho de inserci\u00f3n Aprox. (mm): 45<\/li>\n<li>Peso (g): 122<\/li>\n<\/ul>\n<p>Materiales:<\/p>\n<ul>\n<li>Manga\u00a0Elast\u00f3mero termopl\u00e1stico (TPE)<\/li>\n<li>Carcasa: PE<\/li>\n<li>Anillo lubricante: PU<\/li>\n<\/ul>","protected":false},"excerpt":{"rendered":"<p>TENGA SQUEEZE TUBE CUP HARD<\/p>","protected":false},"featured_media":60432,"comment_status":"open","ping_status":"closed","template":"","meta":{"_monsterinsights_skip_tracking":false,"_monsterinsights_sitenote_active":false,"_monsterinsights_sitenote_note":"","_monsterinsights_sitenote_category":0,"_joinchat":[]},"product_brand":[],"product_cat":[1152,1160,1167],"product_tag":[],"class_list":{"0":"post-34018","1":"product","2":"type-product","3":"status-publish","4":"has-post-thumbnail","6":"product_cat-juguetes-bienestar","7":"product_cat-juguetes-bienestar-juguetes-para-hombres","8":"product_cat-juguetes-bienestar-juguetes-para-hombresmasturbadores-para-ellos","9":"yith_product_brand-tenga","11":"first","12":"instock","13":"taxable","14":"shipping-taxable","15":"purchasable","16":"product-type-simple"},"aioseo_notices":[],"_links":{"self":[{"href":"https:\/\/www.mysexualfantasy.eu\/en\/wp-json\/wp\/v2\/product\/34018","targetHints":{"allow":["GET"]}}],"collection":[{"href":"https:\/\/www.mysexualfantasy.eu\/en\/wp-json\/wp\/v2\/product"}],"about":[{"href":"https:\/\/www.mysexualfantasy.eu\/en\/wp-json\/wp\/v2\/types\/product"}],"replies":[{"embeddable":true,"href":"https:\/\/www.mysexualfantasy.eu\/en\/wp-json\/wp\/v2\/comments?post=34018"}],"wp:featuredmedia":[{"embeddable":true,"href":"https:\/\/www.mysexualfantasy.eu\/en\/wp-json\/wp\/v2\/media\/60432"}],"wp:attachment":[{"href":"https:\/\/www.mysexualfantasy.eu\/en\/wp-json\/wp\/v2\/media?parent=34018"}],"wp:term":[{"taxonomy":"product_brand","embeddable":true,"href":"https:\/\/www.mysexualfantasy.eu\/en\/wp-json\/wp\/v2\/product_brand?post=34018"},{"taxonomy":"product_cat","embeddable":true,"href":"https:\/\/www.mysexualfantasy.eu\/en\/wp-json\/wp\/v2\/product_cat?post=34018"},{"taxonomy":"product_tag","embeddable":true,"href":"https:\/\/www.mysexualfantasy.eu\/en\/wp-json\/wp\/v2\/product_tag?post=34018"}],"curies":[{"name":"wp","href":"https:\/\/api.w.org\/{rel}","templated":true}]}}