{"id":34030,"date":"2023-01-13T13:41:08","date_gmt":"2023-01-13T13:41:08","guid":{"rendered":"https:\/\/www.mysexualfantasy.eu\/?post_type=product&#038;p=34030"},"modified":"2023-12-06T15:41:33","modified_gmt":"2023-12-06T15:41:33","slug":"tenga-masturbador-rolling-head-cup-hard","status":"publish","type":"product","link":"https:\/\/www.mysexualfantasy.eu\/en\/product\/tenga-masturbador-rolling-head-cup-hard\/","title":{"rendered":"TENGA MASTURBADOR ROLLING HEAD CUP HARD"},"content":{"rendered":"<p>Con la adopci\u00f3n de un cuerpo flexible y en espiral, podr\u00e1s\u00a0disfrutar de sensaciones de 360\u00b0 en la punta de su eje. Inserte hasta el punto medio y gire la cabeza para disfrutar de un potente apriete mientras controla la gran protuberancia en la regi\u00f3n m\u00e1s profunda.<\/p>\n<p>Informaci\u00f3n del producto<\/p>\n<ul>\n<li>Desechable<\/li>\n<li>Pre-lubricado<\/li>\n<li>Est\u00edmulo complejo con m\u00faltiples n\u00f3dulos<\/li>\n<li>Anillo lubricante sostiene y aplica lubricaci\u00f3n<\/li>\n<li>La bola de potencia rodante da un est\u00edmulo agresivo a la cabeza<\/li>\n<li>El cuerpo flexible permite 360 grados de estimulaci\u00f3n<\/li>\n<li>Mecanismo de inserci\u00f3n de almohadilla lisa<\/li>\n<\/ul>\n<p>M\u00e1s informaci\u00f3n<\/p>\n<ul>\n<li>Tama\u00f1o: 69 \u00d7 69 \u00d7 155<\/li>\n<li>Longitud de inserci\u00f3n Aprox. (mm): 150<\/li>\n<li>Ancho de inserci\u00f3n Aprox. (mm): 45<\/li>\n<li>Peso (g): 132<\/li>\n<\/ul>\n<p>Materiales:<\/p>\n<ul>\n<li>Manga: Elast\u00f3mero termopl\u00e1stico (TPE)<\/li>\n<li>Carcasa: PU<\/li>\n<\/ul>","protected":false},"excerpt":{"rendered":"<p>TENGA ROLLING HEAD CUP HARD<\/p>","protected":false},"featured_media":60436,"comment_status":"open","ping_status":"closed","template":"","meta":{"_monsterinsights_skip_tracking":false,"_monsterinsights_sitenote_active":false,"_monsterinsights_sitenote_note":"","_monsterinsights_sitenote_category":0,"_joinchat":[]},"product_brand":[],"product_cat":[1152,1160,1167],"product_tag":[],"class_list":{"0":"post-34030","1":"product","2":"type-product","3":"status-publish","4":"has-post-thumbnail","6":"product_cat-juguetes-bienestar","7":"product_cat-juguetes-bienestar-juguetes-para-hombres","8":"product_cat-juguetes-bienestar-juguetes-para-hombresmasturbadores-para-ellos","9":"yith_product_brand-tenga","11":"first","12":"instock","13":"taxable","14":"shipping-taxable","15":"purchasable","16":"product-type-simple"},"aioseo_notices":[],"_links":{"self":[{"href":"https:\/\/www.mysexualfantasy.eu\/en\/wp-json\/wp\/v2\/product\/34030","targetHints":{"allow":["GET"]}}],"collection":[{"href":"https:\/\/www.mysexualfantasy.eu\/en\/wp-json\/wp\/v2\/product"}],"about":[{"href":"https:\/\/www.mysexualfantasy.eu\/en\/wp-json\/wp\/v2\/types\/product"}],"replies":[{"embeddable":true,"href":"https:\/\/www.mysexualfantasy.eu\/en\/wp-json\/wp\/v2\/comments?post=34030"}],"wp:featuredmedia":[{"embeddable":true,"href":"https:\/\/www.mysexualfantasy.eu\/en\/wp-json\/wp\/v2\/media\/60436"}],"wp:attachment":[{"href":"https:\/\/www.mysexualfantasy.eu\/en\/wp-json\/wp\/v2\/media?parent=34030"}],"wp:term":[{"taxonomy":"product_brand","embeddable":true,"href":"https:\/\/www.mysexualfantasy.eu\/en\/wp-json\/wp\/v2\/product_brand?post=34030"},{"taxonomy":"product_cat","embeddable":true,"href":"https:\/\/www.mysexualfantasy.eu\/en\/wp-json\/wp\/v2\/product_cat?post=34030"},{"taxonomy":"product_tag","embeddable":true,"href":"https:\/\/www.mysexualfantasy.eu\/en\/wp-json\/wp\/v2\/product_tag?post=34030"}],"curies":[{"name":"wp","href":"https:\/\/api.w.org\/{rel}","templated":true}]}}