{"id":34895,"date":"2023-01-13T12:21:48","date_gmt":"2023-01-13T12:21:48","guid":{"rendered":"https:\/\/www.mysexualfantasy.eu\/?post_type=product&#038;p=34895"},"modified":"2023-12-06T17:25:57","modified_gmt":"2023-12-06T17:25:57","slug":"obsessive-alifini-teddy-s-m","status":"publish","type":"product","link":"https:\/\/www.mysexualfantasy.eu\/en\/product\/obsessive-alifini-teddy-s-m\/","title":{"rendered":"OBSESSIVE &#8211; ALIFINI TEDDY S\/M"},"content":{"rendered":"<p>Dijiste que te gustaban los cl\u00e1sicos? \u00a1Prueba algo original! Este teddy\u00a0ser\u00e1 el tesoro escondido en tu armario para ocasiones especiales. Poni\u00e9ndotelo, le har\u00e1s saber suavemente que est\u00e1s despierta\u00a0para jugar. El inserto alado en la parte posterior te har\u00e1 sentir extremadamente elegante y elegante, y tu ser querido no ser\u00e1 capaz de quitarte los ojos de la espalda.<\/p>\n<p>Caracter\u00edsticas:<\/p>\n<ul>\n<li>Teddy colecci\u00f3n Alifini<\/li>\n<li>Elegante teddy negro<\/li>\n<li>Se adapta tanto a pechos\u00a0grandes como\u00a0peque\u00f1os<\/li>\n<li>Correa ajustable para el cuello  ajuste perfecto<\/li>\n<li>Cierre en las entrepiernas<\/li>\n<li>Dise\u00f1o de alas fenomenal &#8211; \u00abwow\u00bb efecto en la parte posterior!<\/li>\n<li>Copas\u00a0con reuni\u00f3n sutil para enfatizar los pechos<\/li>\n<li>Tejido agradable y el\u00e1stico (90% poliamida, 10% elastano)<\/li>\n<li>Talla: S\/M<\/li>\n<\/ul>\n<p 1.5=\"\" color:=\"\" font-size:=\"\" line-height:=\"\" margin-top:=\"\" roboto=\"\" style=\"box-sizing: border-box;\">Obsessive significa inspiraci\u00f3n en la mujer!\u00a0 Elegancia, sensualidad, amor a la costura&#8230;.significa mucho para la mujer, pocos son los adjetivos que pueden calificar a Obsessive, donde una labor de a\u00f1os han conseguido unir la mejor relaci\u00f3n calidad-precio.<\/p>\n<p 1.5=\"\" color:=\"\" font-size:=\"\" line-height:=\"\" margin-top:=\"\" roboto=\"\" style=\"box-sizing: border-box;\">\u00a1L\u00edderes mundiales en lencer\u00eda, nadie lo hace mejor!<\/p>\n<p style=\"text-align: center;\"><img decoding=\"async\" src=\"https:\/\/store.dreamlove.es\/UserFiles\/images\/SIZES.png\" \/><\/p>","protected":false},"excerpt":{"rendered":"<p>OBSESSIVE &#8211; ALIFINI TEDDY S\/M<\/p>","protected":false},"featured_media":49666,"comment_status":"open","ping_status":"closed","template":"","meta":{"_monsterinsights_skip_tracking":false,"_monsterinsights_sitenote_active":false,"_monsterinsights_sitenote_note":"","_monsterinsights_sitenote_category":0,"_joinchat":[]},"product_brand":[],"product_cat":[1287,1196,1199,1166],"product_tag":[],"class_list":{"0":"post-34895","1":"product","2":"type-product","3":"status-publish","4":"has-post-thumbnail","6":"product_cat-moda-lencerialenceria-mujerlenceria-sexybodys","7":"product_cat-moda-lencerialenceria-mujer","8":"product_cat-moda-lencerialenceria-mujerlenceria-sexy","9":"product_cat-moda-lenceria","10":"yith_product_brand-obsessive","11":"yith_product_brand-obsessiveobsessive-teddies","13":"first","14":"instock","15":"taxable","16":"shipping-taxable","17":"purchasable","18":"product-type-variable"},"aioseo_notices":[],"_links":{"self":[{"href":"https:\/\/www.mysexualfantasy.eu\/en\/wp-json\/wp\/v2\/product\/34895","targetHints":{"allow":["GET"]}}],"collection":[{"href":"https:\/\/www.mysexualfantasy.eu\/en\/wp-json\/wp\/v2\/product"}],"about":[{"href":"https:\/\/www.mysexualfantasy.eu\/en\/wp-json\/wp\/v2\/types\/product"}],"replies":[{"embeddable":true,"href":"https:\/\/www.mysexualfantasy.eu\/en\/wp-json\/wp\/v2\/comments?post=34895"}],"wp:featuredmedia":[{"embeddable":true,"href":"https:\/\/www.mysexualfantasy.eu\/en\/wp-json\/wp\/v2\/media\/49666"}],"wp:attachment":[{"href":"https:\/\/www.mysexualfantasy.eu\/en\/wp-json\/wp\/v2\/media?parent=34895"}],"wp:term":[{"taxonomy":"product_brand","embeddable":true,"href":"https:\/\/www.mysexualfantasy.eu\/en\/wp-json\/wp\/v2\/product_brand?post=34895"},{"taxonomy":"product_cat","embeddable":true,"href":"https:\/\/www.mysexualfantasy.eu\/en\/wp-json\/wp\/v2\/product_cat?post=34895"},{"taxonomy":"product_tag","embeddable":true,"href":"https:\/\/www.mysexualfantasy.eu\/en\/wp-json\/wp\/v2\/product_tag?post=34895"}],"curies":[{"name":"wp","href":"https:\/\/api.w.org\/{rel}","templated":true}]}}