{"id":34941,"date":"2023-01-13T14:43:58","date_gmt":"2023-01-13T14:43:58","guid":{"rendered":"https:\/\/www.mysexualfantasy.eu\/?post_type=product&#038;p=34941"},"modified":"2023-12-06T17:27:04","modified_gmt":"2023-12-06T17:27:04","slug":"obsessive-peonesia-set-tres-piezas-s-m","status":"publish","type":"product","link":"https:\/\/www.mysexualfantasy.eu\/en\/product\/obsessive-peonesia-set-tres-piezas-s-m\/","title":{"rendered":"OBSESSIVE &#8211; PEONESIA SET TRES PIEZAS S\/M"},"content":{"rendered":"<p>Vaya por el conjunto Peonesia y florezca por la noche. Original liguero atado en la parte posterior con una delicada cuerda\u00a0, tanga a juego, y un sujetador de encaje con correas. Qu\u00e9 m\u00e1s podr\u00edas querer? Ser\u00e1 una noche inolvidable. Bueno, entonces, adelante y d\u00e9jalo caer en el carro!<\/p>\n<p>Caracter\u00edsticas:<\/p>\n<ul>\n<li>Set tres piezas Peonesia\u00a0<\/li>\n<li>Tirantas y liguero ajustables\u00a0 comodidad mientras se usa<\/li>\n<li>Encaje floral  el m\u00e1s hermoso por ah\u00ed<\/li>\n<li>Correas en los pechosquedan mas expuestos\u00a0<\/li>\n<li>Sujetador con cierre ajustable<\/li>\n<li>Las copas se refuerzan con cables<\/li>\n<li>Cintur\u00f3n de liga alta regulable<\/li>\n<li>El conjunto incluye: sujetador, cintur\u00f3n de ligas y tanga<\/li>\n<li>Las medias no forman parte del conjunto, disponible por separado<\/li>\n<li>Tejido agradable al tacto con elasticidad ligera (90% poliamida, 10% elastano)<\/li>\n<li>Tama\u00f1o: S\/M<\/li>\n<\/ul>\n<p 1.5=\"\" color:=\"\" font-size:=\"\" line-height:=\"\" margin-top:=\"\" roboto=\"\" style=\"box-sizing: border-box;\">Obsessive significa inspiraci\u00f3n en la mujer!\u00a0 Elegancia, sensualidad, amor a la costura&#8230;.significa mucho para la mujer, pocos son los adjetivos que pueden calificar a Obsessive, donde una labor de a\u00f1os han conseguido unir la mejor relaci\u00f3n calidad-precio.<\/p>\n<p 1.5=\"\" color:=\"\" font-size:=\"\" line-height:=\"\" margin-top:=\"\" roboto=\"\" style=\"box-sizing: border-box;\">\u00a1L\u00edderes mundiales en lencer\u00eda, nadie lo hace mejor!<\/p>\n<p style=\"text-align: center;\"><img decoding=\"async\" src=\"https:\/\/store.dreamlove.es\/UserFiles\/images\/SIZES.png\" \/><\/p>","protected":false},"excerpt":{"rendered":"<p>OBSESSIVE &#8211; PEONESIA THREE PIECES SET S\/M<\/p>","protected":false},"featured_media":70691,"comment_status":"open","ping_status":"closed","template":"","meta":{"_monsterinsights_skip_tracking":false,"_monsterinsights_sitenote_active":false,"_monsterinsights_sitenote_note":"","_monsterinsights_sitenote_category":0,"_joinchat":[]},"product_brand":[],"product_cat":[1196,1197,1166,1445],"product_tag":[],"class_list":{"0":"post-34941","1":"product","2":"type-product","3":"status-publish","4":"has-post-thumbnail","6":"product_cat-moda-lencerialenceria-mujer","7":"product_cat-moda-lencerialenceria-mujerlenceria-picante","8":"product_cat-moda-lenceria","9":"product_cat-moda-lencerialenceria-mujerlenceria-picantesets-con-liguero","10":"yith_product_brand-obsessive","11":"yith_product_brand-obsessiveobsessive-sets","13":"first","14":"instock","15":"taxable","16":"shipping-taxable","17":"purchasable","18":"product-type-variable"},"aioseo_notices":[],"_links":{"self":[{"href":"https:\/\/www.mysexualfantasy.eu\/en\/wp-json\/wp\/v2\/product\/34941","targetHints":{"allow":["GET"]}}],"collection":[{"href":"https:\/\/www.mysexualfantasy.eu\/en\/wp-json\/wp\/v2\/product"}],"about":[{"href":"https:\/\/www.mysexualfantasy.eu\/en\/wp-json\/wp\/v2\/types\/product"}],"replies":[{"embeddable":true,"href":"https:\/\/www.mysexualfantasy.eu\/en\/wp-json\/wp\/v2\/comments?post=34941"}],"wp:featuredmedia":[{"embeddable":true,"href":"https:\/\/www.mysexualfantasy.eu\/en\/wp-json\/wp\/v2\/media\/70691"}],"wp:attachment":[{"href":"https:\/\/www.mysexualfantasy.eu\/en\/wp-json\/wp\/v2\/media?parent=34941"}],"wp:term":[{"taxonomy":"product_brand","embeddable":true,"href":"https:\/\/www.mysexualfantasy.eu\/en\/wp-json\/wp\/v2\/product_brand?post=34941"},{"taxonomy":"product_cat","embeddable":true,"href":"https:\/\/www.mysexualfantasy.eu\/en\/wp-json\/wp\/v2\/product_cat?post=34941"},{"taxonomy":"product_tag","embeddable":true,"href":"https:\/\/www.mysexualfantasy.eu\/en\/wp-json\/wp\/v2\/product_tag?post=34941"}],"curies":[{"name":"wp","href":"https:\/\/api.w.org\/{rel}","templated":true}]}}