{"id":34983,"date":"2023-01-13T13:41:26","date_gmt":"2023-01-13T13:41:26","guid":{"rendered":"https:\/\/www.mysexualfantasy.eu\/?post_type=product&#038;p=34983"},"modified":"2023-12-06T16:06:17","modified_gmt":"2023-12-06T16:06:17","slug":"3some-wall-banger-beads-negro","status":"publish","type":"product","link":"https:\/\/www.mysexualfantasy.eu\/en\/product\/3some-wall-banger-beads-negro\/","title":{"rendered":"3SOME &#8211; WALL BANGER BEADS NEGRO"},"content":{"rendered":"<p>\u00a1Los Wall Banger Beads est\u00e1n dise\u00f1ados para crear la mejor experiencia en excitantes sesiones de sexo en solitario o compartirla con un compa\u00f1ero para una aventura sexual sublime!<\/p>\n<p>Este masajeador vibratorio multifunci\u00f3n tiene un control remoto magn\u00e9tico extra\u00edble que se conecta f\u00e1cilmente a la base del enchufe para poner el control al alcance de su mano o, mejor a\u00fan, \u00a1deje que su pareja use el control remoto! \u00a1Una poderosa base de ventosa sostiene los Wall Banger Beads para alcanzar esos lugares perfectos!<\/p>\n<p>\u00a1Experimenta la diversi\u00f3n y descubre un sinf\u00edn de posibilidades!<\/p>\n<p>Caracter\u00edsticas<\/p>\n<ul>\n<li>Dimensiones del producto: 16.8 x 7.8 cm<\/li>\n<li>Longitud total: 16.8 cm<\/li>\n<li>Di\u00e1metro: 3.8 cm<\/li>\n<li>Longitud insertable: 11.5 cm<\/li>\n<li>Vibraci\u00f3n:\u00a0Si<\/li>\n<li>Modos de vibraci\u00f3n: 7<\/li>\n<li>Modos de velocidad: 3<\/li>\n<li>Resistencia al agua: Impermeable<\/li>\n<li>Bodysafe: Si<\/li>\n<li>Material: Silicone  ABS Plastic<\/li>\n<li>Recargable: Carga magn\u00e9tica<\/li>\n<li>Baterias incluidas: Si<\/li>\n<li>Tiempo de carga en minutos: 60<\/li>\n<li>Tiempo de funcionamiento en minutos: 60<\/li>\n<li>Control remoto: Si\u00bb<\/li>\n<\/ul>","protected":false},"excerpt":{"rendered":"<p>3SOME &#8211; WALL BANGER BEADS BLACK<\/p>","protected":false},"featured_media":60493,"comment_status":"open","ping_status":"closed","template":"","meta":{"_monsterinsights_skip_tracking":false,"_monsterinsights_sitenote_active":false,"_monsterinsights_sitenote_note":"","_monsterinsights_sitenote_category":0,"_joinchat":[]},"product_brand":[],"product_cat":[1162,1152,1155,1165,1189,1309,1153],"product_tag":[],"class_list":{"0":"post-34983","1":"product","2":"type-product","3":"status-publish","4":"has-post-thumbnail","6":"product_cat-juguetes-bienestar-anal","7":"product_cat-juguetes-bienestar","8":"product_cat-juguetes-bienestar-juguetes-para-mujeres","9":"product_cat-juguetes-bienestar-juguetes-para-mujeresmasturbadores-para-ellas","10":"product_cat-juguetes-bienestar-analplugs-anales","11":"product_cat-juguetes-bienestar-juguetes-para-mujerespunto-g","12":"product_cat-juguetes-bienestar-vibradores","13":"yith_product_brand-pipedreams3some","14":"yith_product_brand-pipedreams","16":"first","17":"instock","18":"taxable","19":"shipping-taxable","20":"purchasable","21":"product-type-simple"},"aioseo_notices":[],"_links":{"self":[{"href":"https:\/\/www.mysexualfantasy.eu\/en\/wp-json\/wp\/v2\/product\/34983","targetHints":{"allow":["GET"]}}],"collection":[{"href":"https:\/\/www.mysexualfantasy.eu\/en\/wp-json\/wp\/v2\/product"}],"about":[{"href":"https:\/\/www.mysexualfantasy.eu\/en\/wp-json\/wp\/v2\/types\/product"}],"replies":[{"embeddable":true,"href":"https:\/\/www.mysexualfantasy.eu\/en\/wp-json\/wp\/v2\/comments?post=34983"}],"wp:featuredmedia":[{"embeddable":true,"href":"https:\/\/www.mysexualfantasy.eu\/en\/wp-json\/wp\/v2\/media\/60493"}],"wp:attachment":[{"href":"https:\/\/www.mysexualfantasy.eu\/en\/wp-json\/wp\/v2\/media?parent=34983"}],"wp:term":[{"taxonomy":"product_brand","embeddable":true,"href":"https:\/\/www.mysexualfantasy.eu\/en\/wp-json\/wp\/v2\/product_brand?post=34983"},{"taxonomy":"product_cat","embeddable":true,"href":"https:\/\/www.mysexualfantasy.eu\/en\/wp-json\/wp\/v2\/product_cat?post=34983"},{"taxonomy":"product_tag","embeddable":true,"href":"https:\/\/www.mysexualfantasy.eu\/en\/wp-json\/wp\/v2\/product_tag?post=34983"}],"curies":[{"name":"wp","href":"https:\/\/api.w.org\/{rel}","templated":true}]}}