{"id":34985,"date":"2023-01-13T13:41:28","date_gmt":"2023-01-13T13:41:28","guid":{"rendered":"https:\/\/www.mysexualfantasy.eu\/?post_type=product&#038;p=34985"},"modified":"2023-12-06T15:41:45","modified_gmt":"2023-12-06T15:41:45","slug":"pdx-plus-pick-your-pleasure-masturbador-doble-marron","status":"publish","type":"product","link":"https:\/\/www.mysexualfantasy.eu\/en\/product\/pdx-plus-pick-your-pleasure-masturbador-doble-marron\/","title":{"rendered":"PDX PLUS+ PICK YOUR PLEASURE MASTURBADOR DOBLE MARRON"},"content":{"rendered":"<p>\u00a1Elige la mejor forma de penetrar y da vida a tus fantas\u00edas m\u00e1s calientes con el ultrarrealista Pick Your Pleasure Stroker!<\/p>\n<p>Cada pieza presenta una textura de piel s\u00faper detallada y dos orificios diferentes para la penetraci\u00f3n. Ya sea que anheles vagina o ano\u00a0\u00a1este masturbador lo tiene todo! \u00a1Tambi\u00e9n cuenta con un intrincado t\u00fanel interior forrado con protuberancias de placer que sacudir\u00e1n tu mundo!<\/p>\n<p>Fabricado con nuestro exclusivo material Fanta Flesh, el Pick Your Pleasure Stroker se ve y se siente como si fuera real.<\/p>\n<p>Caracter\u00edsticas<\/p>\n<ul>\n<li>Elige tu orificio: \u00a1Perfecto para aquellos que anhelan variedad!<\/li>\n<li>Intrincado dise\u00f1o de t\u00fanel: dise\u00f1ado para brindarle el m\u00e1ximo placer.<\/li>\n<li>Textura de piel realista: \u00a1Los detalles s\u00faper finos hacen que se vea y se sienta como algo real!<\/li>\n<li>Dimensiones del producto: 16.5 x 9.7 cm<\/li>\n<li>Longitud total: 16.5 cm<\/li>\n<li>Di\u00e1metro:Se estira\u00a0hasta los\u00a07.6 cm<\/li>\n<li>Longitud insertable:\n<ul>\n<li>Anal: 12.7 cm <\/li>\n<li>Vagina: 12.7 cm<\/li>\n<\/ul>\n<\/li>\n<li>Bodysafe: Si<\/li>\n<li>Material: FantaFlesh TPR\u00bb<\/li>\n<\/ul>","protected":false},"excerpt":{"rendered":"<p>PDX PLUS+ PICK YOUR PLEASURE STROKER &#8211; BROWN<\/p>","protected":false},"featured_media":60502,"comment_status":"open","ping_status":"closed","template":"","meta":{"_monsterinsights_skip_tracking":false,"_monsterinsights_sitenote_active":false,"_monsterinsights_sitenote_note":"","_monsterinsights_sitenote_category":0,"_joinchat":[]},"product_brand":[],"product_cat":[1152,1160,1167,1168],"product_tag":[],"class_list":{"0":"post-34985","1":"product","2":"type-product","3":"status-publish","4":"has-post-thumbnail","6":"product_cat-juguetes-bienestar","7":"product_cat-juguetes-bienestar-juguetes-para-hombres","8":"product_cat-juguetes-bienestar-juguetes-para-hombresmasturbadores-para-ellos","9":"product_cat-juguetes-bienestar-juguetes-para-hombresvaginas-y-anos","10":"yith_product_brand-pipedreamspdx-plus","11":"yith_product_brand-pipedreams","13":"first","14":"instock","15":"taxable","16":"shipping-taxable","17":"purchasable","18":"product-type-simple"},"aioseo_notices":[],"_links":{"self":[{"href":"https:\/\/www.mysexualfantasy.eu\/en\/wp-json\/wp\/v2\/product\/34985","targetHints":{"allow":["GET"]}}],"collection":[{"href":"https:\/\/www.mysexualfantasy.eu\/en\/wp-json\/wp\/v2\/product"}],"about":[{"href":"https:\/\/www.mysexualfantasy.eu\/en\/wp-json\/wp\/v2\/types\/product"}],"replies":[{"embeddable":true,"href":"https:\/\/www.mysexualfantasy.eu\/en\/wp-json\/wp\/v2\/comments?post=34985"}],"wp:featuredmedia":[{"embeddable":true,"href":"https:\/\/www.mysexualfantasy.eu\/en\/wp-json\/wp\/v2\/media\/60502"}],"wp:attachment":[{"href":"https:\/\/www.mysexualfantasy.eu\/en\/wp-json\/wp\/v2\/media?parent=34985"}],"wp:term":[{"taxonomy":"product_brand","embeddable":true,"href":"https:\/\/www.mysexualfantasy.eu\/en\/wp-json\/wp\/v2\/product_brand?post=34985"},{"taxonomy":"product_cat","embeddable":true,"href":"https:\/\/www.mysexualfantasy.eu\/en\/wp-json\/wp\/v2\/product_cat?post=34985"},{"taxonomy":"product_tag","embeddable":true,"href":"https:\/\/www.mysexualfantasy.eu\/en\/wp-json\/wp\/v2\/product_tag?post=34985"}],"curies":[{"name":"wp","href":"https:\/\/api.w.org\/{rel}","templated":true}]}}