{"id":35075,"date":"2023-01-13T11:37:24","date_gmt":"2023-01-13T11:37:24","guid":{"rendered":"https:\/\/www.mysexualfantasy.eu\/?post_type=product&#038;p=35075"},"modified":"2023-12-06T15:24:36","modified_gmt":"2023-12-06T15:24:36","slug":"calex-arnes-estilo-boxer-xxl-xxxl","status":"publish","type":"product","link":"https:\/\/www.mysexualfantasy.eu\/en\/product\/calex-arnes-estilo-boxer-xxl-xxxl\/","title":{"rendered":"CALEX ARNES ESTILO BOXER XXL\/XXXL"},"content":{"rendered":"<p>El arn\u00e9s Boundless Boxer Brief es un arn\u00e9s ultrac\u00f3modo y f\u00e1cil de usar dise\u00f1ado pensando en\u00a0rendimiento y m\u00e1xima comodidad<\/p>\n<p>Este arn\u00e9s cl\u00e1sico tiene una pretina extra ancha de apoyo, material el\u00e1stico suave y correas de sonda internas para brindar el m\u00e1ximo apoyo. Disfrute de un f\u00e1cil acceso a su sonda favorita con el c\u00f3modo dise\u00f1o interior de doble panel.<\/p>\n<p>La junta t\u00f3rica reforzada y duradera se estira para adaptarse a su compresor, vibrador o consolador favorito.<\/p>\n<p>Tanto a los principiantes como a los usuarios m\u00e1s experimentados, les encantar\u00e1 el placer sin frustraciones con este arn\u00e9s f\u00e1cil de usar. Simplemente asegure su dildo\u00a0favorito, desl\u00edcela en las correas extra el\u00e1sticas de la cintura y los muslos y sum\u00e9rjase en la penetraci\u00f3n apasionada o disfrute de un uso c\u00f3modo durante todo el d\u00eda.<\/p>\n<p>Disfrute de una limpieza f\u00e1cil lavando a m\u00e1quina y colgando para secar.<\/p>\n<ul>\n<li>Estilo b\u00f3xers; funciona como un arn\u00e9s de primera calidad<\/li>\n<li>El dise\u00f1o ajustado se puede usar discretamente debajo de la ropa<\/li>\n<li>Cintura extra ancha para un soporte superior<\/li>\n<li>El\u00e1stico y c\u00f3modo con forro suave<\/li>\n<li>Bolsillo interno para asegurar su empaque en su lugar\u00a0<\/li>\n<li>Interior de doble panel para f\u00e1cil acceso<\/li>\n<li>La junta t\u00f3rica reforzada se estira para adaptarse a la mayor\u00eda de los empacadores, dongs o sondas.\u00a0<\/li>\n<li>Impermeable: No<\/li>\n<li>Bodysafe: Si<\/li>\n<li>Material: 78% nylon, 22% spandex (tela) 48% nailon, 35% poli\u00e9ster, 17% spandex (cintura)<\/li>\n<\/ul>","protected":false},"excerpt":{"rendered":"<p>CALEX BOUNDLESS BOXER BRIEF XXL\/XXXL<\/p>","protected":false},"featured_media":36639,"comment_status":"open","ping_status":"closed","template":"","meta":{"_monsterinsights_skip_tracking":false,"_monsterinsights_sitenote_active":false,"_monsterinsights_sitenote_note":"","_monsterinsights_sitenote_category":0,"_joinchat":[]},"product_brand":[],"product_cat":[1173,1283,1152],"product_tag":[],"class_list":{"0":"post-35075","1":"product","2":"type-product","3":"status-publish","4":"has-post-thumbnail","6":"product_cat-juguetes-bienestar-arneses","7":"product_cat-juguetes-bienestar-arnesescomplementos-arneses","8":"product_cat-juguetes-bienestar","9":"yith_product_brand-california-exotics","11":"first","12":"instock","13":"taxable","14":"shipping-taxable","15":"purchasable","16":"product-type-simple"},"aioseo_notices":[],"_links":{"self":[{"href":"https:\/\/www.mysexualfantasy.eu\/en\/wp-json\/wp\/v2\/product\/35075","targetHints":{"allow":["GET"]}}],"collection":[{"href":"https:\/\/www.mysexualfantasy.eu\/en\/wp-json\/wp\/v2\/product"}],"about":[{"href":"https:\/\/www.mysexualfantasy.eu\/en\/wp-json\/wp\/v2\/types\/product"}],"replies":[{"embeddable":true,"href":"https:\/\/www.mysexualfantasy.eu\/en\/wp-json\/wp\/v2\/comments?post=35075"}],"wp:featuredmedia":[{"embeddable":true,"href":"https:\/\/www.mysexualfantasy.eu\/en\/wp-json\/wp\/v2\/media\/36639"}],"wp:attachment":[{"href":"https:\/\/www.mysexualfantasy.eu\/en\/wp-json\/wp\/v2\/media?parent=35075"}],"wp:term":[{"taxonomy":"product_brand","embeddable":true,"href":"https:\/\/www.mysexualfantasy.eu\/en\/wp-json\/wp\/v2\/product_brand?post=35075"},{"taxonomy":"product_cat","embeddable":true,"href":"https:\/\/www.mysexualfantasy.eu\/en\/wp-json\/wp\/v2\/product_cat?post=35075"},{"taxonomy":"product_tag","embeddable":true,"href":"https:\/\/www.mysexualfantasy.eu\/en\/wp-json\/wp\/v2\/product_tag?post=35075"}],"curies":[{"name":"wp","href":"https:\/\/api.w.org\/{rel}","templated":true}]}}