{"id":35076,"date":"2023-01-13T11:38:39","date_gmt":"2023-01-13T11:38:39","guid":{"rendered":"https:\/\/www.mysexualfantasy.eu\/?post_type=product&#038;p=35076"},"modified":"2023-12-06T15:51:54","modified_gmt":"2023-12-06T15:51:54","slug":"calex-boundless-dildo-17-8-cm","status":"publish","type":"product","link":"https:\/\/www.mysexualfantasy.eu\/en\/product\/calex-boundless-dildo-17-8-cm\/","title":{"rendered":"CALEX BOUNDLESS DILDO 17.8 CM"},"content":{"rendered":"<p>El plug anal suave Boundless 17,75 cm seguramente lo empujar\u00e1 al mundo org\u00e1smico de una estimulaci\u00f3n interna extraordinariamente profunda.<\/p>\n<p>El eje perfectamente angulado, el dise\u00f1o extralargo y la base fuerte de la ventosa le permiten ofrecer una estimulaci\u00f3n precisa con cada empuje. El plug anal acentuada y el eje r\u00edgido se crean para provocar perfectamente las curvas \u00edntimas y complacer los puntos dulces internos.<\/p>\n<p>Una base de ventosa potente es perfecta para un juego creativo de placer con manos libres, simplemente desl\u00edzate en tu arn\u00e9s favorito o m\u00f3ntalo en una superficie plana para disfrutar de una experiencia incre\u00edblemente buena. hora.<\/p>\n<p>La silicona de primera calidad hipoalerg\u00e9nica es segura para el cuerpo, sin perfume y sin ftalatos para mantener los puntos m\u00e1s sensibles, felices y saludables.<\/p>\n<ul>\n<li>Dildo de silicona premium suave y sin costuras<\/li>\n<li>Dise\u00f1o curvo extralargo para mayor comodidad y facilidad de uso<\/li>\n<li>Base de ventosa de bajo perfil resistente<\/li>\n<li>Se adapta a la mayor\u00eda de los arneses.<\/li>\n<li>Dimensiones del producto: 17,75 cm x 3,25 cm (sonda)  7.5 cm (base)<\/li>\n<li>Impermeable: S\u00ed<\/li>\n<li>Bodysafe: Si<\/li>\n<li>Material: Silicona<\/li>\n<li>Ventosa: S\u00ed<\/li>\n<\/ul>","protected":false},"excerpt":{"rendered":"<p>CALEX BOUNDLESS DILDO 17.8 CM<\/p>","protected":false},"featured_media":40192,"comment_status":"open","ping_status":"closed","template":"","meta":{"_monsterinsights_skip_tracking":false,"_monsterinsights_sitenote_active":false,"_monsterinsights_sitenote_note":"","_monsterinsights_sitenote_category":0,"_joinchat":[]},"product_brand":[],"product_cat":[1173,1182,1304,1303,1152],"product_tag":[],"class_list":{"0":"post-35076","1":"product","2":"type-product","3":"status-publish","4":"has-post-thumbnail","6":"product_cat-juguetes-bienestar-arneses","7":"product_cat-juguetes-bienestar-dildos","8":"product_cat-juguetes-bienestar-dildosdildos-para-arneses","9":"product_cat-juguetes-bienestar-dildosdildos-punto-g","10":"product_cat-juguetes-bienestar","11":"yith_product_brand-california-exotics","13":"first","14":"instock","15":"taxable","16":"shipping-taxable","17":"purchasable","18":"product-type-simple"},"aioseo_notices":[],"_links":{"self":[{"href":"https:\/\/www.mysexualfantasy.eu\/en\/wp-json\/wp\/v2\/product\/35076","targetHints":{"allow":["GET"]}}],"collection":[{"href":"https:\/\/www.mysexualfantasy.eu\/en\/wp-json\/wp\/v2\/product"}],"about":[{"href":"https:\/\/www.mysexualfantasy.eu\/en\/wp-json\/wp\/v2\/types\/product"}],"replies":[{"embeddable":true,"href":"https:\/\/www.mysexualfantasy.eu\/en\/wp-json\/wp\/v2\/comments?post=35076"}],"wp:featuredmedia":[{"embeddable":true,"href":"https:\/\/www.mysexualfantasy.eu\/en\/wp-json\/wp\/v2\/media\/40192"}],"wp:attachment":[{"href":"https:\/\/www.mysexualfantasy.eu\/en\/wp-json\/wp\/v2\/media?parent=35076"}],"wp:term":[{"taxonomy":"product_brand","embeddable":true,"href":"https:\/\/www.mysexualfantasy.eu\/en\/wp-json\/wp\/v2\/product_brand?post=35076"},{"taxonomy":"product_cat","embeddable":true,"href":"https:\/\/www.mysexualfantasy.eu\/en\/wp-json\/wp\/v2\/product_cat?post=35076"},{"taxonomy":"product_tag","embeddable":true,"href":"https:\/\/www.mysexualfantasy.eu\/en\/wp-json\/wp\/v2\/product_tag?post=35076"}],"curies":[{"name":"wp","href":"https:\/\/api.w.org\/{rel}","templated":true}]}}