{"id":35100,"date":"2023-01-13T11:38:39","date_gmt":"2023-01-13T11:38:39","guid":{"rendered":"https:\/\/www.mysexualfantasy.eu\/?post_type=product&#038;p=35100"},"modified":"2023-12-06T15:51:55","modified_gmt":"2023-12-06T15:51:55","slug":"calex-boundless-dildo-15-25-cm-compatible-con-arnes","status":"publish","type":"product","link":"https:\/\/www.mysexualfantasy.eu\/en\/product\/calex-boundless-dildo-15-25-cm-compatible-con-arnes\/","title":{"rendered":"CALEX BOUNDLESS DILDO 15.25 CM COMPATIBLE CON ARNES"},"content":{"rendered":"<p>El Boundless 15.25 cm seguramente lo empujar\u00e1 al mundo org\u00e1smico con una\u00a0estimulaci\u00f3n interna sensacional.<\/p>\n<p>El eje perfectamente angulado, sensualmente estriado y la fuerte base con ventosa le permiten proporcionar una estimulaci\u00f3n precisa en\u00a0cada empuje. La sonda acentuada y el eje de textura r\u00edgida se crean para provocar perfectamente las curvas \u00edntimas y complacer los puntos dulces internos.<\/p>\n<p>Una base de ventosa potente es perfecta para un juego creativo de placer con manos libres, simplemente desl\u00edzate en tu arn\u00e9s favorito o m\u00f3ntelo en una superficie plana para pasar un buen rato de placer<\/p>\n<p>La silicona de primera calidad hipoalerg\u00e9nica es segura para el cuerpo, sin perfume y sin ftalatos para mantener los puntos m\u00e1s sensibles, felices y saludables.<\/p>\n<ul>\n<li>Sonda de silicona premium de textura sensual y sin costuras<\/li>\n<li>Dise\u00f1o curvo, extendido y estriado para mayor comodidad y facilidad de uso<\/li>\n<li>Base de ventosa de perfil bajo resistente<\/li>\n<li>Se adapta a la mayor\u00eda de los arneses.<\/li>\n<li>Dimensiones del producto:\n<ul>\n<li>15.25 cm x 2.5 cm (sonda)\u00a0<\/li>\n<li>7.5 cm (base)<\/li>\n<\/ul>\n<\/li>\n<li>Impermeable: S\u00ed<\/li>\n<li>Bodysafe: Si<\/li>\n<li>Material: Silicona<\/li>\n<li>Ventosa: S\u00ed\u00bb<\/li>\n<\/ul>","protected":false},"excerpt":{"rendered":"<p>CALEX BOUNDLESS DILDO 15.25 CM HARNESS COMPATIBLE<\/p>","protected":false},"featured_media":40197,"comment_status":"open","ping_status":"closed","template":"","meta":{"_monsterinsights_skip_tracking":false,"_monsterinsights_sitenote_active":false,"_monsterinsights_sitenote_note":"","_monsterinsights_sitenote_category":0,"_joinchat":[]},"product_brand":[],"product_cat":[1173,1182,1304,1303,1152],"product_tag":[],"class_list":{"0":"post-35100","1":"product","2":"type-product","3":"status-publish","4":"has-post-thumbnail","6":"product_cat-juguetes-bienestar-arneses","7":"product_cat-juguetes-bienestar-dildos","8":"product_cat-juguetes-bienestar-dildosdildos-para-arneses","9":"product_cat-juguetes-bienestar-dildosdildos-punto-g","10":"product_cat-juguetes-bienestar","11":"yith_product_brand-california-exotics","13":"first","14":"instock","15":"taxable","16":"shipping-taxable","17":"purchasable","18":"product-type-simple"},"aioseo_notices":[],"_links":{"self":[{"href":"https:\/\/www.mysexualfantasy.eu\/en\/wp-json\/wp\/v2\/product\/35100","targetHints":{"allow":["GET"]}}],"collection":[{"href":"https:\/\/www.mysexualfantasy.eu\/en\/wp-json\/wp\/v2\/product"}],"about":[{"href":"https:\/\/www.mysexualfantasy.eu\/en\/wp-json\/wp\/v2\/types\/product"}],"replies":[{"embeddable":true,"href":"https:\/\/www.mysexualfantasy.eu\/en\/wp-json\/wp\/v2\/comments?post=35100"}],"wp:featuredmedia":[{"embeddable":true,"href":"https:\/\/www.mysexualfantasy.eu\/en\/wp-json\/wp\/v2\/media\/40197"}],"wp:attachment":[{"href":"https:\/\/www.mysexualfantasy.eu\/en\/wp-json\/wp\/v2\/media?parent=35100"}],"wp:term":[{"taxonomy":"product_brand","embeddable":true,"href":"https:\/\/www.mysexualfantasy.eu\/en\/wp-json\/wp\/v2\/product_brand?post=35100"},{"taxonomy":"product_cat","embeddable":true,"href":"https:\/\/www.mysexualfantasy.eu\/en\/wp-json\/wp\/v2\/product_cat?post=35100"},{"taxonomy":"product_tag","embeddable":true,"href":"https:\/\/www.mysexualfantasy.eu\/en\/wp-json\/wp\/v2\/product_tag?post=35100"}],"curies":[{"name":"wp","href":"https:\/\/api.w.org\/{rel}","templated":true}]}}