{"id":35101,"date":"2023-01-13T11:38:40","date_gmt":"2023-01-13T11:38:40","guid":{"rendered":"https:\/\/www.mysexualfantasy.eu\/?post_type=product&#038;p=35101"},"modified":"2023-12-06T15:51:56","modified_gmt":"2023-12-06T15:51:56","slug":"calex-boundless-dildo-12-cm-compatible-con-arnes","status":"publish","type":"product","link":"https:\/\/www.mysexualfantasy.eu\/en\/product\/calex-boundless-dildo-12-cm-compatible-con-arnes\/","title":{"rendered":"CALEX &#8211; BOUNDLESS DILDO 12 CM COMPATIBLE CON ARNES"},"content":{"rendered":"<p><strong>El Boundless<\/strong> de 12 cm seguramente lo empujar\u00e1 al mundo org\u00e1smico con una\u00a0estimulaci\u00f3n interna sensacional.<\/p>\n<p>El eje perfectamente angulado y estriado y su base con su fuerte ventosa le permiten proporcionar una estimulaci\u00f3n precisa con cada empuje, al ser\u00a0r\u00edgido pero curvado se creado\u00a0para alcanzar los puntos sensitivos de placer internos<\/p>\n<p>Una base con ventosa\u00a0es perfecta para un juego creativo de placer con manos libres, simplemente desl\u00edzate en tu arn\u00e9s favorito o m\u00f3ntelo en una superficie plana para pasar un buen rato\u00a0<\/p>\n<p>La silicona de primera calidad hipoalerg\u00e9nica es segura para el cuerpo, sin perfume y sin ftalatos para mantener los puntos m\u00e1s sensibles, felices y saludables.<\/p>\n<ul>\n<li>Dildo de silicona premium con textura sensual y sin costuras<\/li>\n<li>Dise\u00f1o curvo y estriado para mayor comodidad y facilidad de uso<\/li>\n<li>Base de ventosa de perfil bajo resistente<\/li>\n<li>Se adapta a la mayor\u00eda de los arneses<\/li>\n<li>Dimensiones del producto:<\/li>\n<li>12 cm x 2.5 cm (dildo)\u00a0\n<ul>\n<li>7.5 cm (base)<\/li>\n<\/ul>\n<\/li>\n<li>Impermeable: S\u00ed<\/li>\n<li>Bodysafe: Si<\/li>\n<li>Material: Silicona<\/li>\n<li>Ventosa: S\u00ed<\/li>\n<\/ul>","protected":false},"excerpt":{"rendered":"<p>CALEX &#8211; BOUNDLESS DILDO 12 CM HARNESS COMPATIBLE<\/p>","protected":false},"featured_media":40202,"comment_status":"open","ping_status":"closed","template":"","meta":{"_monsterinsights_skip_tracking":false,"_monsterinsights_sitenote_active":false,"_monsterinsights_sitenote_note":"","_monsterinsights_sitenote_category":0,"_joinchat":[]},"product_brand":[],"product_cat":[1173,1182,1304,1303,1152],"product_tag":[],"class_list":{"0":"post-35101","1":"product","2":"type-product","3":"status-publish","4":"has-post-thumbnail","6":"product_cat-juguetes-bienestar-arneses","7":"product_cat-juguetes-bienestar-dildos","8":"product_cat-juguetes-bienestar-dildosdildos-para-arneses","9":"product_cat-juguetes-bienestar-dildosdildos-punto-g","10":"product_cat-juguetes-bienestar","11":"yith_product_brand-california-exotics","13":"first","14":"instock","15":"taxable","16":"shipping-taxable","17":"purchasable","18":"product-type-simple"},"aioseo_notices":[],"_links":{"self":[{"href":"https:\/\/www.mysexualfantasy.eu\/en\/wp-json\/wp\/v2\/product\/35101","targetHints":{"allow":["GET"]}}],"collection":[{"href":"https:\/\/www.mysexualfantasy.eu\/en\/wp-json\/wp\/v2\/product"}],"about":[{"href":"https:\/\/www.mysexualfantasy.eu\/en\/wp-json\/wp\/v2\/types\/product"}],"replies":[{"embeddable":true,"href":"https:\/\/www.mysexualfantasy.eu\/en\/wp-json\/wp\/v2\/comments?post=35101"}],"wp:featuredmedia":[{"embeddable":true,"href":"https:\/\/www.mysexualfantasy.eu\/en\/wp-json\/wp\/v2\/media\/40202"}],"wp:attachment":[{"href":"https:\/\/www.mysexualfantasy.eu\/en\/wp-json\/wp\/v2\/media?parent=35101"}],"wp:term":[{"taxonomy":"product_brand","embeddable":true,"href":"https:\/\/www.mysexualfantasy.eu\/en\/wp-json\/wp\/v2\/product_brand?post=35101"},{"taxonomy":"product_cat","embeddable":true,"href":"https:\/\/www.mysexualfantasy.eu\/en\/wp-json\/wp\/v2\/product_cat?post=35101"},{"taxonomy":"product_tag","embeddable":true,"href":"https:\/\/www.mysexualfantasy.eu\/en\/wp-json\/wp\/v2\/product_tag?post=35101"}],"curies":[{"name":"wp","href":"https:\/\/api.w.org\/{rel}","templated":true}]}}