{"id":35122,"date":"2023-01-13T14:46:58","date_gmt":"2023-01-13T14:46:58","guid":{"rendered":"https:\/\/www.mysexualfantasy.eu\/?post_type=product&#038;p=35122"},"modified":"2023-12-06T15:19:31","modified_gmt":"2023-12-06T15:19:31","slug":"annes-desire-mascarilla-reutilizable","status":"publish","type":"product","link":"https:\/\/www.mysexualfantasy.eu\/en\/product\/annes-desire-mascarilla-reutilizable\/","title":{"rendered":"ANNE&#8217;S DESIRE &#8211; MASCARILLA REUTILIZABLE"},"content":{"rendered":"<p>\u00a1Al mal tiempo buena cara! Y para eso aqu\u00ed tienes nuestra mascarilla facial Anne&#8217;s Desire<\/p>\n<p>Confeccionadas con materiales de primera calidad y con un dise\u00f1o sencillo y elegante esta mascarilla es perfecta para el uso diario ya que puede lavarse y reutilizarse f\u00e1cilmente.\u00a0<\/p>\n<p>Ha sido dise\u00f1ada para dar un toque elegante y complementar tu atuendo y estilo sin perder la comodidad en estos\u00a0tiempos tan dif\u00edciles que corren, en los que la mascarilla se ha convertido nuestra principal compa\u00f1era por lo que es preciso una m\u00e1xima comodidad y ajuste conseguidos gracias a sus tiras regulables para las orejas que hacen que pueda adaptarse a la mayor\u00eda de los tama\u00f1os\u00a0<\/p>\n<ul>\n<li>Mascarilla Anne&#8217;s Desire<\/li>\n<li>3 capas de protecci\u00f3n\u00a0<\/li>\n<li>Reutilizable<\/li>\n<li>Lavar a 60 grados\u00a0<\/li>\n<li>Material: Spunbond de polipropileno\u00a0<\/li>\n<li>Mascarilla de protecci\u00f3n higi\u00e9nica reutilizable y lavable seg\u00fan normas UNE-EN13274 y UNE-EN149<\/li>\n<\/ul>\n<p>Los tejidos utilizados para confeccionar las mascarillas han sido sometidos a las pruebas de los laboratorios certificados AITEX e ITEL, que han certificado que los tejidos cumplen los requisitos respecto a la eficacia de filtraci\u00f3n bacteriana (BFE), la respirabilidad y los requisitos ecol\u00f3gico-humnos del STANDARD 100 by OEKO-TEX\u00ae as\u00ed como los especificados en el Real Decreto BOE, la normativa UNE 0065 y la nueva normativa europea CWA 17553:2020.<\/p>\n<p>Esta mascarilla reutilizable no es un producto sanitario (seg\u00fan la directiva 93\/42\/CEE o el Reglamente UE 2017\/745) ni tampoco es un EPI (seg\u00fan el Reglamento UE 2016-425).<\/p>","protected":false},"excerpt":{"rendered":"<p>ANNE&#8217;S DESIRE &#8211; REUSABLE MASK<\/p>","protected":false},"featured_media":71312,"comment_status":"open","ping_status":"closed","template":"","meta":{"_monsterinsights_skip_tracking":false,"_monsterinsights_sitenote_active":false,"_monsterinsights_sitenote_note":"","_monsterinsights_sitenote_category":0,"_joinchat":[]},"product_brand":[],"product_cat":[1240,1269,1166],"product_tag":[],"class_list":{"0":"post-35122","1":"product","2":"type-product","3":"status-publish","4":"has-post-thumbnail","6":"product_cat-articulos-varios","7":"product_cat-articulos-variosmascarillas-reutilizables","8":"product_cat-moda-lenceria","9":"yith_product_brand-anne-s-desire","11":"first","12":"instock","13":"taxable","14":"shipping-taxable","15":"purchasable","16":"product-type-simple"},"aioseo_notices":[],"_links":{"self":[{"href":"https:\/\/www.mysexualfantasy.eu\/en\/wp-json\/wp\/v2\/product\/35122","targetHints":{"allow":["GET"]}}],"collection":[{"href":"https:\/\/www.mysexualfantasy.eu\/en\/wp-json\/wp\/v2\/product"}],"about":[{"href":"https:\/\/www.mysexualfantasy.eu\/en\/wp-json\/wp\/v2\/types\/product"}],"replies":[{"embeddable":true,"href":"https:\/\/www.mysexualfantasy.eu\/en\/wp-json\/wp\/v2\/comments?post=35122"}],"wp:featuredmedia":[{"embeddable":true,"href":"https:\/\/www.mysexualfantasy.eu\/en\/wp-json\/wp\/v2\/media\/71312"}],"wp:attachment":[{"href":"https:\/\/www.mysexualfantasy.eu\/en\/wp-json\/wp\/v2\/media?parent=35122"}],"wp:term":[{"taxonomy":"product_brand","embeddable":true,"href":"https:\/\/www.mysexualfantasy.eu\/en\/wp-json\/wp\/v2\/product_brand?post=35122"},{"taxonomy":"product_cat","embeddable":true,"href":"https:\/\/www.mysexualfantasy.eu\/en\/wp-json\/wp\/v2\/product_cat?post=35122"},{"taxonomy":"product_tag","embeddable":true,"href":"https:\/\/www.mysexualfantasy.eu\/en\/wp-json\/wp\/v2\/product_tag?post=35122"}],"curies":[{"name":"wp","href":"https:\/\/api.w.org\/{rel}","templated":true}]}}