{"id":35410,"date":"2023-01-13T13:41:45","date_gmt":"2023-01-13T13:41:45","guid":{"rendered":"https:\/\/www.mysexualfantasy.eu\/?post_type=product&#038;p=35410"},"modified":"2023-12-06T15:41:56","modified_gmt":"2023-12-06T15:41:56","slug":"tenga-flip-orb-strong-masturbador-crash-blanco-y-naranja","status":"publish","type":"product","link":"https:\/\/www.mysexualfantasy.eu\/en\/product\/tenga-flip-orb-strong-masturbador-crash-blanco-y-naranja\/","title":{"rendered":"TENGA FLIP ORB STRONG MASTURBADOR CRASH BLANCO Y NARANJA"},"content":{"rendered":"<p>\u00a1Sus potentes esferas, cubiertas por angulosos detalles internos, chocan y estimulan! El FLIP ORB STRONG busca ofrecer sensaciones a\u00fan m\u00e1s explosivas, con duras esferas envueltas en una cavidad de material firme. Disfruta de un nuevo tipo de sensaciones que los materiales blandos no pueden ofrecer por s\u00ed solos.<\/p>\n<p>FLIP ORB STRONG ORANGE CRASH<br \/>\u00a1\u00c1brete paso entre innumerables protuberancias multicapa y s\u00f3lidas esferas alineadas para disfrutar de una estimulaci\u00f3n completa y pronunciada!<\/p>\n<p>\u25cf Esferas flexibles<br \/>El FLIP ORB contiene una cavidad de elast\u00f3mero con esferas duras envueltas en un material blando, para crear una estimulaci\u00f3n en capas con sensaciones completamente nuevas. El FLIP ORB STRONG emplea esferas m\u00e1s duras para proporcionar un disfrute a\u00fan m\u00e1s intenso.<\/p>\n<p>\u25cf Forma de reloj de arena<br \/>La forma de reloj de arena, exclusiva de FLIP ORB y primera en su g\u00e9nero, obtuvo unas excelentes calificaciones por parte del 98 % de los probadores. \u00a1Gracias a ella, el FLIP ORB es f\u00e1cil de sujetar y proporciona una presi\u00f3n magn\u00edfica a media altura!<\/p>\n<ul>\n<li>Tama\u00f1o del producto71\u00d786\u00d7178 mm \/ (An.)\u00d7(L.)\u00d7(Al.)<\/li>\n<li>Tama\u00f1o embalado75\u00d7105\u00d7208 mm \/ (An.)\u00d7(L.)\u00d7(Al.)<\/li>\n<li>Peso del productoaprox. 498 g<\/li>\n<li>Informaci\u00f3n adicional:Reutilizable<\/li>\n<li>Lubricante incluido<\/li>\n<\/ul>\n<p>\u00a0<\/p>","protected":false},"excerpt":{"rendered":"<p>TENGA FLIP ORB STRONG MASTURBATOR WHITE AND ORANGE CRASH<\/p>","protected":false},"featured_media":60566,"comment_status":"open","ping_status":"closed","template":"","meta":{"_monsterinsights_skip_tracking":false,"_monsterinsights_sitenote_active":false,"_monsterinsights_sitenote_note":"","_monsterinsights_sitenote_category":0,"_joinchat":[]},"product_brand":[],"product_cat":[1152,1160,1167,1168],"product_tag":[],"class_list":{"0":"post-35410","1":"product","2":"type-product","3":"status-publish","4":"has-post-thumbnail","6":"product_cat-juguetes-bienestar","7":"product_cat-juguetes-bienestar-juguetes-para-hombres","8":"product_cat-juguetes-bienestar-juguetes-para-hombresmasturbadores-para-ellos","9":"product_cat-juguetes-bienestar-juguetes-para-hombresvaginas-y-anos","10":"yith_product_brand-tenga","12":"first","13":"instock","14":"taxable","15":"shipping-taxable","16":"purchasable","17":"product-type-simple"},"aioseo_notices":[],"_links":{"self":[{"href":"https:\/\/www.mysexualfantasy.eu\/en\/wp-json\/wp\/v2\/product\/35410","targetHints":{"allow":["GET"]}}],"collection":[{"href":"https:\/\/www.mysexualfantasy.eu\/en\/wp-json\/wp\/v2\/product"}],"about":[{"href":"https:\/\/www.mysexualfantasy.eu\/en\/wp-json\/wp\/v2\/types\/product"}],"replies":[{"embeddable":true,"href":"https:\/\/www.mysexualfantasy.eu\/en\/wp-json\/wp\/v2\/comments?post=35410"}],"wp:featuredmedia":[{"embeddable":true,"href":"https:\/\/www.mysexualfantasy.eu\/en\/wp-json\/wp\/v2\/media\/60566"}],"wp:attachment":[{"href":"https:\/\/www.mysexualfantasy.eu\/en\/wp-json\/wp\/v2\/media?parent=35410"}],"wp:term":[{"taxonomy":"product_brand","embeddable":true,"href":"https:\/\/www.mysexualfantasy.eu\/en\/wp-json\/wp\/v2\/product_brand?post=35410"},{"taxonomy":"product_cat","embeddable":true,"href":"https:\/\/www.mysexualfantasy.eu\/en\/wp-json\/wp\/v2\/product_cat?post=35410"},{"taxonomy":"product_tag","embeddable":true,"href":"https:\/\/www.mysexualfantasy.eu\/en\/wp-json\/wp\/v2\/product_tag?post=35410"}],"curies":[{"name":"wp","href":"https:\/\/api.w.org\/{rel}","templated":true}]}}