{"id":35468,"date":"2023-01-13T12:49:33","date_gmt":"2023-01-13T12:49:33","guid":{"rendered":"https:\/\/www.mysexualfantasy.eu\/?post_type=product&#038;p=35468"},"modified":"2023-12-06T15:10:29","modified_gmt":"2023-12-06T15:10:29","slug":"coquette-chic-desire-pocket-magic-climax-gel-for-her-gel-potenciador-orgasmo-10-ml","status":"publish","type":"product","link":"https:\/\/www.mysexualfantasy.eu\/en\/product\/coquette-chic-desire-pocket-magic-climax-gel-for-her-gel-potenciador-orgasmo-10-ml\/","title":{"rendered":"COQUETTE CHIC DESIRE &#8211; POCKET MAGIC CLIMAX GEL FOR HER GEL POTENCIADOR ORGASMO 10 ML"},"content":{"rendered":"<p>Dicen que una persona coqueta es aquella que es presumida, esmerada\u00a0en su arreglo personal y en todo cuanto pueda hacerle\u00a0parecer atractivo o atractiva&#8230;\u00a0al fin y al cabo exigente consigo misma,\u00a0por tanto, sus orgasmos no han de ser menos, si t\u00fa lo eres te traemos el potenciador de orgasmos que buscabas.\u00a0<\/p>\n<p>Qu\u00e9 es el Magic Climax gel Power Orgasm de Coquette Chic Desire?\u00a0<\/p>\n<p>Una crema potenciadora del orgasmo para las m\u00e1s exigentes, las amantes del placer, una crema que, aplicada sobre el cl\u00edtoris, gracias a su f\u00f3rmula exclusiva producir\u00e1 una placentera sensaci\u00f3n que har\u00e1 vivir orgasmos inolvidables.\u00a0<\/p>\n<p>Puedes utilizarlo sola o en las relaciones con tu pareja; Magic Power Orgasm te ayudar\u00e1 a llegar al orgasmo de manera m\u00e1s intensa y te permitir\u00e1 concentrarte y disfrutar tambi\u00e9n de otros placeres.<\/p>\n<p>Por qu\u00e9 utilizarlo?<\/p>\n<p>Magic Power Orgasm\u00a0de Coquette\u00a0Chic Desire es una forma natural de incrementar la sensibilidad del cl\u00edtoris y su excitaci\u00f3n usando ingredientes naturales que aumentan el flujo sangu\u00edneo hacia el cl\u00edtoris y los labios vaginales, estimulan los nervios y dan una nueva dimensi\u00f3n a la excitaci\u00f3n, creando unas sensaciones que nunca antes hab\u00edas sentido.<\/p>\n<ul>\n<li>Crema potenciadora del orgasmo\u00a0<\/li>\n<li>Para ella\u00a0<\/li>\n<li>Formato de bolsillo. Placer asegurado a tu alcance en cualquier lugar\u00a0\u00a0<\/li>\n<li>10 ml\u00a0<\/li>\n<li>Experiencia premium\u00a0<\/li>\n<\/ul>\n<p>\u00a0<\/p>","protected":false},"excerpt":{"rendered":"<p>COQUETTE CHIC DESIRE &#8211; POCKET MAGIC CLIMAX GEL FOR HER ORGASM ENHANCER 10 ML<\/p>","protected":false},"featured_media":53655,"comment_status":"open","ping_status":"closed","template":"","meta":{"_monsterinsights_skip_tracking":false,"_monsterinsights_sitenote_active":false,"_monsterinsights_sitenote_note":"","_monsterinsights_sitenote_category":0,"_joinchat":[]},"product_brand":[],"product_cat":[1203,1209,1225],"product_tag":[],"class_list":{"0":"post-35468","1":"product","2":"type-product","3":"status-publish","4":"has-post-thumbnail","6":"product_cat-drogueria","7":"product_cat-drogueria-estimulantes-para-ellas","8":"product_cat-drogueria-estimulantes-para-ellasintensificador-orgasmos","9":"yith_product_brand-coquette-chic-desire","10":"yith_product_brand-coquette-chic-desirecoquette-cosmetics","12":"first","13":"instock","14":"taxable","15":"shipping-taxable","16":"purchasable","17":"product-type-simple"},"aioseo_notices":[],"_links":{"self":[{"href":"https:\/\/www.mysexualfantasy.eu\/en\/wp-json\/wp\/v2\/product\/35468","targetHints":{"allow":["GET"]}}],"collection":[{"href":"https:\/\/www.mysexualfantasy.eu\/en\/wp-json\/wp\/v2\/product"}],"about":[{"href":"https:\/\/www.mysexualfantasy.eu\/en\/wp-json\/wp\/v2\/types\/product"}],"replies":[{"embeddable":true,"href":"https:\/\/www.mysexualfantasy.eu\/en\/wp-json\/wp\/v2\/comments?post=35468"}],"wp:featuredmedia":[{"embeddable":true,"href":"https:\/\/www.mysexualfantasy.eu\/en\/wp-json\/wp\/v2\/media\/53655"}],"wp:attachment":[{"href":"https:\/\/www.mysexualfantasy.eu\/en\/wp-json\/wp\/v2\/media?parent=35468"}],"wp:term":[{"taxonomy":"product_brand","embeddable":true,"href":"https:\/\/www.mysexualfantasy.eu\/en\/wp-json\/wp\/v2\/product_brand?post=35468"},{"taxonomy":"product_cat","embeddable":true,"href":"https:\/\/www.mysexualfantasy.eu\/en\/wp-json\/wp\/v2\/product_cat?post=35468"},{"taxonomy":"product_tag","embeddable":true,"href":"https:\/\/www.mysexualfantasy.eu\/en\/wp-json\/wp\/v2\/product_tag?post=35468"}],"curies":[{"name":"wp","href":"https:\/\/api.w.org\/{rel}","templated":true}]}}