{"id":35471,"date":"2023-01-13T12:40:05","date_gmt":"2023-01-13T12:40:05","guid":{"rendered":"https:\/\/www.mysexualfantasy.eu\/?post_type=product&#038;p=35471"},"modified":"2023-12-06T15:03:14","modified_gmt":"2023-12-06T15:03:14","slug":"coquette-chic-desire-pocket-lubricante-kissable-base-agua-fresa-10-ml","status":"publish","type":"product","link":"https:\/\/www.mysexualfantasy.eu\/en\/product\/coquette-chic-desire-pocket-lubricante-kissable-base-agua-fresa-10-ml\/","title":{"rendered":"COQUETTE CHIC DESIRE &#8211; POCKET LUBRICANTE KISSABLE BASE AGUA FRESA 10 ML"},"content":{"rendered":"<p>Dicen que una persona coqueta es aquella que es presumida, que le gusta cuidar de s\u00ed misma y que hace\u00a0todo cuanto pueda para parecer atractivo o atractiva&#8230;en definitiva, amante de lo bueno y lo exquisito,\u00a0es por eso quieren lo mejor para sus relaciones.\u00a0<\/p>\n<p>Qu\u00e9 es el Lubricante de fresa de Coquette Chic Desire?\u00a0<\/p>\n<p>Un delicioso lubricante base agua premium con deslizamiento de larga duraci\u00f3n y por supuesto acompa\u00f1ado de un delicioso sabor a fresa.\u00a0<\/p>\n<p>Por qu\u00e9 utilizarlo?<\/p>\n<p>El lubricante de fresa kissable de Coquette Chic Desire, gracias a su formato bolsillo har\u00e1 que puedas llevarlo a cualquier parte ofreciendo m\u00faltiples posibilidades de placer ya que puede emplearse bien con juguetes, ya que es base agua y su exclusiva f\u00f3rmula proporciona un\u00a0deslizamiento de larga duraci\u00f3n, o bien en las relaciones de pareja o preliminares pues su intenso sabor invita al juego y la pasi\u00f3n\u00a0<\/p>\n<ul>\n<li>Lubricante base agua\u00a0<\/li>\n<li>Kissable\u00a0<\/li>\n<li>F\u00f3rmula exclusiva. Larga duraci\u00f3n\u00a0<\/li>\n<li>Formato de bolsillo. Placer asegurado a tu alcance en cualquier lugar\u00a0\u00a0<\/li>\n<li>10 ml\u00a0<\/li>\n<li>Experiencia premium\u00a0<\/li>\n<\/ul>\n<p>\u00a0<\/p>","protected":false},"excerpt":{"rendered":"<p>COQUETTE CHIC DESIRE &#8211; POCKET WATERBASED KISSABLE STRAWBERRY LUBE GEL 10 ML<\/p>","protected":false},"featured_media":52554,"comment_status":"open","ping_status":"closed","template":"","meta":{"_monsterinsights_skip_tracking":false,"_monsterinsights_sitenote_active":false,"_monsterinsights_sitenote_note":"","_monsterinsights_sitenote_category":0,"_joinchat":[]},"product_brand":[],"product_cat":[1212,1203,1206],"product_tag":[],"class_list":{"0":"post-35471","1":"product","2":"type-product","3":"status-publish","4":"has-post-thumbnail","6":"product_cat-drogueria-lubricantescon-deliciosos-sabores","7":"product_cat-drogueria","8":"product_cat-drogueria-lubricantes","9":"yith_product_brand-coquette-chic-desire","10":"yith_product_brand-coquette-chic-desirecoquette-cosmetics","12":"first","13":"instock","14":"taxable","15":"shipping-taxable","16":"purchasable","17":"product-type-simple"},"aioseo_notices":[],"_links":{"self":[{"href":"https:\/\/www.mysexualfantasy.eu\/en\/wp-json\/wp\/v2\/product\/35471","targetHints":{"allow":["GET"]}}],"collection":[{"href":"https:\/\/www.mysexualfantasy.eu\/en\/wp-json\/wp\/v2\/product"}],"about":[{"href":"https:\/\/www.mysexualfantasy.eu\/en\/wp-json\/wp\/v2\/types\/product"}],"replies":[{"embeddable":true,"href":"https:\/\/www.mysexualfantasy.eu\/en\/wp-json\/wp\/v2\/comments?post=35471"}],"wp:featuredmedia":[{"embeddable":true,"href":"https:\/\/www.mysexualfantasy.eu\/en\/wp-json\/wp\/v2\/media\/52554"}],"wp:attachment":[{"href":"https:\/\/www.mysexualfantasy.eu\/en\/wp-json\/wp\/v2\/media?parent=35471"}],"wp:term":[{"taxonomy":"product_brand","embeddable":true,"href":"https:\/\/www.mysexualfantasy.eu\/en\/wp-json\/wp\/v2\/product_brand?post=35471"},{"taxonomy":"product_cat","embeddable":true,"href":"https:\/\/www.mysexualfantasy.eu\/en\/wp-json\/wp\/v2\/product_cat?post=35471"},{"taxonomy":"product_tag","embeddable":true,"href":"https:\/\/www.mysexualfantasy.eu\/en\/wp-json\/wp\/v2\/product_tag?post=35471"}],"curies":[{"name":"wp","href":"https:\/\/api.w.org\/{rel}","templated":true}]}}