{"id":35648,"date":"2023-01-13T12:33:49","date_gmt":"2023-01-13T12:33:49","guid":{"rendered":"https:\/\/www.mysexualfantasy.eu\/?post_type=product&#038;p=35648"},"modified":"2023-12-06T17:27:05","modified_gmt":"2023-12-06T17:27:05","slug":"passion-kyouka-corset-rojo-s-m","status":"publish","type":"product","link":"https:\/\/www.mysexualfantasy.eu\/en\/product\/passion-kyouka-corset-rojo-s-m\/","title":{"rendered":"PASSION KYOUKA CORSET ROJO S\/M"},"content":{"rendered":"<p>Este corset\u00a0es una fabulosa pieza de lencer\u00eda\u00a0con un dise\u00f1o espectacularmente sexy con el que te convertir\u00e1s en una bomba de seducci\u00f3n,\u00a0fabricado por la prestigiosa marca de lencer\u00eda sexy Passion.\u00a0<\/p>\n<p style=\"line-height: 20.8px;\">Devill Collection\u00a0es una de las l\u00edneas m\u00e1s atrevida y er\u00f3tica de tu marca de lencer\u00eda favorita, Passion.\u00a0<\/p>\n<ul>\n<li>Corset\u00a0Kyouka<\/li>\n<li>Tirantas ajustables\u00a0<\/li>\n<li>Genial combinaci\u00f3n de materiales transparentes y tirantas\u00a0<\/li>\n<li>Material el\u00e1stico<\/li>\n<li>Tanga a juego incluido\u00a0<\/li>\n<li>Composici\u00f3n:\u00a075% Poliester, 15% Elastan, 10% Poliamid<\/li>\n<li>Presentaci\u00f3n en\u00a0caja\u00a0<\/li>\n<li>Talla S\/M<\/li>\n<\/ul>\n<p style=\"line-height: 20.8px;\">Passion es lenceria fabricada en la Union Europea con estrictos controles de calidad, cuidando el maximo detalle tanto en la fabricacion como en sus elementos decorativos, pensado para el mundo actual, personas dinamicas con ganas de innovar y sentirse siempre al dia.<\/p>\n<p style=\"text-align: center;\"><img decoding=\"async\" alt=\"\" src=\"https:\/\/store.dreamlove.es\/UserFiles\/images\/PASIOM.png\" style=\"line-height: 20.8px; outline: 0px; box-sizing: border-box; vertical-align: middle; border: 0px; max-width: 100%; width: 512px; height: 167px;\" \/><\/p>","protected":false},"excerpt":{"rendered":"<p>PASSION KYOUKA CORSET &#8211; RED S\/M<\/p>","protected":false},"featured_media":51589,"comment_status":"open","ping_status":"closed","template":"","meta":{"_monsterinsights_skip_tracking":false,"_monsterinsights_sitenote_active":false,"_monsterinsights_sitenote_note":"","_monsterinsights_sitenote_category":0,"_joinchat":[]},"product_brand":[],"product_cat":[1323,1324,1198,1447,1196,1197,1166],"product_tag":[],"class_list":{"0":"post-35648","1":"product","2":"type-product","3":"status-publish","4":"has-post-thumbnail","6":"product_cat-moda-lencerialenceria-mujeraccesorios","7":"product_cat-moda-lencerialenceria-mujeraccesoriosarnes-para-el-cuerpo","8":"product_cat-moda-lencerialenceria-mujerlenceria-picanteconjunto-de-lenceria-sexy","9":"product_cat-moda-lencerialenceria-mujerlenceria-picantecorsets","10":"product_cat-moda-lencerialenceria-mujer","11":"product_cat-moda-lencerialenceria-mujerlenceria-picante","12":"product_cat-moda-lenceria","13":"yith_product_brand-passion","14":"yith_product_brand-passionpassion-woman","15":"yith_product_brand-passionpassion-womanpassion-woman-corsets","17":"first","18":"instock","19":"taxable","20":"shipping-taxable","21":"purchasable","22":"product-type-variable"},"aioseo_notices":[],"_links":{"self":[{"href":"https:\/\/www.mysexualfantasy.eu\/en\/wp-json\/wp\/v2\/product\/35648","targetHints":{"allow":["GET"]}}],"collection":[{"href":"https:\/\/www.mysexualfantasy.eu\/en\/wp-json\/wp\/v2\/product"}],"about":[{"href":"https:\/\/www.mysexualfantasy.eu\/en\/wp-json\/wp\/v2\/types\/product"}],"replies":[{"embeddable":true,"href":"https:\/\/www.mysexualfantasy.eu\/en\/wp-json\/wp\/v2\/comments?post=35648"}],"wp:featuredmedia":[{"embeddable":true,"href":"https:\/\/www.mysexualfantasy.eu\/en\/wp-json\/wp\/v2\/media\/51589"}],"wp:attachment":[{"href":"https:\/\/www.mysexualfantasy.eu\/en\/wp-json\/wp\/v2\/media?parent=35648"}],"wp:term":[{"taxonomy":"product_brand","embeddable":true,"href":"https:\/\/www.mysexualfantasy.eu\/en\/wp-json\/wp\/v2\/product_brand?post=35648"},{"taxonomy":"product_cat","embeddable":true,"href":"https:\/\/www.mysexualfantasy.eu\/en\/wp-json\/wp\/v2\/product_cat?post=35648"},{"taxonomy":"product_tag","embeddable":true,"href":"https:\/\/www.mysexualfantasy.eu\/en\/wp-json\/wp\/v2\/product_tag?post=35648"}],"curies":[{"name":"wp","href":"https:\/\/api.w.org\/{rel}","templated":true}]}}