{"id":35763,"date":"2023-01-13T14:44:09","date_gmt":"2023-01-13T14:44:09","guid":{"rendered":"https:\/\/www.mysexualfantasy.eu\/?post_type=product&#038;p=35763"},"modified":"2023-12-06T15:28:25","modified_gmt":"2023-12-06T15:28:25","slug":"obsessive-millagro-set-dos-piezas-s-m","status":"publish","type":"product","link":"https:\/\/www.mysexualfantasy.eu\/en\/product\/obsessive-millagro-set-dos-piezas-s-m\/","title":{"rendered":"OBSESSIVE &#8211; MILLAGRO SET DOS PIEZAS S\/M"},"content":{"rendered":"<p>Has estado deseando algo dulce con un poco de picante\u00a0\u00faltimamente? Echa un vistazo al fant\u00e1stico conjunto Millagro. M\u00e1s all\u00e1 de toda duda, har\u00e1 que su coraz\u00f3n lata salvajemente. Hay una combinaci\u00f3n divina de atractivo sexual y feminidad frente a usted &#8211; lencer\u00eda incre\u00edble. Listo para verte usando este hermoso set?<\/p>\n<p>Con\u00f3celo mejor:<\/p>\n<ul>\n<li>Set dos piezas Millagro<\/li>\n<li>Conjunto incre\u00edble &#8211; a\u00f1ade encanto y picante!<\/li>\n<li>Correas el\u00e1sticas y tejido el\u00e1stico  garant\u00eda de un gran ajuste<\/li>\n<li>Recortes en lugares estrat\u00e9gicos  en los pechos, debajo de la barriga y en las nalgas<\/li>\n<li>Copas del sujetador est\u00e1n parcialmente abiertas<\/li>\n<li>Material transl\u00facido resaltado con decoraciones de encaje<\/li>\n<li>Colgantes de joyer\u00eda en la parte delantera y trasera del panty<\/li>\n<li>El colgante de la parte trasera es desmontable\u00a0\u00a0<\/li>\n<li>Material hermoso, delicado y flexible (90% poliamida, 10% elastano)<\/li>\n<li>Talla: S\/M<\/li>\n<\/ul>\n<p 1.5=\"\" color:=\"\" font-size:=\"\" line-height:=\"\" margin-top:=\"\" roboto=\"\" style=\"box-sizing: border-box;\">Obsessive significa inspiraci\u00f3n en la mujer!\u00a0 Elegancia, sensualidad, amor a la costura&#8230;.significa mucho para la mujer, pocos son los adjetivos que pueden calificar a Obsessive, donde una labor de a\u00f1os han conseguido unir la mejor relaci\u00f3n calidad-precio.<\/p>\n<p 1.5=\"\" color:=\"\" font-size:=\"\" line-height:=\"\" margin-top:=\"\" roboto=\"\" style=\"box-sizing: border-box;\">\u00a1L\u00edderes mundiales en lencer\u00eda, nadie lo hace mejor!<\/p>\n<p style=\"text-align: center;\"><img decoding=\"async\" src=\"https:\/\/store.dreamlove.es\/UserFiles\/images\/SIZES.png\" \/><\/p>","protected":false},"excerpt":{"rendered":"<p>OBSESSIVE &#8211; MILLAGRO TWO PIECES SET S\/M<\/p>","protected":false},"featured_media":70731,"comment_status":"open","ping_status":"closed","template":"","meta":{"_monsterinsights_skip_tracking":false,"_monsterinsights_sitenote_active":false,"_monsterinsights_sitenote_note":"","_monsterinsights_sitenote_category":0,"_joinchat":[]},"product_brand":[],"product_cat":[1196,1199,1166,148,1200],"product_tag":[],"class_list":{"0":"post-35763","1":"product","2":"type-product","3":"status-publish","4":"has-post-thumbnail","6":"product_cat-moda-lencerialenceria-mujer","7":"product_cat-moda-lencerialenceria-mujerlenceria-sexy","8":"product_cat-moda-lenceria","9":"product_cat-ofertas","10":"product_cat-moda-lencerialenceria-mujerlenceria-sexysujetador-y-parte-inferior","11":"yith_product_brand-obsessive-obsessive-last-chance","12":"yith_product_brand-obsessive","14":"first","15":"instock","16":"taxable","17":"shipping-taxable","18":"purchasable","19":"product-type-variable"},"aioseo_notices":[],"_links":{"self":[{"href":"https:\/\/www.mysexualfantasy.eu\/en\/wp-json\/wp\/v2\/product\/35763","targetHints":{"allow":["GET"]}}],"collection":[{"href":"https:\/\/www.mysexualfantasy.eu\/en\/wp-json\/wp\/v2\/product"}],"about":[{"href":"https:\/\/www.mysexualfantasy.eu\/en\/wp-json\/wp\/v2\/types\/product"}],"replies":[{"embeddable":true,"href":"https:\/\/www.mysexualfantasy.eu\/en\/wp-json\/wp\/v2\/comments?post=35763"}],"wp:featuredmedia":[{"embeddable":true,"href":"https:\/\/www.mysexualfantasy.eu\/en\/wp-json\/wp\/v2\/media\/70731"}],"wp:attachment":[{"href":"https:\/\/www.mysexualfantasy.eu\/en\/wp-json\/wp\/v2\/media?parent=35763"}],"wp:term":[{"taxonomy":"product_brand","embeddable":true,"href":"https:\/\/www.mysexualfantasy.eu\/en\/wp-json\/wp\/v2\/product_brand?post=35763"},{"taxonomy":"product_cat","embeddable":true,"href":"https:\/\/www.mysexualfantasy.eu\/en\/wp-json\/wp\/v2\/product_cat?post=35763"},{"taxonomy":"product_tag","embeddable":true,"href":"https:\/\/www.mysexualfantasy.eu\/en\/wp-json\/wp\/v2\/product_tag?post=35763"}],"curies":[{"name":"wp","href":"https:\/\/api.w.org\/{rel}","templated":true}]}}