{"id":35771,"date":"2023-01-13T13:25:42","date_gmt":"2023-01-13T13:25:42","guid":{"rendered":"https:\/\/www.mysexualfantasy.eu\/?post_type=product&#038;p=35771"},"modified":"2023-12-06T17:27:05","modified_gmt":"2023-12-06T17:27:05","slug":"obsessive-lilyanne-liguero-s-m","status":"publish","type":"product","link":"https:\/\/www.mysexualfantasy.eu\/en\/product\/obsessive-lilyanne-liguero-s-m\/","title":{"rendered":"OBSESSIVE &#8211; LILYANNE LIGUERO S\/M"},"content":{"rendered":"<p>Bienvenido a la noche en un nuevo y fenomenal estilo. Podemos mostrarte c\u00f3mo hacerlo con el liguero Lilyanne y sus encajes mostrando mucho mientras que tambi\u00e9n deja mucho a la imaginaci\u00f3n. \u00a1Sabes mejor c\u00f3mo complacerte a ti mismo y a tu ser querido!<\/p>\n<p>M\u00e1s detalles aqu\u00ed:<\/p>\n<ul>\n<li>Cintur\u00f3n de liga blanca hecho de tela transl\u00facida &#8211; extremadamente sensual y tentador!<\/li>\n<li>Cierre multietapa  la garant\u00eda de un gran ajuste<\/li>\n<li>Ligas delicadas en color lila  hermoso aspecto y soporte<\/li>\n<li>Encajes elegantes y tela aterciopelada<\/li>\n<li>Tanga y medias no incluidos<\/li>\n<li>Tejidos flexibles y agradables al tacto (90% poliamida, 10% elastano)<\/li>\n<li>Talla: S\/M<\/li>\n<\/ul>\n<p 1.5=\"\" color:=\"\" font-size:=\"\" line-height:=\"\" margin-top:=\"\" roboto=\"\" style=\"box-sizing: border-box;\">Obsessive significa inspiraci\u00f3n en la mujer!\u00a0 Elegancia, sensualidad, amor a la costura&#8230;.significa mucho para la mujer, pocos son los adjetivos que pueden calificar a Obsessive, donde una labor de a\u00f1os han conseguido unir la mejor relaci\u00f3n calidad-precio.<\/p>\n<p 1.5=\"\" color:=\"\" font-size:=\"\" line-height:=\"\" margin-top:=\"\" roboto=\"\" style=\"box-sizing: border-box;\">\u00a1L\u00edderes mundiales en lencer\u00eda, nadie lo hace mejor!<\/p>\n<p style=\"text-align: center;\"><img decoding=\"async\" src=\"https:\/\/store.dreamlove.es\/UserFiles\/images\/SIZES.png\" \/><\/p>","protected":false},"excerpt":{"rendered":"<p>OBSESSIVE &#8211; LILYANNE GARTER BELT S\/M<\/p>","protected":false},"featured_media":59074,"comment_status":"open","ping_status":"closed","template":"","meta":{"_monsterinsights_skip_tracking":false,"_monsterinsights_sitenote_active":false,"_monsterinsights_sitenote_note":"","_monsterinsights_sitenote_category":0,"_joinchat":[]},"product_brand":[],"product_cat":[326,948,1139,1140,148],"product_tag":[],"class_list":{"0":"post-35771","1":"product","2":"type-product","3":"status-publish","4":"has-post-thumbnail","6":"product_cat-lenceria","7":"product_cat-lencerialenceria-mujer","8":"product_cat-lencerialenceria-mujerlenceria-sexy","9":"product_cat-lencerialenceria-mujerlenceria-sexyligueros","10":"product_cat-ofertas","11":"yith_product_brand-obsessive","12":"yith_product_brand-obsessiveobsessive-garter-stockings","14":"first","15":"instock","16":"taxable","17":"shipping-taxable","18":"purchasable","19":"product-type-variable"},"aioseo_notices":[],"_links":{"self":[{"href":"https:\/\/www.mysexualfantasy.eu\/en\/wp-json\/wp\/v2\/product\/35771","targetHints":{"allow":["GET"]}}],"collection":[{"href":"https:\/\/www.mysexualfantasy.eu\/en\/wp-json\/wp\/v2\/product"}],"about":[{"href":"https:\/\/www.mysexualfantasy.eu\/en\/wp-json\/wp\/v2\/types\/product"}],"replies":[{"embeddable":true,"href":"https:\/\/www.mysexualfantasy.eu\/en\/wp-json\/wp\/v2\/comments?post=35771"}],"wp:featuredmedia":[{"embeddable":true,"href":"https:\/\/www.mysexualfantasy.eu\/en\/wp-json\/wp\/v2\/media\/59074"}],"wp:attachment":[{"href":"https:\/\/www.mysexualfantasy.eu\/en\/wp-json\/wp\/v2\/media?parent=35771"}],"wp:term":[{"taxonomy":"product_brand","embeddable":true,"href":"https:\/\/www.mysexualfantasy.eu\/en\/wp-json\/wp\/v2\/product_brand?post=35771"},{"taxonomy":"product_cat","embeddable":true,"href":"https:\/\/www.mysexualfantasy.eu\/en\/wp-json\/wp\/v2\/product_cat?post=35771"},{"taxonomy":"product_tag","embeddable":true,"href":"https:\/\/www.mysexualfantasy.eu\/en\/wp-json\/wp\/v2\/product_tag?post=35771"}],"curies":[{"name":"wp","href":"https:\/\/api.w.org\/{rel}","templated":true}]}}