{"id":35777,"date":"2023-01-13T14:29:43","date_gmt":"2023-01-13T14:29:43","guid":{"rendered":"https:\/\/www.mysexualfantasy.eu\/?post_type=product&#038;p=35777"},"modified":"2023-12-06T15:28:28","modified_gmt":"2023-12-06T15:28:28","slug":"obsessive-nudelia-chemise-s-m","status":"publish","type":"product","link":"https:\/\/www.mysexualfantasy.eu\/en\/product\/obsessive-nudelia-chemise-s-m\/","title":{"rendered":"OBSESSIVE &#8211; NUDELIA CHEMISE S\/M"},"content":{"rendered":"<p>\u00a1Te sentir\u00e1s como en el cielo con\u00a0tu nuevo\u00a0chemise! Y t\u00fa ser\u00e1s su diosa. Pero el diablo est\u00e1 en los detalles&#8230;curioso verdad? Material fr\u00edvolamente transl\u00facido, excepcionalmente hermoso, brillante, hilo dorado tejido en el material, una intrigante combinaci\u00f3n de correas y de color beige. Imag\u00ednese la ma\u00f1ana despu\u00e9s de una noche caliente cuando se despierta con este chemise&#8230;<\/p>\n<p>Con\u00f3celo mejor:<\/p>\n<ul>\n<li>Chemise\u00a0\u00fanico\u00a0y elegante<\/li>\n<li>Material semitransparente con hilo dorado<\/li>\n<li>Correas ajustables y cierre multietapa<\/li>\n<li>Tejido el\u00e1stico: se adapta perfectamente al cuerpo<\/li>\n<li>Rayas negras a lo largo del chemise  aspecto muy sexy<\/li>\n<li>Recortes triangulares por encima del busto y las nalgas<\/li>\n<li>Tanga excepcionalmente femenino\u00a0incluido<\/li>\n<li>Material muy suave<\/li>\n<li>Composici\u00f3n: 90% poliamida, 10% elastano<\/li>\n<li>Tama\u00f1o: S\/M<\/li>\n<\/ul>\n<p 1.5=\"\" color:=\"\" font-size:=\"\" line-height:=\"\" margin-top:=\"\" roboto=\"\" style=\"box-sizing: border-box;\">Obsessive significa inspiraci\u00f3n en la mujer!\u00a0 Elegancia, sensualidad, amor a la costura&#8230;.significa mucho para la mujer, pocos son los adjetivos que pueden calificar a Obsessive, donde una labor de a\u00f1os han conseguido unir la mejor relaci\u00f3n calidad-precio.<\/p>\n<p 1.5=\"\" color:=\"\" font-size:=\"\" line-height:=\"\" margin-top:=\"\" roboto=\"\" style=\"box-sizing: border-box;\">\u00a1L\u00edderes mundiales en lencer\u00eda, nadie lo hace mejor!<\/p>\n<p style=\"text-align: center;\"><img decoding=\"async\" src=\"https:\/\/store.dreamlove.es\/UserFiles\/images\/SIZES.png\" \/><\/p>","protected":false},"excerpt":{"rendered":"<p>OBSESSIVE &#8211; NUDELIA CHEMISE S\/M<\/p>","protected":false},"featured_media":68237,"comment_status":"open","ping_status":"closed","template":"","meta":{"_monsterinsights_skip_tracking":false,"_monsterinsights_sitenote_active":false,"_monsterinsights_sitenote_note":"","_monsterinsights_sitenote_category":0,"_joinchat":[]},"product_brand":[],"product_cat":[1284,1196,1199,1166],"product_tag":[],"class_list":{"0":"post-35777","1":"product","2":"type-product","3":"status-publish","4":"has-post-thumbnail","6":"product_cat-moda-lencerialenceria-mujerlenceria-sexycamisones","7":"product_cat-moda-lencerialenceria-mujer","8":"product_cat-moda-lencerialenceria-mujerlenceria-sexy","9":"product_cat-moda-lenceria","10":"yith_product_brand-obsessive","11":"yith_product_brand-obsessiveobsessive-chemise","13":"first","14":"instock","15":"taxable","16":"shipping-taxable","17":"purchasable","18":"product-type-variable"},"aioseo_notices":[],"_links":{"self":[{"href":"https:\/\/www.mysexualfantasy.eu\/en\/wp-json\/wp\/v2\/product\/35777","targetHints":{"allow":["GET"]}}],"collection":[{"href":"https:\/\/www.mysexualfantasy.eu\/en\/wp-json\/wp\/v2\/product"}],"about":[{"href":"https:\/\/www.mysexualfantasy.eu\/en\/wp-json\/wp\/v2\/types\/product"}],"replies":[{"embeddable":true,"href":"https:\/\/www.mysexualfantasy.eu\/en\/wp-json\/wp\/v2\/comments?post=35777"}],"wp:featuredmedia":[{"embeddable":true,"href":"https:\/\/www.mysexualfantasy.eu\/en\/wp-json\/wp\/v2\/media\/68237"}],"wp:attachment":[{"href":"https:\/\/www.mysexualfantasy.eu\/en\/wp-json\/wp\/v2\/media?parent=35777"}],"wp:term":[{"taxonomy":"product_brand","embeddable":true,"href":"https:\/\/www.mysexualfantasy.eu\/en\/wp-json\/wp\/v2\/product_brand?post=35777"},{"taxonomy":"product_cat","embeddable":true,"href":"https:\/\/www.mysexualfantasy.eu\/en\/wp-json\/wp\/v2\/product_cat?post=35777"},{"taxonomy":"product_tag","embeddable":true,"href":"https:\/\/www.mysexualfantasy.eu\/en\/wp-json\/wp\/v2\/product_tag?post=35777"}],"curies":[{"name":"wp","href":"https:\/\/api.w.org\/{rel}","templated":true}]}}