{"id":35809,"date":"2023-01-13T14:38:35","date_gmt":"2023-01-13T14:38:35","guid":{"rendered":"https:\/\/www.mysexualfantasy.eu\/?post_type=product&#038;p=35809"},"modified":"2023-12-06T16:06:31","modified_gmt":"2023-12-06T16:06:31","slug":"sevecreations-e-rabbit-thruster-funcion-updown","status":"publish","type":"product","link":"https:\/\/www.mysexualfantasy.eu\/en\/product\/sevecreations-e-rabbit-thruster-funcion-updown\/","title":{"rendered":"SEVECREATIONS E RABBIT THRUSTER FUNCION UPDOWN"},"content":{"rendered":"<p>Disfruta de sus salvajes embestidas a la vez su placentero rabbit cosquillea tu cl\u00edtoris sin compasi\u00f3n, ha llegado E rabbit en versi\u00f3n recargable\u00a0<\/p>\n<ul>\n<li>Longitud total 24,8 cm<\/li>\n<li>Di\u00e1metro \u00d8 3,5 cm<\/li>\n<li>Longitud insertable 12 cm<\/li>\n<li>Modos de vibraci\u00f3n 7<\/li>\n<li>Modos de velocidad 3<\/li>\n<li>Resistencia al agua impermeable<\/li>\n<li>Material: Silicona y ABS\u00a0<\/li>\n<li>Recargable\u00a0<\/li>\n<\/ul>\n<p>Los juguetes Seven Creations\u00a0han sido dise\u00f1ados para estimular el cuerpo, maravillar la mente y que puedas atreverte a explorar nuevas aventuras y placeres.\u00a0<\/p>\n<p>\u00a0<\/p>","protected":false},"excerpt":{"rendered":"<p>SEVECREATIONS E RABBIT THRUSTER UPDOWN FUNCTION<\/p>","protected":false},"featured_media":69782,"comment_status":"open","ping_status":"closed","template":"","meta":{"_monsterinsights_skip_tracking":false,"_monsterinsights_sitenote_active":false,"_monsterinsights_sitenote_note":"","_monsterinsights_sitenote_category":0,"_joinchat":[]},"product_brand":[],"product_cat":[1193,1156,1152,1155,1163,1194,1153,1195],"product_tag":[],"class_list":{"0":"post-35809","1":"product","2":"type-product","3":"status-publish","4":"has-post-thumbnail","6":"product_cat-juguetes-bienestar-vibradores100-sumergible","7":"product_cat-juguetes-bienestar-juguetes-para-mujeresestimuladores","8":"product_cat-juguetes-bienestar","9":"product_cat-juguetes-bienestar-juguetes-para-mujeres","10":"product_cat-juguetes-bienestar-juguetes-para-mujeresestimuladorespara-clitoris","11":"product_cat-juguetes-bienestar-vibradoresrotadores-y-vibradores","12":"product_cat-juguetes-bienestar-vibradores","13":"product_cat-juguetes-bienestar-vibradoresvibradores-rabbit","14":"yith_product_brand-seven-creations","16":"first","17":"instock","18":"taxable","19":"shipping-taxable","20":"purchasable","21":"product-type-simple"},"aioseo_notices":[],"_links":{"self":[{"href":"https:\/\/www.mysexualfantasy.eu\/en\/wp-json\/wp\/v2\/product\/35809","targetHints":{"allow":["GET"]}}],"collection":[{"href":"https:\/\/www.mysexualfantasy.eu\/en\/wp-json\/wp\/v2\/product"}],"about":[{"href":"https:\/\/www.mysexualfantasy.eu\/en\/wp-json\/wp\/v2\/types\/product"}],"replies":[{"embeddable":true,"href":"https:\/\/www.mysexualfantasy.eu\/en\/wp-json\/wp\/v2\/comments?post=35809"}],"wp:featuredmedia":[{"embeddable":true,"href":"https:\/\/www.mysexualfantasy.eu\/en\/wp-json\/wp\/v2\/media\/69782"}],"wp:attachment":[{"href":"https:\/\/www.mysexualfantasy.eu\/en\/wp-json\/wp\/v2\/media?parent=35809"}],"wp:term":[{"taxonomy":"product_brand","embeddable":true,"href":"https:\/\/www.mysexualfantasy.eu\/en\/wp-json\/wp\/v2\/product_brand?post=35809"},{"taxonomy":"product_cat","embeddable":true,"href":"https:\/\/www.mysexualfantasy.eu\/en\/wp-json\/wp\/v2\/product_cat?post=35809"},{"taxonomy":"product_tag","embeddable":true,"href":"https:\/\/www.mysexualfantasy.eu\/en\/wp-json\/wp\/v2\/product_tag?post=35809"}],"curies":[{"name":"wp","href":"https:\/\/api.w.org\/{rel}","templated":true}]}}