{"id":35843,"date":"2023-01-13T12:52:25","date_gmt":"2023-01-13T12:52:25","guid":{"rendered":"https:\/\/www.mysexualfantasy.eu\/?post_type=product&#038;p=35843"},"modified":"2023-12-06T17:24:21","modified_gmt":"2023-12-06T17:24:21","slug":"control-finissimo-original-6-unidades","status":"publish","type":"product","link":"https:\/\/www.mysexualfantasy.eu\/en\/product\/control-finissimo-original-6-unidades\/","title":{"rendered":"CONTROL FINISSIMO ORIGINAL 6 UNIDADES"},"content":{"rendered":"<p><span id=\"ctl12_UpdatePanel2\">El preservativo m\u00e1s fino de Control. Su espesor s\u00faper fino facilita el disfrutar de una sensibilidad extrema, mientras que su forma ergon\u00f3mica favorece una \u00f3ptima adaptabilidad. Hecho de l\u00e1tex, con dep\u00f3sito y lubricado.<\/span><\/p>\n<ul>\n<li>Dermatol\u00f3gicamente testados.<\/li>\n<li>Anchura nominal: 54mm.<\/li>\n<li>Caja 6 preservativos<\/li>\n<li>Extra sensibilidad y placer\u00a0<\/li>\n<\/ul>\n<p>\u00a0<\/p>","protected":false},"excerpt":{"rendered":"<p>CONTROL FINISSIMO ORIGINAL 6 UNITS<\/p>","protected":false},"featured_media":54040,"comment_status":"open","ping_status":"closed","template":"","meta":{"_monsterinsights_skip_tracking":false,"_monsterinsights_sitenote_active":false,"_monsterinsights_sitenote_note":"","_monsterinsights_sitenote_category":0,"_joinchat":[]},"product_brand":[],"product_cat":[1464,600,1465,1459],"product_tag":[],"class_list":{"0":"post-35843","1":"product","2":"type-product","3":"status-publish","4":"has-post-thumbnail","6":"product_cat-preservativos-todos-los-tamanos-de-cajascajas-de-4-a-24","7":"product_cat-preservativos","8":"product_cat-preservativos-sensitivos","9":"product_cat-preservativos-todos-los-tamanos-de-cajas","10":"yith_product_brand-control","11":"yith_product_brand-controlcontrol-condoms","13":"first","14":"instock","15":"taxable","16":"shipping-taxable","17":"purchasable","18":"product-type-simple"},"aioseo_notices":[],"_links":{"self":[{"href":"https:\/\/www.mysexualfantasy.eu\/en\/wp-json\/wp\/v2\/product\/35843","targetHints":{"allow":["GET"]}}],"collection":[{"href":"https:\/\/www.mysexualfantasy.eu\/en\/wp-json\/wp\/v2\/product"}],"about":[{"href":"https:\/\/www.mysexualfantasy.eu\/en\/wp-json\/wp\/v2\/types\/product"}],"replies":[{"embeddable":true,"href":"https:\/\/www.mysexualfantasy.eu\/en\/wp-json\/wp\/v2\/comments?post=35843"}],"wp:featuredmedia":[{"embeddable":true,"href":"https:\/\/www.mysexualfantasy.eu\/en\/wp-json\/wp\/v2\/media\/54040"}],"wp:attachment":[{"href":"https:\/\/www.mysexualfantasy.eu\/en\/wp-json\/wp\/v2\/media?parent=35843"}],"wp:term":[{"taxonomy":"product_brand","embeddable":true,"href":"https:\/\/www.mysexualfantasy.eu\/en\/wp-json\/wp\/v2\/product_brand?post=35843"},{"taxonomy":"product_cat","embeddable":true,"href":"https:\/\/www.mysexualfantasy.eu\/en\/wp-json\/wp\/v2\/product_cat?post=35843"},{"taxonomy":"product_tag","embeddable":true,"href":"https:\/\/www.mysexualfantasy.eu\/en\/wp-json\/wp\/v2\/product_tag?post=35843"}],"curies":[{"name":"wp","href":"https:\/\/api.w.org\/{rel}","templated":true}]}}