{"id":35852,"date":"2023-01-13T14:44:15","date_gmt":"2023-01-13T14:44:15","guid":{"rendered":"https:\/\/www.mysexualfantasy.eu\/?post_type=product&#038;p=35852"},"modified":"2023-12-06T17:27:05","modified_gmt":"2023-12-06T17:27:05","slug":"obsessive-bravelle-set-3-piezas-s-m","status":"publish","type":"product","link":"https:\/\/www.mysexualfantasy.eu\/en\/product\/obsessive-bravelle-set-3-piezas-s-m\/","title":{"rendered":"OBSESSIVE &#8211; BRAVELLE SET 3 PIEZAS S\/M"},"content":{"rendered":"<p>No puedes esperar a esta noche? aw s\u00ed, va a ser incre\u00edble! Nuestro set Bravelle calentar\u00e1 el ambiente en su dormitorio m\u00e1s que el sol al mediod\u00eda. Bravelle es la llave que te abre la puerta a la fantas\u00eda.<\/p>\n<p>Descubre m\u00e1s detalles:<\/p>\n<ul>\n<li>Set sexy Bravelle\u00a0<\/li>\n<li>Correas ajustables<\/li>\n<li>Cierre multietapa del sujetador  ajustable<\/li>\n<li>Copas abiertas con cable inferior  estilo tentador<\/li>\n<li>Cord\u00f3n de cors\u00e9 en la parte posterior : comodidad y gran aspecto<\/li>\n<li>Entrepierna abierta<\/li>\n<li>Correas fenomenales que envuelven el cuerpo<\/li>\n<li>Encaje sexy con un dise\u00f1o de tela de ara\u00f1a<\/li>\n<li>El conjunto incluye sujetador, cintur\u00f3n y tanga con abertura\u00a0<\/li>\n<li>Tejidos agradables al tacto y flexibles (90% poliamida, 10% elastano)<\/li>\n<li>Tama\u00f1o: S\/M<\/li>\n<\/ul>\n<p 1.5=\"\" color:=\"\" font-size:=\"\" line-height:=\"\" margin-top:=\"\" roboto=\"\" style=\"box-sizing: border-box;\">Obsessive significa inspiraci\u00f3n en la mujer!\u00a0 Elegancia, sensualidad, amor a la costura&#8230;.significa mucho para la mujer, pocos son los adjetivos que pueden calificar a Obsessive, donde una labor de a\u00f1os han conseguido unir la mejor relaci\u00f3n calidad-precio.<\/p>\n<p 1.5=\"\" color:=\"\" font-size:=\"\" line-height:=\"\" margin-top:=\"\" roboto=\"\" style=\"box-sizing: border-box;\">\u00a1L\u00edderes mundiales en lencer\u00eda, nadie lo hace mejor!<\/p>\n<p style=\"text-align: center;\"><img decoding=\"async\" src=\"https:\/\/store.dreamlove.es\/UserFiles\/images\/SIZES.png\" style=\"text-align: center;\" \/><\/p>","protected":false},"excerpt":{"rendered":"<p>OBSESSIVE &#8211; BRAVELLE 3 PIECES SET S\/M<\/p>","protected":false},"featured_media":70756,"comment_status":"open","ping_status":"closed","template":"","meta":{"_monsterinsights_skip_tracking":false,"_monsterinsights_sitenote_active":false,"_monsterinsights_sitenote_note":"","_monsterinsights_sitenote_category":0,"_joinchat":[]},"product_brand":[],"product_cat":[968,326,948,1139,1149],"product_tag":[],"class_list":{"0":"post-35852","1":"product","2":"type-product","3":"status-publish","4":"has-post-thumbnail","6":"product_cat-lencerialenceria-mujerconjuntos-varias-piezas","7":"product_cat-lenceria","8":"product_cat-lencerialenceria-mujer","9":"product_cat-lencerialenceria-mujerlenceria-sexy","10":"product_cat-lencerialenceria-mujerlenceria-sexysujetador-y-parte-inferior","11":"yith_product_brand-obsessive","12":"yith_product_brand-obsessiveobsessive-sets","14":"first","15":"instock","16":"taxable","17":"shipping-taxable","18":"product-type-variable"},"aioseo_notices":[],"_links":{"self":[{"href":"https:\/\/www.mysexualfantasy.eu\/en\/wp-json\/wp\/v2\/product\/35852","targetHints":{"allow":["GET"]}}],"collection":[{"href":"https:\/\/www.mysexualfantasy.eu\/en\/wp-json\/wp\/v2\/product"}],"about":[{"href":"https:\/\/www.mysexualfantasy.eu\/en\/wp-json\/wp\/v2\/types\/product"}],"replies":[{"embeddable":true,"href":"https:\/\/www.mysexualfantasy.eu\/en\/wp-json\/wp\/v2\/comments?post=35852"}],"wp:featuredmedia":[{"embeddable":true,"href":"https:\/\/www.mysexualfantasy.eu\/en\/wp-json\/wp\/v2\/media\/70756"}],"wp:attachment":[{"href":"https:\/\/www.mysexualfantasy.eu\/en\/wp-json\/wp\/v2\/media?parent=35852"}],"wp:term":[{"taxonomy":"product_brand","embeddable":true,"href":"https:\/\/www.mysexualfantasy.eu\/en\/wp-json\/wp\/v2\/product_brand?post=35852"},{"taxonomy":"product_cat","embeddable":true,"href":"https:\/\/www.mysexualfantasy.eu\/en\/wp-json\/wp\/v2\/product_cat?post=35852"},{"taxonomy":"product_tag","embeddable":true,"href":"https:\/\/www.mysexualfantasy.eu\/en\/wp-json\/wp\/v2\/product_tag?post=35852"}],"curies":[{"name":"wp","href":"https:\/\/api.w.org\/{rel}","templated":true}]}}