{"id":35862,"date":"2023-01-13T12:15:44","date_gmt":"2023-01-13T12:15:44","guid":{"rendered":"https:\/\/www.mysexualfantasy.eu\/?post_type=product&#038;p=35862"},"modified":"2023-12-06T14:58:03","modified_gmt":"2023-12-06T14:58:03","slug":"obsessive-s814-medias-s-m","status":"publish","type":"product","link":"https:\/\/www.mysexualfantasy.eu\/en\/product\/obsessive-s814-medias-s-m\/","title":{"rendered":"OBSESSIVE &#8211; S814 MEDIAS S\/M"},"content":{"rendered":"<p>Quieres fantasear? Las medias S814 son la opci\u00f3n perfecta para las mujeres que siempre est\u00e1n listas para travesuras y les gusta calentar el ambiente. Un poco de negro, mucha feminidad y un dise\u00f1o maravilloso. \u00a1Puedes tener este estilo \u00fanico en tu armario!<\/p>\n<p>M\u00e1s detalles:<\/p>\n<ul>\n<li>Delicadas medias en color nude<\/li>\n<li>Sexy, bandas negras alrededor de los muslos<\/li>\n<li>Material agradable al tacto y s\u00faper el\u00e1stico<\/li>\n<li>Composici\u00f3n: 94% poliamida, 6% elastano<\/li>\n<li>Tama\u00f1o: S\/M<\/li>\n<\/ul>\n<p 1.5=\"\" color:=\"\" font-size:=\"\" line-height:=\"\" margin-top:=\"\" roboto=\"\" style=\"box-sizing: border-box;\">Obsessive significa inspiraci\u00f3n en la mujer!\u00a0 Elegancia, sensualidad, amor a la costura&#8230;.significa mucho para la mujer, pocos son los adjetivos que pueden calificar a Obsessive, donde una labor de a\u00f1os han conseguido unir la mejor relaci\u00f3n calidad-precio.<\/p>\n<p 1.5=\"\" color:=\"\" font-size:=\"\" line-height:=\"\" margin-top:=\"\" roboto=\"\" style=\"box-sizing: border-box;\">\u00a1L\u00edderes mundiales en lencer\u00eda, nadie lo hace mejor!<\/p>\n<p style=\"text-align: center;\"><img decoding=\"async\" src=\"https:\/\/store.dreamlove.es\/UserFiles\/images\/SIZES.png\" \/><\/p>","protected":false},"excerpt":{"rendered":"<p>OBSESSIVE &#8211; S814 STOCKINGS S\/M<\/p>","protected":false},"featured_media":48020,"comment_status":"open","ping_status":"closed","template":"","meta":{"_monsterinsights_skip_tracking":false,"_monsterinsights_sitenote_active":false,"_monsterinsights_sitenote_note":"","_monsterinsights_sitenote_category":0,"_joinchat":[]},"product_brand":[],"product_cat":[1196,1199,1202,1166],"product_tag":[],"class_list":{"0":"post-35862","1":"product","2":"type-product","3":"status-publish","4":"has-post-thumbnail","6":"product_cat-moda-lencerialenceria-mujer","7":"product_cat-moda-lencerialenceria-mujerlenceria-sexy","8":"product_cat-moda-lencerialenceria-mujerlenceria-sexymedias","9":"product_cat-moda-lenceria","10":"yith_product_brand-obsessive","11":"yith_product_brand-obsessiveobsessive-garter-stockings","13":"first","14":"instock","15":"taxable","16":"shipping-taxable","17":"product-type-variable"},"aioseo_notices":[],"_links":{"self":[{"href":"https:\/\/www.mysexualfantasy.eu\/en\/wp-json\/wp\/v2\/product\/35862","targetHints":{"allow":["GET"]}}],"collection":[{"href":"https:\/\/www.mysexualfantasy.eu\/en\/wp-json\/wp\/v2\/product"}],"about":[{"href":"https:\/\/www.mysexualfantasy.eu\/en\/wp-json\/wp\/v2\/types\/product"}],"replies":[{"embeddable":true,"href":"https:\/\/www.mysexualfantasy.eu\/en\/wp-json\/wp\/v2\/comments?post=35862"}],"wp:featuredmedia":[{"embeddable":true,"href":"https:\/\/www.mysexualfantasy.eu\/en\/wp-json\/wp\/v2\/media\/48020"}],"wp:attachment":[{"href":"https:\/\/www.mysexualfantasy.eu\/en\/wp-json\/wp\/v2\/media?parent=35862"}],"wp:term":[{"taxonomy":"product_brand","embeddable":true,"href":"https:\/\/www.mysexualfantasy.eu\/en\/wp-json\/wp\/v2\/product_brand?post=35862"},{"taxonomy":"product_cat","embeddable":true,"href":"https:\/\/www.mysexualfantasy.eu\/en\/wp-json\/wp\/v2\/product_cat?post=35862"},{"taxonomy":"product_tag","embeddable":true,"href":"https:\/\/www.mysexualfantasy.eu\/en\/wp-json\/wp\/v2\/product_tag?post=35862"}],"curies":[{"name":"wp","href":"https:\/\/api.w.org\/{rel}","templated":true}]}}