{"id":35882,"date":"2023-01-13T13:41:59","date_gmt":"2023-01-13T13:41:59","guid":{"rendered":"https:\/\/www.mysexualfantasy.eu\/?post_type=product&#038;p=35882"},"modified":"2023-12-06T15:42:04","modified_gmt":"2023-12-06T15:42:04","slug":"gvibe-huevo-masturbador-texturado-reutilizable-amarillo","status":"publish","type":"product","link":"https:\/\/www.mysexualfantasy.eu\/en\/product\/gvibe-huevo-masturbador-texturado-reutilizable-amarillo\/","title":{"rendered":"GVIBE HUEVO MASTURBADOR TEXTURADO REUTILIZABLE AMARILLO"},"content":{"rendered":"<p>G-egg es suave y sedoso en el exterior, pero con relieve y texturizado en el interior. Los bordes 3D crean sensaciones intensas, masajeando cada cent\u00edmetro de la cabeza y el eje. La mayor elasticidad de la silicona premium hace que el uso de esta manga sea s\u00faper c\u00f3modo y placentero.<\/p>\n<p>El masturbador es ideal para el juego en solitario, o para preliminares\u00a0\u00a0y su consiguiente\u00a0diversi\u00f3n\u00a0La estimulaci\u00f3n con este juguete se puede combinar con sexo oral, trabajos manuales o caricias. Las texturas \u00fanicas del masturbador aumentan la sensibilidad, lo que conduce a nuevas sensaciones inusuales y un cl\u00edmax brillante!<\/p>\n<p>GEgg de Gvibe es adecuado para cualquier persona con pene que busque un masturbador compacto e innovador. El peque\u00f1o tama\u00f1o le permite llevar el G-Egg\u00a0con usted donde quiera que vaya, y de manera totalmente discreta.<\/p>\n<p>Perfecto para empacar en tu pr\u00f3xima escapada. Nadie lo sabr\u00e1 a menos que lo\u00a0cuentes. Los lubricantes a base de agua son compatibles con este masturbador 100% TPE.<\/p>\n<p>Retire el huevo de la envoltura de pl\u00e1stico, d\u00e9le un enjuague inicial y vierta su lubricante dentro. Pruebe el lado texturizado alrededor de la cabeza del pene o gire de adentro hacia afuera en un consolador para agregar textura para el receptor. Despu\u00e9s de su uso, enjuague bien con agua y use un limpiador\u00a0especialmente formulado para juguetes\u00a0<\/p>\n<p>Caracter\u00edsticas:<\/p>\n<ul>\n<li>Tama\u00f1o compacto (largo &#8211; 6.5 cm; ancho &#8211; 5 cm).<\/li>\n<li>Dise\u00f1o futurista con bordes 3D<\/li>\n<li>TPE premium con mayor elasticidad<\/li>\n<li>Material TPE totalmente hipoalerg\u00e9nico<\/li>\n<li>Adecuado tanto para jugar en solitario como en pareja<\/li>\n<li>Adecuado para m\u00faltiples usos<\/li>\n<\/ul>\n<p style=\"text-align: center;\"><img decoding=\"async\" alt=\"\" src=\"https:\/\/interno.dreamlove.es\/UserFiles\/images\/gvibe-gegg-485918_900x.png\" style=\"width: 273px; height: 258px;\" \/><\/p>","protected":false},"excerpt":{"rendered":"<p>GVIBE TEXTURED AND REUSABLE EGG &#8211; YELLOW<\/p>","protected":false},"featured_media":60608,"comment_status":"open","ping_status":"closed","template":"","meta":{"_monsterinsights_skip_tracking":false,"_monsterinsights_sitenote_active":false,"_monsterinsights_sitenote_note":"","_monsterinsights_sitenote_category":0,"_joinchat":[]},"product_brand":[],"product_cat":[1152,1160,1167],"product_tag":[],"class_list":{"0":"post-35882","1":"product","2":"type-product","3":"status-publish","4":"has-post-thumbnail","6":"product_cat-juguetes-bienestar","7":"product_cat-juguetes-bienestar-juguetes-para-hombres","8":"product_cat-juguetes-bienestar-juguetes-para-hombresmasturbadores-para-ellos","9":"yith_product_brand-g-vibe","11":"first","12":"instock","13":"taxable","14":"shipping-taxable","15":"purchasable","16":"product-type-simple"},"aioseo_notices":[],"_links":{"self":[{"href":"https:\/\/www.mysexualfantasy.eu\/en\/wp-json\/wp\/v2\/product\/35882","targetHints":{"allow":["GET"]}}],"collection":[{"href":"https:\/\/www.mysexualfantasy.eu\/en\/wp-json\/wp\/v2\/product"}],"about":[{"href":"https:\/\/www.mysexualfantasy.eu\/en\/wp-json\/wp\/v2\/types\/product"}],"replies":[{"embeddable":true,"href":"https:\/\/www.mysexualfantasy.eu\/en\/wp-json\/wp\/v2\/comments?post=35882"}],"wp:featuredmedia":[{"embeddable":true,"href":"https:\/\/www.mysexualfantasy.eu\/en\/wp-json\/wp\/v2\/media\/60608"}],"wp:attachment":[{"href":"https:\/\/www.mysexualfantasy.eu\/en\/wp-json\/wp\/v2\/media?parent=35882"}],"wp:term":[{"taxonomy":"product_brand","embeddable":true,"href":"https:\/\/www.mysexualfantasy.eu\/en\/wp-json\/wp\/v2\/product_brand?post=35882"},{"taxonomy":"product_cat","embeddable":true,"href":"https:\/\/www.mysexualfantasy.eu\/en\/wp-json\/wp\/v2\/product_cat?post=35882"},{"taxonomy":"product_tag","embeddable":true,"href":"https:\/\/www.mysexualfantasy.eu\/en\/wp-json\/wp\/v2\/product_tag?post=35882"}],"curies":[{"name":"wp","href":"https:\/\/api.w.org\/{rel}","templated":true}]}}