{"id":35885,"date":"2023-01-13T13:10:22","date_gmt":"2023-01-13T13:10:22","guid":{"rendered":"https:\/\/www.mysexualfantasy.eu\/?post_type=product&#038;p=35885"},"modified":"2023-12-06T17:24:30","modified_gmt":"2023-12-06T17:24:30","slug":"my-size-pro-preservativos-45-mm-36-unidades","status":"publish","type":"product","link":"https:\/\/www.mysexualfantasy.eu\/en\/product\/my-size-pro-preservativos-45-mm-36-unidades\/","title":{"rendered":"MY SIZE PRO PRESERVATIVOS 45 MM 36 UNIDADES"},"content":{"rendered":"<p>Cada hombre es \u00fanico. Sus medidas tambien. No existe promedios.<\/p>\n<p>Un cond\u00f3n que se adapta perfectamente a todos los hombres independientemente de su tama\u00f1o, hecho a medida, que ofrece el ajuste individual perfecto, con una calidad superior, ese era nuestro modesto objetivo cuando comenzamos all\u00e1 por el 2008.<\/p>\n<p>MY.SIZE ha reinventado una vida sexual mas segura y sensual, mas all\u00e1 de las fronteras de Europa. Ofrecemos para uso individual una funda genital masculina, confeccionada para permitir una sensacion de bienestar y seguridad.<\/p>\n<p>Con MY.SIZE se est\u00e1n eliminando todas las quejas sobre el uso de condones por la falta de sensibilidad y se convierten en puro placer y ultrasensibilidad.<\/p>\n<p>Anticoncepci\u00f3n personal, pero consensuada, integrada en una seguridad sin trabas y un placer sensible: una soluci\u00f3n sexual para las personas.<\/p>\n<p>MY.SIZE se adapta a todas las necesidades en\u00a0<strong>MY.SIZE PRO<\/strong><\/p>\n<ul>\n<li><strong>Unidades:<\/strong>\u00a036 unidades\u00a0<\/li>\n<li><strong>Diametro:<\/strong>\u00a045 mm\u00a0<\/li>\n<\/ul>\n<p><strong>UNICOS<\/strong><\/p>\n<ul>\n<li>MY.SIZE PRO es la \u00fanica marca en el mundo que ofrece una amplia gama de anchos para sus usuarios: 45  47 &#8211; 49 -53 &#8211; 57 &#8211; 60 &#8211; 64 &#8211; 69 &#8211; 72<\/li>\n<\/ul>\n<p><strong>AGRADABLE-PIEL<\/strong><\/p>\n<ul>\n<li>Producto bajo en al\u00e9rgenos debido al uso de VYTEX puro: l\u00e1tex que contiene un 90% menos de prote\u00ednas de l\u00e1tex que el l\u00e1tex habitual, lo que da como resultado un producto que es casi completamente alerg\u00e9nico, libre de prote\u00ednas y contaminantes.<\/li>\n<\/ul>\n<p><strong>OLOR<\/strong><\/p>\n<ul>\n<li>Reducci\u00f3n sustancial del olor habitual del cond\u00f3n, gracias al uso del VYTEXLatex de alta pureza.<\/li>\n<\/ul>\n<p><strong>ULTRA-SENSITIVO<\/strong><\/p>\n<ul>\n<li>Con un grosor de pared de solo 0,05 &#8211; 0,06 mm, los condones MY.SIZE PRO son mucho m\u00e1s finos y ofrecen una sensaci\u00f3n natural ultrasensible.<\/li>\n<\/ul>\n<p><strong>SEGURIDAD<\/strong><\/p>\n<ul>\n<li>Nuestros preservativos a medida reducen el esfuerzo aplicado que se produce al poner el cond\u00f3n, causa m\u00e1s com\u00fan de su rotura.<\/li>\n<\/ul>\n<p><strong>VEGANO<\/strong><\/p>\n<ul>\n<li>Nuestros condones MY.SIZE PRO est\u00e1n exentos de cualquier producto y no contienen ning\u00fan ingrediente animal o material.<\/li>\n<\/ul>\n<p><strong>USO<\/strong><\/p>\n<ul>\n<li>La especial lamina de sellado de nuestros preservativos MY.SIZE PRO es muy fina y delgada, por lo tanto es muy sencilla de abrir.<\/li>\n<\/ul>\n<p><strong>CALIDAD<\/strong><\/p>\n<ul>\n<li>Muy por encima de la norma est\u00e1ndar, nuestros preservativos veganos est\u00e1n fabricados bajo un proceso certificado y sostenible. Todos los productos llevan la etiqueta CE y aplican la Directiva de Dispositivos M\u00e9dicos de UE, 93\/42\/EEC.<\/li>\n<\/ul>\n<p><strong>LEGALIDAD<\/strong><\/p>\n<ul>\n<li>Los derechos laborales y las condiciones de trabajo de nuestros proveedores son regularmente revisadas y cumplen permanentemente con las normas internacionales de la OIA, Organizaci\u00f3n Internacional del Trabajo.<\/li>\n<\/ul>\n<p><strong>SOSTENIBILIDAD<\/strong><\/p>\n<ul>\n<li>Las medidas medioambientales y de sostenibilidad del proceso de fabricaci\u00f3n de nuestros productos son regularmente revisadas y cumplen permanentemente con la norma internacional ISO 14001. Garantiza la mejora continua del desempe\u00f1o ambiental del proceso de fabricaci\u00f3n.<\/li>\n<\/ul>\n<p><strong>ENERGIA SOLAR<\/strong><\/p>\n<ul>\n<li>En 2021 m\u00e1s del 60% de la energ\u00eda necesaria para el proceso de fabricaci\u00f3n de nuestros productos provendr\u00e1 de recursos regenerativos. Tambi\u00e9n seguimos un riguroso esquema de reciclaje de agua y utilizaci\u00f3n de agua de lluvia.<\/li>\n<\/ul>","protected":false},"excerpt":{"rendered":"<p>MY SIZE PRO CONDOMS 45 MM 36 UNITS<\/p>","protected":false},"featured_media":56270,"comment_status":"open","ping_status":"closed","template":"","meta":{"_monsterinsights_skip_tracking":false,"_monsterinsights_sitenote_active":false,"_monsterinsights_sitenote_note":"","_monsterinsights_sitenote_category":0,"_joinchat":[]},"product_brand":[],"product_cat":[1473,1460,1461,600,1472,1470,1459],"product_tag":[],"class_list":{"0":"post-35885","1":"product","2":"type-product","3":"status-publish","4":"has-post-thumbnail","6":"product_cat-preservativos-todas-las-tallasadaptalo-a-tu-tamano-exacto","7":"product_cat-preservativos-todos-los-tamanos-de-cajascajas-de-30-a-288","8":"product_cat-preservativos-normales","9":"product_cat-preservativos","10":"product_cat-preservativos-todas-las-tallastamano-xs-pequenos","11":"product_cat-preservativos-todas-las-tallas","12":"product_cat-preservativos-todos-los-tamanos-de-cajas","13":"yith_product_brand-my-size","14":"yith_product_brand-my-sizemy-size-pro","16":"first","17":"instock","18":"taxable","19":"shipping-taxable","20":"purchasable","21":"product-type-simple"},"aioseo_notices":[],"_links":{"self":[{"href":"https:\/\/www.mysexualfantasy.eu\/en\/wp-json\/wp\/v2\/product\/35885","targetHints":{"allow":["GET"]}}],"collection":[{"href":"https:\/\/www.mysexualfantasy.eu\/en\/wp-json\/wp\/v2\/product"}],"about":[{"href":"https:\/\/www.mysexualfantasy.eu\/en\/wp-json\/wp\/v2\/types\/product"}],"replies":[{"embeddable":true,"href":"https:\/\/www.mysexualfantasy.eu\/en\/wp-json\/wp\/v2\/comments?post=35885"}],"wp:featuredmedia":[{"embeddable":true,"href":"https:\/\/www.mysexualfantasy.eu\/en\/wp-json\/wp\/v2\/media\/56270"}],"wp:attachment":[{"href":"https:\/\/www.mysexualfantasy.eu\/en\/wp-json\/wp\/v2\/media?parent=35885"}],"wp:term":[{"taxonomy":"product_brand","embeddable":true,"href":"https:\/\/www.mysexualfantasy.eu\/en\/wp-json\/wp\/v2\/product_brand?post=35885"},{"taxonomy":"product_cat","embeddable":true,"href":"https:\/\/www.mysexualfantasy.eu\/en\/wp-json\/wp\/v2\/product_cat?post=35885"},{"taxonomy":"product_tag","embeddable":true,"href":"https:\/\/www.mysexualfantasy.eu\/en\/wp-json\/wp\/v2\/product_tag?post=35885"}],"curies":[{"name":"wp","href":"https:\/\/api.w.org\/{rel}","templated":true}]}}