{"id":35933,"date":"2023-01-13T13:42:01","date_gmt":"2023-01-13T13:42:01","guid":{"rendered":"https:\/\/www.mysexualfantasy.eu\/?post_type=product&#038;p=35933"},"modified":"2023-12-06T15:42:06","modified_gmt":"2023-12-06T15:42:06","slug":"tenga-aero-silver-ring-anilla-plateada","status":"publish","type":"product","link":"https:\/\/www.mysexualfantasy.eu\/en\/product\/tenga-aero-silver-ring-anilla-plateada\/","title":{"rendered":"TENGA AERO SILVER RING ANILLA PLATEADA"},"content":{"rendered":"<p>Aero Silver Ring es un masturbador que dispone de 10 niveles de estrechamiento y succi\u00f3n, fabricado con materiales seguros para el cuerpo y resistente al agua.<\/p>\n<p>La plataforma giratoria est\u00e1 equipada con un anillo en color plata de silicona el\u00e1stico incorporado en su interior, evitando las fugas de aire internas y aumentando el placer y el estrechamiento.<\/p>\n<p>Su estructura interior es de absorci\u00f3n c\u00edclica con partes sensibles, para experimentar una escalada lenta minuto a minuto. Una sensaci\u00f3n que envuelve el pene desde la ra\u00edz hasta la parte superior, gracias a su dise\u00f1o de nave espacial y su cabina completamente cerrada.<\/p>\n<p>Aero Silver Ring incluye una muestra de lubricante de 10 ml, su funda interna se puede sacar y lavar f\u00e1cilmente con agua t\u00edbia y jab\u00f3n PH neutro. Utilizar \u00fanicamente lubricante de base de agua con este producto. El uso de lubricantes de base oleosa o de silicona, podr\u00eda da\u00f1ar irreversiblemente el producto.<\/p>\n<p>Caracter\u00edsticas principales:<\/p>\n<ul>\n<li>Masturbador blanco y negro.<\/li>\n<li>10 niveles de estrechamiento.<\/li>\n<li>Fabricado de: ABS\/PC\/POM\/Caucho de silicona\/Elast\u00f3mero.<\/li>\n<li>Resistente al agua.<\/li>\n<li>Plataforma giratoria.<\/li>\n<li>Anillo que evita fugas de aire aumentando el placer.<\/li>\n<li>Interior de absorci\u00f3n c\u00edclica con partes sensibles.<\/li>\n<li>Dise\u00f1o de nave espacial. 10 ml lubricante (Incluido).<\/li>\n<li>Funda extra\u00edble f\u00e1cilmente lavable.<\/li>\n<\/ul>","protected":false},"excerpt":{"rendered":"<p>TENGA AERO SILVER RING<\/p>","protected":false},"featured_media":60615,"comment_status":"open","ping_status":"closed","template":"","meta":{"_monsterinsights_skip_tracking":false,"_monsterinsights_sitenote_active":false,"_monsterinsights_sitenote_note":"","_monsterinsights_sitenote_category":0,"_joinchat":[]},"product_brand":[],"product_cat":[1152,1160,1167,1168],"product_tag":[],"class_list":{"0":"post-35933","1":"product","2":"type-product","3":"status-publish","4":"has-post-thumbnail","6":"product_cat-juguetes-bienestar","7":"product_cat-juguetes-bienestar-juguetes-para-hombres","8":"product_cat-juguetes-bienestar-juguetes-para-hombresmasturbadores-para-ellos","9":"product_cat-juguetes-bienestar-juguetes-para-hombresvaginas-y-anos","10":"yith_product_brand-tenga","12":"first","13":"instock","14":"taxable","15":"shipping-taxable","16":"purchasable","17":"product-type-simple"},"aioseo_notices":[],"_links":{"self":[{"href":"https:\/\/www.mysexualfantasy.eu\/en\/wp-json\/wp\/v2\/product\/35933","targetHints":{"allow":["GET"]}}],"collection":[{"href":"https:\/\/www.mysexualfantasy.eu\/en\/wp-json\/wp\/v2\/product"}],"about":[{"href":"https:\/\/www.mysexualfantasy.eu\/en\/wp-json\/wp\/v2\/types\/product"}],"replies":[{"embeddable":true,"href":"https:\/\/www.mysexualfantasy.eu\/en\/wp-json\/wp\/v2\/comments?post=35933"}],"wp:featuredmedia":[{"embeddable":true,"href":"https:\/\/www.mysexualfantasy.eu\/en\/wp-json\/wp\/v2\/media\/60615"}],"wp:attachment":[{"href":"https:\/\/www.mysexualfantasy.eu\/en\/wp-json\/wp\/v2\/media?parent=35933"}],"wp:term":[{"taxonomy":"product_brand","embeddable":true,"href":"https:\/\/www.mysexualfantasy.eu\/en\/wp-json\/wp\/v2\/product_brand?post=35933"},{"taxonomy":"product_cat","embeddable":true,"href":"https:\/\/www.mysexualfantasy.eu\/en\/wp-json\/wp\/v2\/product_cat?post=35933"},{"taxonomy":"product_tag","embeddable":true,"href":"https:\/\/www.mysexualfantasy.eu\/en\/wp-json\/wp\/v2\/product_tag?post=35933"}],"curies":[{"name":"wp","href":"https:\/\/api.w.org\/{rel}","templated":true}]}}