{"id":35937,"date":"2023-01-13T13:10:40","date_gmt":"2023-01-13T13:10:40","guid":{"rendered":"https:\/\/www.mysexualfantasy.eu\/?post_type=product&#038;p=35937"},"modified":"2023-12-06T17:24:21","modified_gmt":"2023-12-06T17:24:21","slug":"beppy-preservativos-naturales-72-units","status":"publish","type":"product","link":"https:\/\/www.mysexualfantasy.eu\/en\/product\/beppy-preservativos-naturales-72-units\/","title":{"rendered":"BEPPY &#8211; PRESERVATIVOS NATURALES 72 UNITS"},"content":{"rendered":"<p>Los preservativos Beppy son condones profesionales certificados de alta calidad. Estos condones tecnol\u00f3gicamente avanzados crean una sensaci\u00f3n natural y tienen un ajuste perfecto.<\/p>\n<p>Los condones Beppy son ligeramente m\u00e1s grandes que los condones regulares y no tienen olor a l\u00e1tex desagradable. Los condones Beppy est\u00e1n hechos de l\u00e1tex de caucho natural y ofrecen una excelente protecci\u00f3n. Est\u00e1n provistos de un dep\u00f3sito y contienen un lubricante de silicona no espermicida.<\/p>\n<ul>\n<li>El paquete consta de 24 tiras de 3 condones.<\/li>\n<li>72 unidades<\/li>\n<\/ul>","protected":false},"excerpt":{"rendered":"<p>BEPPY &#8211; NATURAL CONDOMS 72 UNITS<\/p>","protected":false},"featured_media":56297,"comment_status":"open","ping_status":"closed","template":"","meta":{"_monsterinsights_skip_tracking":false,"_monsterinsights_sitenote_active":false,"_monsterinsights_sitenote_note":"","_monsterinsights_sitenote_category":0,"_joinchat":[]},"product_brand":[],"product_cat":[1460,1461,600,1459],"product_tag":[],"class_list":{"0":"post-35937","1":"product","2":"type-product","3":"status-publish","4":"has-post-thumbnail","6":"product_cat-preservativos-todos-los-tamanos-de-cajascajas-de-30-a-288","7":"product_cat-preservativos-normales","8":"product_cat-preservativos","9":"product_cat-preservativos-todos-los-tamanos-de-cajas","10":"yith_product_brand-beppy","12":"first","13":"instock","14":"taxable","15":"shipping-taxable","16":"purchasable","17":"product-type-simple"},"aioseo_notices":[],"_links":{"self":[{"href":"https:\/\/www.mysexualfantasy.eu\/en\/wp-json\/wp\/v2\/product\/35937","targetHints":{"allow":["GET"]}}],"collection":[{"href":"https:\/\/www.mysexualfantasy.eu\/en\/wp-json\/wp\/v2\/product"}],"about":[{"href":"https:\/\/www.mysexualfantasy.eu\/en\/wp-json\/wp\/v2\/types\/product"}],"replies":[{"embeddable":true,"href":"https:\/\/www.mysexualfantasy.eu\/en\/wp-json\/wp\/v2\/comments?post=35937"}],"wp:featuredmedia":[{"embeddable":true,"href":"https:\/\/www.mysexualfantasy.eu\/en\/wp-json\/wp\/v2\/media\/56297"}],"wp:attachment":[{"href":"https:\/\/www.mysexualfantasy.eu\/en\/wp-json\/wp\/v2\/media?parent=35937"}],"wp:term":[{"taxonomy":"product_brand","embeddable":true,"href":"https:\/\/www.mysexualfantasy.eu\/en\/wp-json\/wp\/v2\/product_brand?post=35937"},{"taxonomy":"product_cat","embeddable":true,"href":"https:\/\/www.mysexualfantasy.eu\/en\/wp-json\/wp\/v2\/product_cat?post=35937"},{"taxonomy":"product_tag","embeddable":true,"href":"https:\/\/www.mysexualfantasy.eu\/en\/wp-json\/wp\/v2\/product_tag?post=35937"}],"curies":[{"name":"wp","href":"https:\/\/api.w.org\/{rel}","templated":true}]}}