{"id":35939,"date":"2023-01-13T12:53:00","date_gmt":"2023-01-13T12:53:00","guid":{"rendered":"https:\/\/www.mysexualfantasy.eu\/?post_type=product&#038;p=35939"},"modified":"2023-12-06T15:11:49","modified_gmt":"2023-12-06T15:11:49","slug":"europharma-tampons-tampones-action-6-unidades","status":"publish","type":"product","link":"https:\/\/www.mysexualfantasy.eu\/en\/product\/europharma-tampons-tampones-action-6-unidades\/","title":{"rendered":"EUROPHARMA TAMPONS TAMPONES ACTION 6 UNIDADES"},"content":{"rendered":"<p>Los tampones Europharma son tampones Action, higi\u00e9nicos y f\u00e1ciles de usar, sin cord\u00f3n. Los tampones tienen un gel especial para facilitar la inserci\u00f3n. Est\u00e1n especialmente dise\u00f1ados para proporcionar comodidad y protecci\u00f3n m\u00e1xima. Con los tampones Europharma Action puedes hacer deporte (nataci\u00f3n, por ejemplo), bailar y tener relaciones sexuales con total discreci\u00f3n. El tamp\u00f3n Europharma est\u00e1 hecho de espuma de polivinilo.<\/p>\n<p>Ventajas de los tampones Europharma:<\/p>\n<ul>\n<li>Evita los olores desagradables y las p\u00e9rdidas que pueden darse durante la menstruaci\u00f3n.<\/li>\n<li>Es perfectamente apto para su uso cuando se hace deporte, durante las relaciones sexuales o cuando se baila.<\/li>\n<li>No tienen cuerdecillas, por tanto es invisible.<\/li>\n<li>Es un tamp\u00f3n h\u00famedo proporcionando una gran comodidad.<\/li>\n<li>No causa irritaciones ni sensaciones de sequedad.<\/li>\n<li>Es f\u00e1cil de usar.<\/li>\n<li>Caja de 6 tampones.<\/li>\n<\/ul>\n<p style=\"text-align: center;\"><img decoding=\"async\" alt=\"\" src=\"https:\/\/interno.dreamlove.es\/UserFiles\/images\/insert-tampon-300x273-1.png\" style=\"width: 300px; height: 273px;\" \/><\/p>","protected":false},"excerpt":{"rendered":"<p>EUROPHARMA TAMPONS ACTION TAMPONS 6 UNITS<\/p>","protected":false},"featured_media":54163,"comment_status":"open","ping_status":"closed","template":"","meta":{"_monsterinsights_skip_tracking":false,"_monsterinsights_sitenote_active":false,"_monsterinsights_sitenote_note":"","_monsterinsights_sitenote_category":0,"_joinchat":[]},"product_brand":[],"product_cat":[1240,1203,1239],"product_tag":[],"class_list":{"0":"post-35939","1":"product","2":"type-product","3":"status-publish","4":"has-post-thumbnail","6":"product_cat-articulos-varios","7":"product_cat-drogueria","8":"product_cat-drogueria-tampon-higienico","9":"yith_product_brand-europharma","11":"first","12":"instock","13":"taxable","14":"shipping-taxable","15":"purchasable","16":"product-type-simple"},"aioseo_notices":[],"_links":{"self":[{"href":"https:\/\/www.mysexualfantasy.eu\/en\/wp-json\/wp\/v2\/product\/35939","targetHints":{"allow":["GET"]}}],"collection":[{"href":"https:\/\/www.mysexualfantasy.eu\/en\/wp-json\/wp\/v2\/product"}],"about":[{"href":"https:\/\/www.mysexualfantasy.eu\/en\/wp-json\/wp\/v2\/types\/product"}],"replies":[{"embeddable":true,"href":"https:\/\/www.mysexualfantasy.eu\/en\/wp-json\/wp\/v2\/comments?post=35939"}],"wp:featuredmedia":[{"embeddable":true,"href":"https:\/\/www.mysexualfantasy.eu\/en\/wp-json\/wp\/v2\/media\/54163"}],"wp:attachment":[{"href":"https:\/\/www.mysexualfantasy.eu\/en\/wp-json\/wp\/v2\/media?parent=35939"}],"wp:term":[{"taxonomy":"product_brand","embeddable":true,"href":"https:\/\/www.mysexualfantasy.eu\/en\/wp-json\/wp\/v2\/product_brand?post=35939"},{"taxonomy":"product_cat","embeddable":true,"href":"https:\/\/www.mysexualfantasy.eu\/en\/wp-json\/wp\/v2\/product_cat?post=35939"},{"taxonomy":"product_tag","embeddable":true,"href":"https:\/\/www.mysexualfantasy.eu\/en\/wp-json\/wp\/v2\/product_tag?post=35939"}],"curies":[{"name":"wp","href":"https:\/\/api.w.org\/{rel}","templated":true}]}}