{"id":35941,"date":"2023-01-13T13:10:40","date_gmt":"2023-01-13T13:10:40","guid":{"rendered":"https:\/\/www.mysexualfantasy.eu\/?post_type=product&#038;p=35941"},"modified":"2023-12-06T17:24:22","modified_gmt":"2023-12-06T17:24:22","slug":"beppy-soft-and-comfort-3-preservativos","status":"publish","type":"product","link":"https:\/\/www.mysexualfantasy.eu\/en\/product\/beppy-soft-and-comfort-3-preservativos\/","title":{"rendered":"BEPPY &#8211; SOFT AND COMFORT 3 PRESERVATIVOS"},"content":{"rendered":"<p>Los preservativos\u00a0Beppy son condones profesionales certificados de alta calidad. Estos condones tecnol\u00f3gicamente avanzados crean una sensaci\u00f3n natural y tienen un ajuste perfecto.<\/p>\n<p>Los condones Beppy son un poco m\u00e1s grandes que los condones regulares y no tienen un olor desagradable a l\u00e1tex. Los condones Beppy est\u00e1n hechos de l\u00e1tex de caucho natural y ofrecen una excelente protecci\u00f3n. Est\u00e1n provistos de un dep\u00f3sito y contienen un lubricante de silicona no espermicida.<\/p>\n<ul>\n<li>Material: L\u00e1tex<\/li>\n<li>3 unidades<\/li>\n<\/ul>","protected":false},"excerpt":{"rendered":"<p>BEPPY &#8211; SOFT AND COMFORT 3 CONDOMS<\/p>","protected":false},"featured_media":56298,"comment_status":"open","ping_status":"closed","template":"","meta":{"_monsterinsights_skip_tracking":false,"_monsterinsights_sitenote_active":false,"_monsterinsights_sitenote_note":"","_monsterinsights_sitenote_category":0,"_joinchat":[]},"product_brand":[],"product_cat":[1463,1461,600,1459],"product_tag":[],"class_list":{"0":"post-35941","1":"product","2":"type-product","3":"status-publish","4":"has-post-thumbnail","6":"product_cat-preservativos-todos-los-tamanos-de-cajascajas-de-3","7":"product_cat-preservativos-normales","8":"product_cat-preservativos","9":"product_cat-preservativos-todos-los-tamanos-de-cajas","10":"yith_product_brand-beppy","12":"first","13":"instock","14":"taxable","15":"shipping-taxable","16":"purchasable","17":"product-type-simple"},"aioseo_notices":[],"_links":{"self":[{"href":"https:\/\/www.mysexualfantasy.eu\/en\/wp-json\/wp\/v2\/product\/35941","targetHints":{"allow":["GET"]}}],"collection":[{"href":"https:\/\/www.mysexualfantasy.eu\/en\/wp-json\/wp\/v2\/product"}],"about":[{"href":"https:\/\/www.mysexualfantasy.eu\/en\/wp-json\/wp\/v2\/types\/product"}],"replies":[{"embeddable":true,"href":"https:\/\/www.mysexualfantasy.eu\/en\/wp-json\/wp\/v2\/comments?post=35941"}],"wp:featuredmedia":[{"embeddable":true,"href":"https:\/\/www.mysexualfantasy.eu\/en\/wp-json\/wp\/v2\/media\/56298"}],"wp:attachment":[{"href":"https:\/\/www.mysexualfantasy.eu\/en\/wp-json\/wp\/v2\/media?parent=35941"}],"wp:term":[{"taxonomy":"product_brand","embeddable":true,"href":"https:\/\/www.mysexualfantasy.eu\/en\/wp-json\/wp\/v2\/product_brand?post=35941"},{"taxonomy":"product_cat","embeddable":true,"href":"https:\/\/www.mysexualfantasy.eu\/en\/wp-json\/wp\/v2\/product_cat?post=35941"},{"taxonomy":"product_tag","embeddable":true,"href":"https:\/\/www.mysexualfantasy.eu\/en\/wp-json\/wp\/v2\/product_tag?post=35941"}],"curies":[{"name":"wp","href":"https:\/\/api.w.org\/{rel}","templated":true}]}}