{"id":36033,"date":"2023-01-13T12:35:54","date_gmt":"2023-01-13T12:35:54","guid":{"rendered":"https:\/\/www.mysexualfantasy.eu\/?post_type=product&#038;p=36033"},"modified":"2023-12-06T16:20:08","modified_gmt":"2023-12-06T16:20:08","slug":"wug-gum-delay-chicle-retardante-eyaculacion-10-unidades","status":"publish","type":"product","link":"https:\/\/www.mysexualfantasy.eu\/en\/product\/wug-gum-delay-chicle-retardante-eyaculacion-10-unidades\/","title":{"rendered":"WUG SEX SENSE &#8211; DELAY CHICLE RETARDANTE EYACULACION 10 UNIDADES"},"content":{"rendered":"<p>El chicle<strong> DELAY<\/strong> incorpora ANGELICA SINENSIS, m\u00e1s conocida con \u201cGinseng Hembra\u201d que contribuye a aumentar la l\u00edbido y el riego sangu\u00edneo en la zona p\u00e9lvica.<\/p>\n<p>Tambien\u00a0\u00a0ayuda a combatir la eyaculaci\u00f3n precoz. Incluye adem\u00e1s otros principios activos que ayudan a potenciar sus efectos, como Maca, Zinc, Selenio y Vitamina B6.\u00a0<\/p>\n<ul>\n<li>Sin Lactosa\u00a0<\/li>\n<li>Sin gluten\u00a0<\/li>\n<li>Sin az\u00facares\u00a0<\/li>\n<li>Sin elementos gen\u00e9ticamente modificados\u00a0<\/li>\n<li>10 unidades<\/li>\n<li>24 gramos\u00a0<\/li>\n<\/ul>\n<p><strong>Instrucciones:\u00a0<\/strong><\/p>\n<ul>\n<li>Para conseguir los efectos deseados se recomienda la masticaci\u00f3n de 1 chicle 10 minutos antes de mantener relaciones sexuales.<\/li>\n<\/ul>\n<p>WUG GUMS, un chicle para cada momento de la vida\u00a0<\/p>\n<p><strong>SOBRE WUG GUMS\u00a0<\/strong><\/p>\n<p>En WUG, respetamos los estilos de vida y los h\u00e1bitos alimenticios de todos. A lo largo de los a\u00f1os, hemos perfeccionado nuestras f\u00f3rmulas para que puedas tener un chicle de gran sabor, hecho con ingredientes de la m\u00e1s alta calidad, que sean libres de gluten, sin lactosa, aptos para veganos y sin az\u00facares a\u00f1adidos.<\/p>\n<p>Te preguntar\u00e1s, por qu\u00e9 un chicle? Porque al masticar, los principios activos se asimilan mediante la mucosa bucal, consiguiendo un efecto instant\u00e1neo. El resto de productos convencionales: bebidas, geles, barritas, shots, etc., necesitan del proceso digestivo para su correcta asimilaci\u00f3n y esto implica un retraso de 30 \u00f3 40 minutos respecto al efecto que proporciona cualquier producto de la gama WUG.<\/p>","protected":false},"excerpt":{"rendered":"<p>WUG SEX SENSE &#8211; DELAY CUM DELAYER 10 UNITS<\/p>","protected":false},"featured_media":52053,"comment_status":"open","ping_status":"closed","template":"","meta":{"_monsterinsights_skip_tracking":false,"_monsterinsights_sitenote_active":false,"_monsterinsights_sitenote_note":"","_monsterinsights_sitenote_category":0,"_joinchat":[]},"product_brand":[],"product_cat":[1362,1355,1203,1342,1343],"product_tag":[],"class_list":{"0":"post-36033","1":"product","2":"type-product","3":"status-publish","4":"has-post-thumbnail","6":"product_cat-drogueria-complementos-alimenticioschicles-estimulantes","7":"product_cat-drogueria-complementos-alimenticios","8":"product_cat-drogueria","9":"product_cat-drogueria-estimulantes-para-ellos","10":"product_cat-drogueria-estimulantes-para-ellosretardantes","11":"yith_product_brand-wug","12":"yith_product_brand-wugwug-sex-sense","14":"first","15":"instock","16":"taxable","17":"shipping-taxable","18":"purchasable","19":"product-type-simple"},"aioseo_notices":[],"_links":{"self":[{"href":"https:\/\/www.mysexualfantasy.eu\/en\/wp-json\/wp\/v2\/product\/36033","targetHints":{"allow":["GET"]}}],"collection":[{"href":"https:\/\/www.mysexualfantasy.eu\/en\/wp-json\/wp\/v2\/product"}],"about":[{"href":"https:\/\/www.mysexualfantasy.eu\/en\/wp-json\/wp\/v2\/types\/product"}],"replies":[{"embeddable":true,"href":"https:\/\/www.mysexualfantasy.eu\/en\/wp-json\/wp\/v2\/comments?post=36033"}],"wp:featuredmedia":[{"embeddable":true,"href":"https:\/\/www.mysexualfantasy.eu\/en\/wp-json\/wp\/v2\/media\/52053"}],"wp:attachment":[{"href":"https:\/\/www.mysexualfantasy.eu\/en\/wp-json\/wp\/v2\/media?parent=36033"}],"wp:term":[{"taxonomy":"product_brand","embeddable":true,"href":"https:\/\/www.mysexualfantasy.eu\/en\/wp-json\/wp\/v2\/product_brand?post=36033"},{"taxonomy":"product_cat","embeddable":true,"href":"https:\/\/www.mysexualfantasy.eu\/en\/wp-json\/wp\/v2\/product_cat?post=36033"},{"taxonomy":"product_tag","embeddable":true,"href":"https:\/\/www.mysexualfantasy.eu\/en\/wp-json\/wp\/v2\/product_tag?post=36033"}],"curies":[{"name":"wp","href":"https:\/\/api.w.org\/{rel}","templated":true}]}}