{"id":36190,"date":"2023-01-13T12:30:26","date_gmt":"2023-01-13T12:30:26","guid":{"rendered":"https:\/\/www.mysexualfantasy.eu\/?post_type=product&#038;p=36190"},"modified":"2023-12-06T17:20:27","modified_gmt":"2023-12-06T17:20:27","slug":"calex-peek-a-boo-mini-vestido-talla-unica","status":"publish","type":"product","link":"https:\/\/www.mysexualfantasy.eu\/en\/product\/calex-peek-a-boo-mini-vestido-talla-unica\/","title":{"rendered":"CALEX PEEK-A-BOO MINI VESTIDO TALLA UNICA"},"content":{"rendered":"<p>Buscas a\u00f1adir tonos extra a tu ropa de dormir? El minivestido Scandal Peek-A-Boo es un minivestido seductor y juguet\u00f3n dise\u00f1ado para resaltar tus activos m\u00e1s sensuales. El cord\u00f3n de malla transpirable abrazar\u00e1 su cuerpo y le dar\u00e1 la confianza que necesita para comportarse o portarse mal.<\/p>\n<p>Informaci\u00f3n Adicional:<\/p>\n<ul>\n<li>Ropa de juego de cuerpo completo seductoramente sexy\u00a0<\/li>\n<li>Minivestido Peek-a-boo dise\u00f1ado para resaltar tus activos favoritos\u00a0<\/li>\n<li>Encaje de malla transpirable para un ajuste c\u00f3modo\u00a0<\/li>\n<li>Lavar a mano solamente\u00a0<\/li>\n<li>Se adapta a la mayor\u00eda de los tama\u00f1os est\u00e1ndar<\/li>\n<li>Material: 96% nailon, 4% licra<\/li>\n<\/ul>","protected":false},"excerpt":{"rendered":"<p>CALEX PEEK-A-BOO MINI DRESS ONE SIZE<\/p>","protected":false},"featured_media":50643,"comment_status":"open","ping_status":"closed","template":"","meta":{"_monsterinsights_skip_tracking":false,"_monsterinsights_sitenote_active":false,"_monsterinsights_sitenote_note":"","_monsterinsights_sitenote_category":0,"_joinchat":[]},"product_brand":[],"product_cat":[1196,1197,1199,1166,1451],"product_tag":[],"class_list":{"0":"post-36190","1":"product","2":"type-product","3":"status-publish","4":"has-post-thumbnail","6":"product_cat-moda-lencerialenceria-mujer","7":"product_cat-moda-lencerialenceria-mujerlenceria-picante","8":"product_cat-moda-lencerialenceria-mujerlenceria-sexy","9":"product_cat-moda-lenceria","10":"product_cat-moda-lencerialenceria-mujerlenceria-picantevestidos-sexys","11":"yith_product_brand-california-exotics","13":"first","14":"instock","15":"taxable","16":"shipping-taxable","17":"purchasable","18":"product-type-simple"},"aioseo_notices":[],"_links":{"self":[{"href":"https:\/\/www.mysexualfantasy.eu\/en\/wp-json\/wp\/v2\/product\/36190","targetHints":{"allow":["GET"]}}],"collection":[{"href":"https:\/\/www.mysexualfantasy.eu\/en\/wp-json\/wp\/v2\/product"}],"about":[{"href":"https:\/\/www.mysexualfantasy.eu\/en\/wp-json\/wp\/v2\/types\/product"}],"replies":[{"embeddable":true,"href":"https:\/\/www.mysexualfantasy.eu\/en\/wp-json\/wp\/v2\/comments?post=36190"}],"wp:featuredmedia":[{"embeddable":true,"href":"https:\/\/www.mysexualfantasy.eu\/en\/wp-json\/wp\/v2\/media\/50643"}],"wp:attachment":[{"href":"https:\/\/www.mysexualfantasy.eu\/en\/wp-json\/wp\/v2\/media?parent=36190"}],"wp:term":[{"taxonomy":"product_brand","embeddable":true,"href":"https:\/\/www.mysexualfantasy.eu\/en\/wp-json\/wp\/v2\/product_brand?post=36190"},{"taxonomy":"product_cat","embeddable":true,"href":"https:\/\/www.mysexualfantasy.eu\/en\/wp-json\/wp\/v2\/product_cat?post=36190"},{"taxonomy":"product_tag","embeddable":true,"href":"https:\/\/www.mysexualfantasy.eu\/en\/wp-json\/wp\/v2\/product_tag?post=36190"}],"curies":[{"name":"wp","href":"https:\/\/api.w.org\/{rel}","templated":true}]}}