{"id":36191,"date":"2023-01-13T12:11:47","date_gmt":"2023-01-13T12:11:47","guid":{"rendered":"https:\/\/www.mysexualfantasy.eu\/?post_type=product&#038;p=36191"},"modified":"2023-12-06T17:20:27","modified_gmt":"2023-12-06T17:20:27","slug":"calex-lace-body-suit-talla-plus","status":"publish","type":"product","link":"https:\/\/www.mysexualfantasy.eu\/en\/product\/calex-lace-body-suit-talla-plus\/","title":{"rendered":"CALEX LACE BODY SUIT TALLA PLUS"},"content":{"rendered":"<p>No pida atenci\u00f3n: ord\u00e9nelo, con el traje de cuerpo entero de encaje Scandal. Este body de malla est\u00e1 dise\u00f1ado teniendo en cuenta tus deseos y te permitir\u00e1 obtener cincuenta tonos de seducci\u00f3n con este body de ajuste ce\u00f1ido dise\u00f1ado para mostrar tus mejores activos.<\/p>\n<p>Informaci\u00f3n Adicional:<\/p>\n<ul>\n<li>Ropa de juego de cuerpo completo seductoramente sexy\u00a0<\/li>\n<li>Longitud completa dise\u00f1ada para resaltar sus activos favoritos\u00a0<\/li>\n<li>Totalmente sin entrepierna\u00a0<\/li>\n<li>Encaje de malla transpirable para un ajuste c\u00f3modo\u00a0<\/li>\n<li>Lavar a mano solamente\u00a0<\/li>\n<li>Se adapta a la mayor\u00eda de los tama\u00f1os est\u00e1ndar<\/li>\n<li>Material: 96% nailon, 4% licra<\/li>\n<\/ul>","protected":false},"excerpt":{"rendered":"<p>CALEX LACE BODY SUIT PLUS SIZE<\/p>","protected":false},"featured_media":47106,"comment_status":"open","ping_status":"closed","template":"","meta":{"_monsterinsights_skip_tracking":false,"_monsterinsights_sitenote_active":false,"_monsterinsights_sitenote_note":"","_monsterinsights_sitenote_category":0,"_joinchat":[]},"product_brand":[],"product_cat":[1450,1196,1197,1199,1166],"product_tag":[],"class_list":{"0":"post-36191","1":"product","2":"type-product","3":"status-publish","4":"has-post-thumbnail","6":"product_cat-moda-lencerialenceria-mujerlenceria-picantebodystocking","7":"product_cat-moda-lencerialenceria-mujer","8":"product_cat-moda-lencerialenceria-mujerlenceria-picante","9":"product_cat-moda-lencerialenceria-mujerlenceria-sexy","10":"product_cat-moda-lenceria","11":"yith_product_brand-california-exotics","13":"first","14":"instock","15":"taxable","16":"shipping-taxable","17":"purchasable","18":"product-type-simple"},"aioseo_notices":[],"_links":{"self":[{"href":"https:\/\/www.mysexualfantasy.eu\/en\/wp-json\/wp\/v2\/product\/36191","targetHints":{"allow":["GET"]}}],"collection":[{"href":"https:\/\/www.mysexualfantasy.eu\/en\/wp-json\/wp\/v2\/product"}],"about":[{"href":"https:\/\/www.mysexualfantasy.eu\/en\/wp-json\/wp\/v2\/types\/product"}],"replies":[{"embeddable":true,"href":"https:\/\/www.mysexualfantasy.eu\/en\/wp-json\/wp\/v2\/comments?post=36191"}],"wp:featuredmedia":[{"embeddable":true,"href":"https:\/\/www.mysexualfantasy.eu\/en\/wp-json\/wp\/v2\/media\/47106"}],"wp:attachment":[{"href":"https:\/\/www.mysexualfantasy.eu\/en\/wp-json\/wp\/v2\/media?parent=36191"}],"wp:term":[{"taxonomy":"product_brand","embeddable":true,"href":"https:\/\/www.mysexualfantasy.eu\/en\/wp-json\/wp\/v2\/product_brand?post=36191"},{"taxonomy":"product_cat","embeddable":true,"href":"https:\/\/www.mysexualfantasy.eu\/en\/wp-json\/wp\/v2\/product_cat?post=36191"},{"taxonomy":"product_tag","embeddable":true,"href":"https:\/\/www.mysexualfantasy.eu\/en\/wp-json\/wp\/v2\/product_tag?post=36191"}],"curies":[{"name":"wp","href":"https:\/\/api.w.org\/{rel}","templated":true}]}}