{"id":36193,"date":"2023-01-13T12:22:07","date_gmt":"2023-01-13T12:22:07","guid":{"rendered":"https:\/\/www.mysexualfantasy.eu\/?post_type=product&#038;p=36193"},"modified":"2023-12-06T17:20:29","modified_gmt":"2023-12-06T17:20:29","slug":"calex-scandal-teddy-one-size","status":"publish","type":"product","link":"https:\/\/www.mysexualfantasy.eu\/en\/product\/calex-scandal-teddy-one-size\/","title":{"rendered":"CALEX SCANDAL TEDDY ONE SIZE"},"content":{"rendered":"<p>El traje de cuerpo entero Scandal Off the Shoulder es una prenda de juego de cuerpo entero que seguramente comenzar\u00e1 la noche ardiente que deseas. Con un dise\u00f1o atrevido y sin hombros, este atuendo enmarca tu cuerpo de una manera sensual y vaporosa. Abraza tu lado salvaje con una mirada que har\u00e1 que tu pareja lo adore a tus pies.<\/p>\n<p>Informaci\u00f3n Adicional:<\/p>\n<ul>\n<li>Ropa de juego de cuerpo completo seductoramente sexy\u00a0<\/li>\n<li>Fuera del hombro, descarado dise\u00f1ado para resaltar tus activos favoritos\u00a0<\/li>\n<li>Encaje de malla transpirable para un ajuste c\u00f3modo\u00a0<\/li>\n<li>Lavar a mano solamente\u00a0<\/li>\n<li>Se adapta a la mayor\u00eda de los tama\u00f1os est\u00e1ndar<\/li>\n<li>Material: 96% nailon, 4% licra<\/li>\n<\/ul>","protected":false},"excerpt":{"rendered":"<p>CALEX SCANDAL SHOULDER BODY SUIT ONE SIZE<\/p>","protected":false},"featured_media":49753,"comment_status":"open","ping_status":"closed","template":"","meta":{"_monsterinsights_skip_tracking":false,"_monsterinsights_sitenote_active":false,"_monsterinsights_sitenote_note":"","_monsterinsights_sitenote_category":0,"_joinchat":[]},"product_brand":[],"product_cat":[1287,1450,1196,1197,1199,1166],"product_tag":[],"class_list":{"0":"post-36193","1":"product","2":"type-product","3":"status-publish","4":"has-post-thumbnail","6":"product_cat-moda-lencerialenceria-mujerlenceria-sexybodys","7":"product_cat-moda-lencerialenceria-mujerlenceria-picantebodystocking","8":"product_cat-moda-lencerialenceria-mujer","9":"product_cat-moda-lencerialenceria-mujerlenceria-picante","10":"product_cat-moda-lencerialenceria-mujerlenceria-sexy","11":"product_cat-moda-lenceria","12":"yith_product_brand-california-exotics","14":"first","15":"instock","16":"taxable","17":"shipping-taxable","18":"purchasable","19":"product-type-simple"},"aioseo_notices":[],"_links":{"self":[{"href":"https:\/\/www.mysexualfantasy.eu\/en\/wp-json\/wp\/v2\/product\/36193","targetHints":{"allow":["GET"]}}],"collection":[{"href":"https:\/\/www.mysexualfantasy.eu\/en\/wp-json\/wp\/v2\/product"}],"about":[{"href":"https:\/\/www.mysexualfantasy.eu\/en\/wp-json\/wp\/v2\/types\/product"}],"replies":[{"embeddable":true,"href":"https:\/\/www.mysexualfantasy.eu\/en\/wp-json\/wp\/v2\/comments?post=36193"}],"wp:featuredmedia":[{"embeddable":true,"href":"https:\/\/www.mysexualfantasy.eu\/en\/wp-json\/wp\/v2\/media\/49753"}],"wp:attachment":[{"href":"https:\/\/www.mysexualfantasy.eu\/en\/wp-json\/wp\/v2\/media?parent=36193"}],"wp:term":[{"taxonomy":"product_brand","embeddable":true,"href":"https:\/\/www.mysexualfantasy.eu\/en\/wp-json\/wp\/v2\/product_brand?post=36193"},{"taxonomy":"product_cat","embeddable":true,"href":"https:\/\/www.mysexualfantasy.eu\/en\/wp-json\/wp\/v2\/product_cat?post=36193"},{"taxonomy":"product_tag","embeddable":true,"href":"https:\/\/www.mysexualfantasy.eu\/en\/wp-json\/wp\/v2\/product_tag?post=36193"}],"curies":[{"name":"wp","href":"https:\/\/api.w.org\/{rel}","templated":true}]}}