{"id":3651,"date":"2023-01-13T12:53:18","date_gmt":"2023-01-13T12:53:18","guid":{"rendered":"https:\/\/www.mysexualfantasy.eu\/?post_type=product&#038;p=3651"},"modified":"2023-12-06T16:18:27","modified_gmt":"2023-12-06T16:18:27","slug":"bijoux-poeme-pintura-comestible-chocolate-negro-50gr","status":"publish","type":"product","link":"https:\/\/www.mysexualfantasy.eu\/en\/product\/bijoux-poeme-pintura-comestible-chocolate-negro-50gr\/","title":{"rendered":"BIJOUX POEME PINTURA COMESTIBLE CHOCOLATE NEGRO 50GR (PROMO 2X1)"},"content":{"rendered":"<p>Escribe en su piel lo que siempre quisiste decirle y nunca te atreviste. \u00a1Saborea con besos, disfruta con los cinco sentidos! D\u00e9jate seducir por su textura fundente, su irresistible aroma y su afrodisiaco sabor a chocolate negro. Contenido: Pintura corporal comestible con sabor a chocolate negro y pluma natural con punta de silicona (50 g\/ 1,8 Oz).<\/p>\n<ul>\n<li>\u00a0\u00a1Incita al juego! Convierte el cuerpo de tu pareja en un lienzo donde escribir palabras de amor.Borralas con besos<\/li>\n<li>\u00a0 \u00a1Saborea la pasi\u00f3n!<\/li>\n<li>\u00a0A qu\u00e9 sabe el amor? \u00a1T\u00fa eliges! Po\u00eame est\u00e1 disponible en cinco deliciosos sabores: chocolate, fresa, cereza,<\/li>\n<li>\u00a0Caramelo y doughnut.<\/li>\n<li>\u00a0Garant\u00eda de calidad. Se trata de comida deliciosa, no de un cosm\u00e9tico.<\/li>\n<li>\u00a0\u00d3ptima conservaci\u00f3n gracias a su tarro de cristal.<\/li>\n<li>-\u00a1Arte er\u00f3tico! Un artista necesita los instrumentos adecuados: una pluma de silicona que facilita la escritura y un<\/li>\n<li>\u00a0 Recipiente inspirado en los antiguos tarros de caligraf\u00eda.<\/li>\n<li>\u00a0 Sin lactosa y sin gluten. Recuerda que s\u00ed contiene az\u00facares. \u00a0<\/li>\n<li>\u00a0 NO es compatible con las zonas \u00edntimas.<\/li>\n<li>\u00a0 \u00a1Placer para los sentidos! Combina a Po\u00eame con un antifaz para que tus sensaciones se intensifiquen.<\/li>\n<li>\u00a0 \u00a0El regalo perfecto. Un packaging irresistible que crea una atm\u00f3sfera de intimidad perfecta para tus encuentros. \u00a0<\/li>\n<li>\u00a0 \u00a0Condiciones de almacenamiento: conservar en el envase original cerrado, en un sitio seco a temperatura ambiente \u00a0<\/li>\n<\/ul>\n<p>\u00a0 \u00a0 \u00a0 (m\u00e1x 25C). Al\u00e9jalo de fuentes de calor y a la exposici\u00f3n de la luz<\/p>","protected":false},"excerpt":{"rendered":"<p>BIJOUX POEME BODY PAINTING DARK CHOCOLATE (PROMO 2X1)<\/p>","protected":false},"featured_media":54200,"comment_status":"open","ping_status":"closed","template":"","meta":{"_monsterinsights_skip_tracking":false,"_monsterinsights_sitenote_active":false,"_monsterinsights_sitenote_note":"","_monsterinsights_sitenote_category":0,"_joinchat":[]},"product_brand":[],"product_cat":[1203,148,1337],"product_tag":[],"class_list":{"0":"post-3651","1":"product","2":"type-product","3":"status-publish","4":"has-post-thumbnail","6":"product_cat-drogueria","7":"product_cat-ofertas","8":"product_cat-drogueria-pintura-corporal-comestible","9":"yith_product_brand-bijoux-indiscrets","10":"yith_product_brand-bijoux-indiscretsbijoux-poeme-body-painting","12":"first","13":"instock","14":"taxable","15":"shipping-taxable","16":"purchasable","17":"product-type-simple"},"aioseo_notices":[],"_links":{"self":[{"href":"https:\/\/www.mysexualfantasy.eu\/en\/wp-json\/wp\/v2\/product\/3651","targetHints":{"allow":["GET"]}}],"collection":[{"href":"https:\/\/www.mysexualfantasy.eu\/en\/wp-json\/wp\/v2\/product"}],"about":[{"href":"https:\/\/www.mysexualfantasy.eu\/en\/wp-json\/wp\/v2\/types\/product"}],"replies":[{"embeddable":true,"href":"https:\/\/www.mysexualfantasy.eu\/en\/wp-json\/wp\/v2\/comments?post=3651"}],"wp:featuredmedia":[{"embeddable":true,"href":"https:\/\/www.mysexualfantasy.eu\/en\/wp-json\/wp\/v2\/media\/54200"}],"wp:attachment":[{"href":"https:\/\/www.mysexualfantasy.eu\/en\/wp-json\/wp\/v2\/media?parent=3651"}],"wp:term":[{"taxonomy":"product_brand","embeddable":true,"href":"https:\/\/www.mysexualfantasy.eu\/en\/wp-json\/wp\/v2\/product_brand?post=3651"},{"taxonomy":"product_cat","embeddable":true,"href":"https:\/\/www.mysexualfantasy.eu\/en\/wp-json\/wp\/v2\/product_cat?post=3651"},{"taxonomy":"product_tag","embeddable":true,"href":"https:\/\/www.mysexualfantasy.eu\/en\/wp-json\/wp\/v2\/product_tag?post=3651"}],"curies":[{"name":"wp","href":"https:\/\/api.w.org\/{rel}","templated":true}]}}