{"id":36660,"date":"2023-01-13T14:55:22","date_gmt":"2023-01-13T14:55:22","guid":{"rendered":"https:\/\/www.mysexualfantasy.eu\/?post_type=product&#038;p=36660"},"modified":"2023-12-06T15:53:37","modified_gmt":"2023-12-06T15:53:37","slug":"satisfyer-plug-ilicious-2-plug-vibrador-berry","status":"publish","type":"product","link":"https:\/\/www.mysexualfantasy.eu\/en\/product\/satisfyer-plug-ilicious-2-plug-vibrador-berry\/","title":{"rendered":"SATISFYER PLUG ILICIOUS 2 PLUG VIBRADOR &#8211; BERRY"},"content":{"rendered":"<p>Gracias a su forma c\u00f3nica y punta redondeada, el Plug-ilicious 2 golpea el punto P con precisi\u00f3n, estimul\u00e1ndolo con vibraciones de 2 motores. El maravilloso dise\u00f1o se completa con una base ancha, material de silicona suave y control de aplicaciones.<\/p>\n<p><strong>Informaci\u00f3n del producto \u00abPlug-ilicious 2\u00bb<\/strong><\/p>\n<ul>\n<li>Gracias a su forma c\u00f3nica y punta redondeada, el Plug-ilicious 2 golpea el punto P con precisi\u00f3n, estimul\u00e1ndolo con vibraciones de 2 motores. El maravilloso dise\u00f1o se completa con una base ancha, material de silicona suave y control de aplicaciones.<\/li>\n<li>Compatible con la aplicaci\u00f3n gratuita Satisfyer &#8211; Disponible en iOS y Android<\/li>\n<li>Los 2 motores se pueden controlar por separado, lo que permite numerosas opciones de combinaci\u00f3n de vibraciones<\/li>\n<li>Apto para todos los g\u00e9neros<\/li>\n<li>15 a\u00f1os de garant\u00eda<\/li>\n<li>Tambi\u00e9n se puede utilizar sin la aplicaci\u00f3n<\/li>\n<li>Vibraci\u00f3n profunda s\u00faper fuerte<\/li>\n<li>Los programas preestablecidos se pueden editar<\/li>\n<li>Silicona amigable con el cuerpo<\/li>\n<li>La aplicaci\u00f3n ofrece una gama interminable de programas<\/li>\n<li>Impermeable (IPX7)<\/li>\n<li>Modo Susurro<\/li>\n<li>Bater\u00eda recargable de iones de litio<\/li>\n<li>Cable de carga USB magn\u00e9tico incluido<\/li>\n<li>F\u00e1cil de limpiar<\/li>\n<\/ul>\n<p><strong>Satisfyer Plug-ilicious 2: Tap\u00f3n vibratorio para hombres y mujeres<\/strong><\/p>\n<p>\u00a1Disfruta del \u00e9xtasis sensual con el Satisfyer Plug-ilicious 2! El vibrador anal para hombres y mujeres tiene una forma c\u00f3nica y una punta aplanada, que llena agradablemente tu espalda, estimul\u00e1ndote con vibraciones intensas. Los programas de vibraci\u00f3n se pueden controlar tanto a trav\u00e9s del panel de control integrado como a trav\u00e9s de la aplicaci\u00f3n Satisfyer Connect. Hay mucho que descubrir con la aplicaci\u00f3n gratuita: adem\u00e1s de crear tus propios patrones de vibraci\u00f3n, tambi\u00e9n puedes intercambiar informaci\u00f3n con otros usuarios o disfrutar de llamadas de video y audio con tu pareja. La aplicaci\u00f3n Satisfyer Connect est\u00e1 disponible para Android, iOS y Apple Watches.<\/p>\n<p><strong>Qu\u00e9 otras excelentes caracter\u00edsticas tiene el vibrador anal controlado por aplicaciones?<\/strong><\/p>\n<p>El Satisfyer Plug-ilicious 2 est\u00e1 hecho de silicona suave y amigable con el cuerpo y es f\u00e1cil de insertar gracias a su superficie lisa. La amplia base tambi\u00e9n funciona como un asa y garantiza un juego seguro. Para una experiencia fluida, recomendamos el uso adicional de lubricante: los lubricantes Satisfyer est\u00e1n disponibles en diferentes variantes y son ideales para el material del tap\u00f3n de gl\u00fateos. El Plug-ilicious 2 tambi\u00e9n es resistente al agua (IPX7), lo que lo convierte no solo en el compa\u00f1ero ideal para jugar en la ducha, sino tambi\u00e9n en f\u00e1cil de limpiar con agua tibia y jab\u00f3n suave. Si su dispositivo alguna vez se queda sin vapor, puede recargar las bater\u00edas integradas con el cable de carga USB incluido.<\/p>","protected":false},"excerpt":{"rendered":"<p>SATISFYER PLUG ILICIOUS 2 PLUG VIBRATOR &#8211; BERRY<\/p>","protected":false},"featured_media":72550,"comment_status":"open","ping_status":"closed","template":"","meta":{"_monsterinsights_skip_tracking":false,"_monsterinsights_sitenote_active":false,"_monsterinsights_sitenote_note":"","_monsterinsights_sitenote_category":0,"_joinchat":[]},"product_brand":[],"product_cat":[1193,1162,1152,1189,1153,1305,1275,1154,1192],"product_tag":[],"class_list":{"0":"post-36660","1":"product","2":"type-product","3":"status-publish","4":"has-post-thumbnail","6":"product_cat-juguetes-bienestar-vibradores100-sumergible","7":"product_cat-juguetes-bienestar-anal","8":"product_cat-juguetes-bienestar","9":"product_cat-juguetes-bienestar-analplugs-anales","10":"product_cat-juguetes-bienestar-vibradores","11":"product_cat-juguetes-bienestar-analvibradores-anales","12":"product_cat-juguetes-bienestar-vibradoresvibradores-con-app","13":"product_cat-juguetes-bienestar-vibradoresvibradores-control-remoto","14":"product_cat-juguetes-bienestar-vibradoresvibradores-hi-tech","15":"yith_product_brand-satisfyer","16":"yith_product_brand-satisfyer-satisfyer-connect","18":"first","19":"instock","20":"taxable","21":"shipping-taxable","22":"purchasable","23":"product-type-simple"},"aioseo_notices":[],"_links":{"self":[{"href":"https:\/\/www.mysexualfantasy.eu\/en\/wp-json\/wp\/v2\/product\/36660","targetHints":{"allow":["GET"]}}],"collection":[{"href":"https:\/\/www.mysexualfantasy.eu\/en\/wp-json\/wp\/v2\/product"}],"about":[{"href":"https:\/\/www.mysexualfantasy.eu\/en\/wp-json\/wp\/v2\/types\/product"}],"replies":[{"embeddable":true,"href":"https:\/\/www.mysexualfantasy.eu\/en\/wp-json\/wp\/v2\/comments?post=36660"}],"wp:featuredmedia":[{"embeddable":true,"href":"https:\/\/www.mysexualfantasy.eu\/en\/wp-json\/wp\/v2\/media\/72550"}],"wp:attachment":[{"href":"https:\/\/www.mysexualfantasy.eu\/en\/wp-json\/wp\/v2\/media?parent=36660"}],"wp:term":[{"taxonomy":"product_brand","embeddable":true,"href":"https:\/\/www.mysexualfantasy.eu\/en\/wp-json\/wp\/v2\/product_brand?post=36660"},{"taxonomy":"product_cat","embeddable":true,"href":"https:\/\/www.mysexualfantasy.eu\/en\/wp-json\/wp\/v2\/product_cat?post=36660"},{"taxonomy":"product_tag","embeddable":true,"href":"https:\/\/www.mysexualfantasy.eu\/en\/wp-json\/wp\/v2\/product_tag?post=36660"}],"curies":[{"name":"wp","href":"https:\/\/api.w.org\/{rel}","templated":true}]}}