{"id":36667,"date":"2023-01-30T17:35:54","date_gmt":"2023-01-30T17:35:54","guid":{"rendered":"https:\/\/www.mysexualfantasy.eu\/?post_type=product&#038;p=36667"},"modified":"2023-12-06T17:20:47","modified_gmt":"2023-12-06T17:20:47","slug":"queen-lingerie-bodystocking-con-abertura-y-encaje-floral-s-l","status":"publish","type":"product","link":"https:\/\/www.mysexualfantasy.eu\/en\/product\/queen-lingerie-bodystocking-con-abertura-y-encaje-floral-s-l\/","title":{"rendered":"QUEEN LINGERIE BODYSTOCKING CON ABERTURA Y ENCAJE FLORAL S-L"},"content":{"rendered":"<p>Una reina debe vestir como una reina y para que puedas vivir noches de gloria de forma sexy, aqu\u00ed tienes esta fabulosa pieza de lencer\u00eda\u00a0\u00fanica. Un estilo seductor que\u00a0te convierte en pura seducci\u00f3n. La marca Queen Lingerie significa un nuevo estilo de seducci\u00f3n y pasi\u00f3n para momentos inolvidables<\/p>\n<p>Caracter\u00edsticas:\u00a0<\/p>\n<ul>\n<li>Sensual bodystocking\u00a0<\/li>\n<li>Sexys transparencias y encajes.\u00a0No\u00a0da lugar a la imaginaci\u00f3n<\/li>\n<li>Entrepierna abierta\u00a0<\/li>\n<li>Encaje floral\u00a0<\/li>\n<li>Genial dise\u00f1o\u00a0<\/li>\n<li>Material el\u00e1stico<\/li>\n<li>Presentaci\u00f3n en caja<\/li>\n<li>Composici\u00f3n: 88% nylon \/ 12% spandex\u00a0<\/li>\n<li>Talla: S-L<\/li>\n<\/ul>\n<p>Los mejores dise\u00f1os, elegancia y sensualidad con Queen Lingerie \u00a1Te sentir\u00e1s como la reina que\u00a0eres!<\/p>\n<p style=\"text-align: center;\"><img decoding=\"async\" alt=\"\" src=\"https:\/\/interno.dreamlove.es\/UserFiles\/images\/QUEEN%20SIZE%20BODYSTOCKING.jpg\" style=\"width: 802px; height: 399px;\" \/><\/p>","protected":false},"excerpt":{"rendered":"<p>QUEEN LINGERIE LACE AND FISHNET TURTLENECK BODYSTOCKING S-L<\/p>","protected":false},"featured_media":73451,"comment_status":"open","ping_status":"closed","template":"","meta":{"_monsterinsights_skip_tracking":false,"_monsterinsights_sitenote_active":false,"_monsterinsights_sitenote_note":"","_monsterinsights_sitenote_category":0,"_joinchat":[]},"product_brand":[],"product_cat":[1450,1196,1197,1166],"product_tag":[],"class_list":{"0":"post-36667","1":"product","2":"type-product","3":"status-publish","4":"has-post-thumbnail","6":"product_cat-moda-lencerialenceria-mujerlenceria-picantebodystocking","7":"product_cat-moda-lencerialenceria-mujer","8":"product_cat-moda-lencerialenceria-mujerlenceria-picante","9":"product_cat-moda-lenceria","10":"yith_product_brand-queen-lingerie","12":"first","13":"instock","14":"taxable","15":"shipping-taxable","16":"purchasable","17":"product-type-simple"},"aioseo_notices":[],"_links":{"self":[{"href":"https:\/\/www.mysexualfantasy.eu\/en\/wp-json\/wp\/v2\/product\/36667","targetHints":{"allow":["GET"]}}],"collection":[{"href":"https:\/\/www.mysexualfantasy.eu\/en\/wp-json\/wp\/v2\/product"}],"about":[{"href":"https:\/\/www.mysexualfantasy.eu\/en\/wp-json\/wp\/v2\/types\/product"}],"replies":[{"embeddable":true,"href":"https:\/\/www.mysexualfantasy.eu\/en\/wp-json\/wp\/v2\/comments?post=36667"}],"wp:featuredmedia":[{"embeddable":true,"href":"https:\/\/www.mysexualfantasy.eu\/en\/wp-json\/wp\/v2\/media\/73451"}],"wp:attachment":[{"href":"https:\/\/www.mysexualfantasy.eu\/en\/wp-json\/wp\/v2\/media?parent=36667"}],"wp:term":[{"taxonomy":"product_brand","embeddable":true,"href":"https:\/\/www.mysexualfantasy.eu\/en\/wp-json\/wp\/v2\/product_brand?post=36667"},{"taxonomy":"product_cat","embeddable":true,"href":"https:\/\/www.mysexualfantasy.eu\/en\/wp-json\/wp\/v2\/product_cat?post=36667"},{"taxonomy":"product_tag","embeddable":true,"href":"https:\/\/www.mysexualfantasy.eu\/en\/wp-json\/wp\/v2\/product_tag?post=36667"}],"curies":[{"name":"wp","href":"https:\/\/api.w.org\/{rel}","templated":true}]}}